{"id":709931,"date":"2024-04-05T11:58:46","date_gmt":"2024-04-05T11:58:46","guid":{"rendered":"https:\/\/neuvee.com\/?post_type=product&#038;p=709931"},"modified":"2025-05-19T13:57:21","modified_gmt":"2025-05-19T13:57:21","slug":"monuments-renovator","status":"publish","type":"product","link":"https:\/\/neuvee.com\/pl\/product\/monuments-renovator\/","title":{"rendered":"MONUMENTS RENOVATOR"},"content":{"rendered":"<p>ZOSTA\u0143 KONSERWATOREM ZABYTK\u00d3W<\/p>\n<p>Monuments Renovator to gra, w kt\u00f3rej wcielasz si\u0119 w rol\u0119 profesjonalnego konserwatora zabytk\u00f3w. Wybierasz spo\u015br\u00f3d najwspanialszych zabytk\u00f3w \u015bwiata, przywracasz im dawn\u0105 \u015bwietno\u015b\u0107 oraz&nbsp;poznajesz histori\u0119 i&nbsp;architektur\u0119.<\/p>\n<p>OD RUIN DO \u015aWIETNO\u015aCI<\/p>\n<p>Organizujesz, wype\u0142niasz i&nbsp;malujesz. Odbudowujesz zawalone \u015bciany i&nbsp;odnawiasz stare freski. Zr\u00f3b wszystko, aby przywr\u00f3ci\u0107 pomnik do czas\u00f3w \u015bwietno\u015bci.<\/p>\n<p>KORZYSTAJ Z NARZ\u0118DZI<\/p>\n<p>Popraw swoje umiej\u0119tno\u015bci w pos\u0142ugiwaniu si\u0119 r\u00f3\u017cnymi narz\u0119dziami, korzystaj z&nbsp;r\u00f3\u017cnych materia\u0142\u00f3w, a&nbsp;renowacja stanie si\u0119 skuteczniejsza i&nbsp;przyjemniejsza.<\/p>\n<p>B\u0104D\u0179 DOK\u0141ADNY<\/p>\n<p>Dbaj o&nbsp;szczeg\u00f3\u0142y podczas pracy. Sprawd\u017a plany pod k\u0105tem poprawno\u015bci wykonanej pracy i&nbsp;upewnij si\u0119, \u017ce remont przebiega zgodnie z&nbsp;projektem.<\/p>\n<p>WYPOSA\u017bENIE WN\u0118TRZ<\/p>\n<p>Ostatni etap to wyposa\u017cenie wn\u0119trz. Spraw, aby s\u0142ynny budynek r\u00f3wnie\u017c funkcjonowa\u0142.<\/p>\n<p>KOLEJNE WYZWANIE<\/p>\n<p>Gotowy na kolejne wyzwanie? Kolejne wielkie pomniki ju\u017c czekaj\u0105 na Twoj\u0105 pomoc.<\/p>\n<p><\/p>","protected":false},"excerpt":{"rendered":"<p>ZOSTA\u0143 KONSERWATOREM ZABYTK\u00d3W Monuments Renovator to gra, w kt\u00f3rej wcielasz si\u0119 w rol\u0119 profesjonalnego konserwatora zabytk\u00f3w. Wybierasz spo\u015br\u00f3d najwspanialszych zabytk\u00f3w \u015bwiata, przywracasz im dawn\u0105 \u015bwietno\u015b\u0107 oraz&nbsp;poznajesz histori\u0119 i&nbsp;architektur\u0119. OD RUIN DO \u015aWIETNO\u015aCI Organizujesz, wype\u0142niasz i&nbsp;malujesz. Odbudowujesz zawalone \u015bciany i&nbsp;odnawiasz stare freski. Zr\u00f3b wszystko, aby przywr\u00f3ci\u0107 pomnik do czas\u00f3w \u015bwietno\u015bci. KORZYSTAJ Z NARZ\u0118DZI Popraw swoje umiej\u0119tno\u015bci [&hellip;]<\/p>\n","protected":false},"featured_media":710504,"comment_status":"closed","ping_status":"closed","template":"","meta":{"ub_ctt_via":""},"product_cat":[223,221,78],"product_tag":[218],"class_list":["post-709931","product","type-product","status-publish","has-post-thumbnail","hentry","product_cat-casual","product_cat-indie","product_cat-simulation","product_tag-games","platform-steam-works"],"_links":{"self":[{"href":"https:\/\/neuvee.com\/pl\/wp-json\/wp\/v2\/product\/709931","targetHints":{"allow":["GET"]}}],"collection":[{"href":"https:\/\/neuvee.com\/pl\/wp-json\/wp\/v2\/product"}],"about":[{"href":"https:\/\/neuvee.com\/pl\/wp-json\/wp\/v2\/types\/product"}],"replies":[{"embeddable":true,"href":"https:\/\/neuvee.com\/pl\/wp-json\/wp\/v2\/comments?post=709931"}],"wp:featuredmedia":[{"embeddable":true,"href":"https:\/\/neuvee.com\/pl\/wp-json\/wp\/v2\/media\/710504"}],"wp:attachment":[{"href":"https:\/\/neuvee.com\/pl\/wp-json\/wp\/v2\/media?parent=709931"}],"wp:term":[{"taxonomy":"product_cat","embeddable":true,"href":"https:\/\/neuvee.com\/pl\/wp-json\/wp\/v2\/product_cat?post=709931"},{"taxonomy":"product_tag","embeddable":true,"href":"https:\/\/neuvee.com\/pl\/wp-json\/wp\/v2\/product_tag?post=709931"}],"curies":[{"name":"wp","href":"https:\/\/api.w.org\/{rel}","templated":true}]}}