{"id":709521,"date":"2024-04-05T11:32:52","date_gmt":"2024-04-05T11:32:52","guid":{"rendered":"https:\/\/neuvee.com\/?post_type=product&#038;p=709521"},"modified":"2025-05-19T14:16:52","modified_gmt":"2025-05-19T14:16:52","slug":"mafia-iii-definitive-edition-mac-4","status":"publish","type":"product","link":"https:\/\/neuvee.com\/pl\/product\/mafia-iii-definitive-edition-mac-4\/","title":{"rendered":"MAFIA III: DEFINITIVE EDITION [MAC]"},"content":{"rendered":"<p>Cz\u0119\u015b\u0107 trzecia sagi przest\u0119pczej Mafia \u2013 rok 1968, Nowe Bordeaux. Po latach walk w Wietnamie Lincoln Clay zna ju\u017c prawd\u0119 \u2013 rodzina to nie ci, z&nbsp;kt\u00f3rymi si\u0119 rodzimy, ale ci, dla kt\u00f3rych umieramy. Gdy jego zast\u0119pcza rodzina zostaje zabita przez w\u0142osk\u0105 mafi\u0119, Lincoln tworzy now\u0105 i&nbsp;wypala \u015bcie\u017ck\u0119 zemsty w\u015br\u00f3d mafios\u00f3w.<\/p>\n<p>*NOWE BORDEAUX: *<br \/>\nOgromny \u015bwiat, kontrolowany przez mafi\u0119, pe\u0142en obraz\u00f3w i&nbsp;d\u017awi\u0119k\u00f3w z&nbsp;minionej epoki.<\/p>\n<p>*ZAB\u00d3JCZY ANTYBOHATER: *<br \/>\nWciel si\u0119 w Lincolna Claya, sierot\u0119 i&nbsp;weterana z&nbsp;Wietnamu, kt\u00f3ry chce si\u0119 zem\u015bci\u0107 za \u015bmier\u0107 przybranej rodziny.<\/p>\n<p>*ZEM\u015aCIJ SI\u0118 NA SW\u00d3J SPOS\u00d3B: *<br \/>\nWybierz styl gry \u2013 brutaln\u0105 si\u0142\u0119 i&nbsp;ataki frontalne albo&nbsp;ataki z&nbsp;ukrycia.<\/p>\n<p>*NOWA RODZINA NA POPIO\u0141ACH STAREJ: *<br \/>\nZbuduj przest\u0119pcze imperium i&nbsp;zdecyduj, kt\u00f3rych porucznik\u00f3w nagrodzi\u0107, a&nbsp;kt\u00f3rych zdradzi\u0107.<\/p>\n<p>Zdob\u0105d\u017a Mafi\u0119 III: Edycj\u0119 Ostateczn\u0105, aby odblokowa\u0107 kurtk\u0119 wojskow\u0105 i&nbsp;samoch\u00f3d Lincolna w Edycjach Ostatecznych Mafii i&nbsp;Mafii II.<\/p>\n<p><\/p>","protected":false},"excerpt":{"rendered":"<p>Cz\u0119\u015b\u0107 trzecia sagi przest\u0119pczej Mafia \u2013 rok 1968, Nowe Bordeaux. Po latach walk w Wietnamie Lincoln Clay zna ju\u017c prawd\u0119 \u2013 rodzina to nie ci, z&nbsp;kt\u00f3rymi si\u0119 rodzimy, ale ci, dla kt\u00f3rych umieramy. Gdy jego zast\u0119pcza rodzina zostaje zabita przez w\u0142osk\u0105 mafi\u0119, Lincoln tworzy now\u0105 i&nbsp;wypala \u015bcie\u017ck\u0119 zemsty w\u015br\u00f3d mafios\u00f3w. *NOWE BORDEAUX: * Ogromny \u015bwiat, [&hellip;]<\/p>\n","protected":false},"featured_media":709951,"comment_status":"closed","ping_status":"closed","template":"","meta":{"ub_ctt_via":""},"product_cat":[88,127],"product_tag":[218],"class_list":["post-709521","product","type-product","status-publish","has-post-thumbnail","hentry","product_cat-action","product_cat-adventure","product_tag-games","platform-steam-works-mac"],"_links":{"self":[{"href":"https:\/\/neuvee.com\/pl\/wp-json\/wp\/v2\/product\/709521","targetHints":{"allow":["GET"]}}],"collection":[{"href":"https:\/\/neuvee.com\/pl\/wp-json\/wp\/v2\/product"}],"about":[{"href":"https:\/\/neuvee.com\/pl\/wp-json\/wp\/v2\/types\/product"}],"replies":[{"embeddable":true,"href":"https:\/\/neuvee.com\/pl\/wp-json\/wp\/v2\/comments?post=709521"}],"wp:featuredmedia":[{"embeddable":true,"href":"https:\/\/neuvee.com\/pl\/wp-json\/wp\/v2\/media\/709951"}],"wp:attachment":[{"href":"https:\/\/neuvee.com\/pl\/wp-json\/wp\/v2\/media?parent=709521"}],"wp:term":[{"taxonomy":"product_cat","embeddable":true,"href":"https:\/\/neuvee.com\/pl\/wp-json\/wp\/v2\/product_cat?post=709521"},{"taxonomy":"product_tag","embeddable":true,"href":"https:\/\/neuvee.com\/pl\/wp-json\/wp\/v2\/product_tag?post=709521"}],"curies":[{"name":"wp","href":"https:\/\/api.w.org\/{rel}","templated":true}]}}