{"id":709481,"date":"2024-04-05T11:24:41","date_gmt":"2024-04-05T11:24:41","guid":{"rendered":"https:\/\/neuvee.com\/?post_type=product&#038;p=709481"},"modified":"2025-05-19T13:27:52","modified_gmt":"2025-05-19T13:27:52","slug":"insomnia-the-ark","status":"publish","type":"product","link":"https:\/\/neuvee.com\/pl\/product\/insomnia-the-ark\/","title":{"rendered":"INSOMNIA: THE ARK"},"content":{"rendered":"<p>Budzisz si\u0119 na Object 6, retrofuturystycznej stacji kosmicznej odbywaj\u0105cej 400-letni\u0105 podr\u00f3\u017c w poszukiwaniu nowego domu. Cierpisz na rzadk\u0105 chorob\u0119 psychiczn\u0105 i&nbsp;musisz odkry\u0107 makabryczne tajemnice oraz&nbsp;pozna\u0107 prawd\u0119 stoj\u0105c\u0105 za w\u0119dr\u00f3wk\u0105 przedstawicieli ludzko\u015bci w kierunku mitycznego Punktu Ewakuacyjnego.<\/p>\n<p>Eksploracja jest op\u0142acalna&#8230; i&nbsp;niebezpieczna. Wyrusz na poszukiwania cennych technologii i&nbsp;zasob\u00f3w, kt\u00f3re zawiera stacja Object 6. Zachowaj czujno\u015b\u0107 \u2013 rozbudowany \u015bwiat INSOMNII kryje w sobie niespodziewane misje od zdradzieckich indywidu\u00f3w, a&nbsp;tak\u017ce okrutnych wrog\u00f3w i&nbsp;\u015bmierciono\u015bne zagro\u017cenia. Podczas tej wyprawy g\u0142\u00f3d, pragnienie, wyczerpanie i&nbsp;wrogie otoczenie stan\u0105 si\u0119 twoimi nieod\u0142\u0105cznymi towarzyszami.<\/p>\n<p>Wyprawa skrojona do twoich potrzeb<br \/>\nZrzu\u0107 okowy klas postaci i&nbsp;wymuszonego zdobywania poziom\u00f3w, korzystaj\u0105c z&nbsp;elastycznego systemu atut\u00f3w po\u0142\u0105czonego z&nbsp;astronomiczn\u0105 liczb\u0105 mo\u017cliwych do wykonania przedmiot\u00f3w i&nbsp;element\u00f3w wyposa\u017cenia. Ka\u017cdy odnajdzie sw\u00f3j unikalny styl rozgrywki.<\/p>\n<p>Twoje wybory maj\u0105 znaczenie<br \/>\nINSOMNIA oferuje z\u0142o\u017con\u0105 i&nbsp;nielinearn\u0105 fabu\u0142\u0119 z&nbsp;punktami, po kt\u00f3rych osi\u0105gni\u0119ciu nie ma odwrotu. Poruszaj si\u0119 w systemie trudnych relacji z&nbsp;postaciami i&nbsp;frakcjami, podejmuj\u0105c nie\u0142atwe decyzje maj\u0105ce wp\u0142yw na \u015bwiat rozgrywki. Ka\u017cdy powa\u017cny problem mo\u017cna rozwi\u0105za\u0107 na wiele r\u00f3\u017cnych (i czasem nieoczekiwanych) sposob\u00f3w.<\/p>\n<p>Strategiczna walka w czasie rzeczywistym<br \/>\nINSOMNIA zapewnia mo\u017cliwo\u015b\u0107 walki zar\u00f3wno w zwarciu, jak i&nbsp;na dystans, oddaj\u0105c do dyspozycji graczy obiekty, za kt\u00f3rymi mo\u017cna si\u0119 schroni\u0107 i&nbsp;kt\u00f3re mo\u017cna zniszczy\u0107. Rozs\u0105dnie dobieraj ekwipunek \u2013 ka\u017cdy rodzaj pancerza i&nbsp;broni ma swoje specyficzne atuty i&nbsp;wady bojowe.<\/p>\n<p>Rozbudowane uniwersum<br \/>\nOdkryj \u015bwiat z&nbsp;bogatym t\u0142em, podziwiaj\u0105c retrofuturystyczn\u0105 opraw\u0119 wizualn\u0105 w stylistyce noir, wzbogacon\u0105 o&nbsp;motywy dieselpunkowe. Zobacz na w\u0142asne oczy apokaliptyczne scenerie b\u0119d\u0105ce dzie\u0142em ludzkich r\u0105k, ws\u0142uchuj\u0105c si\u0119 w mroczny jazz noir i&nbsp;echa upadaj\u0105cej cywilizacji.<\/p>\n<p><\/p>","protected":false},"excerpt":{"rendered":"<p>Budzisz si\u0119 na Object 6, retrofuturystycznej stacji kosmicznej odbywaj\u0105cej 400-letni\u0105 podr\u00f3\u017c w poszukiwaniu nowego domu. Cierpisz na rzadk\u0105 chorob\u0119 psychiczn\u0105 i&nbsp;musisz odkry\u0107 makabryczne tajemnice oraz&nbsp;pozna\u0107 prawd\u0119 stoj\u0105c\u0105 za w\u0119dr\u00f3wk\u0105 przedstawicieli ludzko\u015bci w kierunku mitycznego Punktu Ewakuacyjnego. Eksploracja jest op\u0142acalna&#8230; i&nbsp;niebezpieczna. Wyrusz na poszukiwania cennych technologii i&nbsp;zasob\u00f3w, kt\u00f3re zawiera stacja Object 6. Zachowaj czujno\u015b\u0107 \u2013 rozbudowany [&hellip;]<\/p>\n","protected":false},"featured_media":710024,"comment_status":"closed","ping_status":"closed","template":"","meta":{"ub_ctt_via":""},"product_cat":[88,221,89],"product_tag":[218],"class_list":["post-709481","product","type-product","status-publish","has-post-thumbnail","hentry","product_cat-action","product_cat-indie","product_cat-rpg","product_tag-games","platform-steam-works"],"_links":{"self":[{"href":"https:\/\/neuvee.com\/pl\/wp-json\/wp\/v2\/product\/709481","targetHints":{"allow":["GET"]}}],"collection":[{"href":"https:\/\/neuvee.com\/pl\/wp-json\/wp\/v2\/product"}],"about":[{"href":"https:\/\/neuvee.com\/pl\/wp-json\/wp\/v2\/types\/product"}],"replies":[{"embeddable":true,"href":"https:\/\/neuvee.com\/pl\/wp-json\/wp\/v2\/comments?post=709481"}],"wp:featuredmedia":[{"embeddable":true,"href":"https:\/\/neuvee.com\/pl\/wp-json\/wp\/v2\/media\/710024"}],"wp:attachment":[{"href":"https:\/\/neuvee.com\/pl\/wp-json\/wp\/v2\/media?parent=709481"}],"wp:term":[{"taxonomy":"product_cat","embeddable":true,"href":"https:\/\/neuvee.com\/pl\/wp-json\/wp\/v2\/product_cat?post=709481"},{"taxonomy":"product_tag","embeddable":true,"href":"https:\/\/neuvee.com\/pl\/wp-json\/wp\/v2\/product_tag?post=709481"}],"curies":[{"name":"wp","href":"https:\/\/api.w.org\/{rel}","templated":true}]}}