{"id":709275,"date":"2024-04-05T11:17:01","date_gmt":"2024-04-05T11:17:01","guid":{"rendered":"https:\/\/neuvee.com\/?post_type=product&#038;p=709275"},"modified":"2025-05-19T13:33:38","modified_gmt":"2025-05-19T13:33:38","slug":"high-on-life-3","status":"publish","type":"product","link":"https:\/\/neuvee.com\/pl\/product\/high-on-life-3\/","title":{"rendered":"HIGH ON LIFE"},"content":{"rendered":"<p>Prosto po szkole, bez pracy i&nbsp;ambicji \u2013 nie masz nic do roboty, dop\u00f3ki kartel kosmit\u00f3w nie naje\u017cd\u017ca Ziemi w celu narkotyzowania si\u0119 lud\u017ami. Teraz ty z&nbsp;pomoc\u0105 grupy gadaj\u0105cych broni musicie odpowiedzie\u0107 na wezwanie i&nbsp;sta\u0107 si\u0119 zab\u00f3jczym mi\u0119dzygalaktycznym \u0142owc\u0105 nagr\u00f3d, jakiego kosmos jeszcze nie widzia\u0142. <\/p>\n<p>Odwiedzaj r\u00f3\u017cne biomy i&nbsp;miejsca w ca\u0142ym kosmosie, zmierz si\u0119 z&nbsp;nikczemnym Garmantuousem i&nbsp;jego band\u0105 zbir\u00f3w, zbieraj \u0142upy, spotykaj wyj\u0105tkowe postacie i&nbsp;wiele wi\u0119cej \u2013 to wszystko czeka ci\u0119 w najnowszej przygodzie komediowej Squanch Games!<\/p>\n<p>Uratuj charyzmatyczne m\u00f3wi\u0105ce pistolety i&nbsp;po\u0142\u0105cz z&nbsp;nimi si\u0142y, aby sta\u0107 si\u0119 najbardziej zab\u00f3jczym \u0142owc\u0105 nagr\u00f3d w kosmosie.<br \/>\nPoruszaj si\u0119 mi\u0119dzy dynamicznymi i&nbsp;zmieniaj\u0105cymi si\u0119 \u015bwiatami: od rajskiej d\u017cungli do miasta w asteroidzie, kt\u00f3re jest centrum kosmosu.<br \/>\nWykorzystaj unikalne umiej\u0119tno\u015bci ka\u017cdej broni, \u017ceby zmierzy\u0107 si\u0119 z&nbsp;r\u00f3\u017cnymi przest\u0119pcami podczas polowania na nikczemnego Garmantuousa i&nbsp;jego band\u0119 zbir\u00f3w.<br \/>\nUko\u0144cz wyzwania \u0142owc\u00f3w, poznaj dziwnych, sympatycznych i&nbsp;przezabawnych bohater\u00f3w, kolekcjonuj technologi\u0119 obcych i&nbsp;wiele wi\u0119cej!<\/p>","protected":false},"excerpt":{"rendered":"<p>Prosto po szkole, bez pracy i&nbsp;ambicji \u2013 nie masz nic do roboty, dop\u00f3ki kartel kosmit\u00f3w nie naje\u017cd\u017ca Ziemi w celu narkotyzowania si\u0119 lud\u017ami. Teraz ty z&nbsp;pomoc\u0105 grupy gadaj\u0105cych broni musicie odpowiedzie\u0107 na wezwanie i&nbsp;sta\u0107 si\u0119 zab\u00f3jczym mi\u0119dzygalaktycznym \u0142owc\u0105 nagr\u00f3d, jakiego kosmos jeszcze nie widzia\u0142. Odwiedzaj r\u00f3\u017cne biomy i&nbsp;miejsca w ca\u0142ym kosmosie, zmierz si\u0119 z&nbsp;nikczemnym Garmantuousem [&hellip;]<\/p>\n","protected":false},"featured_media":709722,"comment_status":"closed","ping_status":"closed","template":"","meta":{"ub_ctt_via":""},"product_cat":[88,127],"product_tag":[218],"class_list":["post-709275","product","type-product","status-publish","has-post-thumbnail","hentry","product_cat-action","product_cat-adventure","product_tag-games","platform-steam-works"],"_links":{"self":[{"href":"https:\/\/neuvee.com\/pl\/wp-json\/wp\/v2\/product\/709275","targetHints":{"allow":["GET"]}}],"collection":[{"href":"https:\/\/neuvee.com\/pl\/wp-json\/wp\/v2\/product"}],"about":[{"href":"https:\/\/neuvee.com\/pl\/wp-json\/wp\/v2\/types\/product"}],"replies":[{"embeddable":true,"href":"https:\/\/neuvee.com\/pl\/wp-json\/wp\/v2\/comments?post=709275"}],"wp:featuredmedia":[{"embeddable":true,"href":"https:\/\/neuvee.com\/pl\/wp-json\/wp\/v2\/media\/709722"}],"wp:attachment":[{"href":"https:\/\/neuvee.com\/pl\/wp-json\/wp\/v2\/media?parent=709275"}],"wp:term":[{"taxonomy":"product_cat","embeddable":true,"href":"https:\/\/neuvee.com\/pl\/wp-json\/wp\/v2\/product_cat?post=709275"},{"taxonomy":"product_tag","embeddable":true,"href":"https:\/\/neuvee.com\/pl\/wp-json\/wp\/v2\/product_tag?post=709275"}],"curies":[{"name":"wp","href":"https:\/\/api.w.org\/{rel}","templated":true}]}}