{"id":709266,"date":"2024-04-05T11:13:43","date_gmt":"2024-04-05T11:13:43","guid":{"rendered":"https:\/\/neuvee.com\/?post_type=product&#038;p=709266"},"modified":"2025-05-19T13:32:22","modified_gmt":"2025-05-19T13:32:22","slug":"gravewood-high-complete","status":"publish","type":"product","link":"https:\/\/neuvee.com\/pl\/product\/gravewood-high-complete\/","title":{"rendered":"GRAVEWOOD HIGH &#8211; COMPLETE"},"content":{"rendered":"<p>Ciesz si\u0119 kompletn\u0105 wersj\u0105 gry, w tym trybem dla jednego gracza i&nbsp;ca\u0142\u0105 przysz\u0142\u0105 zawarto\u015bci\u0105. Zyskaj dost\u0119p do nowych poziom\u00f3w, \u0142amig\u0142\u00f3wek, transformacji nauczyciela i&nbsp;mocy gracza, kiedy tylko zostan\u0105 opublikowane! To DLC zawiera te\u017c cyfrowy album z&nbsp;grafikami w folderze Steam (steamappscommonGravewood High).<\/p>\n<p>W Gravewood High zagin\u0119\u0142o kilku uczni\u00f3w, ale \u017caden z&nbsp;doros\u0142ych jakby tego nie zauwa\u017cy\u0142. Wraz z&nbsp;twoj\u0105 przyjaci\u00f3\u0142k\u0105, Erin, musicie zmierzy\u0107 si\u0119 ze sprytnym panem Hydem, dotrze\u0107 do tajemniczej wie\u017cy i&nbsp;odkry\u0107, kto stoi za szale\u0144stwem, kt\u00f3re czai si\u0119 w murach Gravewood High. Ta tajemnica mo\u017ce zaw\u0142adn\u0105\u0107 twoim umys\u0142em i&nbsp;nie chcie\u0107 go opu\u015bci\u0107.<\/p>\n<p><\/p>","protected":false},"excerpt":{"rendered":"<p>Ciesz si\u0119 kompletn\u0105 wersj\u0105 gry, w tym trybem dla jednego gracza i&nbsp;ca\u0142\u0105 przysz\u0142\u0105 zawarto\u015bci\u0105. Zyskaj dost\u0119p do nowych poziom\u00f3w, \u0142amig\u0142\u00f3wek, transformacji nauczyciela i&nbsp;mocy gracza, kiedy tylko zostan\u0105 opublikowane! To DLC zawiera te\u017c cyfrowy album z&nbsp;grafikami w folderze Steam (steamappscommonGravewood High). W Gravewood High zagin\u0119\u0142o kilku uczni\u00f3w, ale \u017caden z&nbsp;doros\u0142ych jakby tego nie zauwa\u017cy\u0142. Wraz z&nbsp;twoj\u0105 [&hellip;]<\/p>\n","protected":false},"featured_media":709662,"comment_status":"closed","ping_status":"closed","template":"","meta":{"ub_ctt_via":""},"product_cat":[88,127,221],"product_tag":[218],"class_list":["post-709266","product","type-product","status-publish","has-post-thumbnail","hentry","product_cat-action","product_cat-adventure","product_cat-indie","product_tag-games","platform-steam-works"],"_links":{"self":[{"href":"https:\/\/neuvee.com\/pl\/wp-json\/wp\/v2\/product\/709266","targetHints":{"allow":["GET"]}}],"collection":[{"href":"https:\/\/neuvee.com\/pl\/wp-json\/wp\/v2\/product"}],"about":[{"href":"https:\/\/neuvee.com\/pl\/wp-json\/wp\/v2\/types\/product"}],"replies":[{"embeddable":true,"href":"https:\/\/neuvee.com\/pl\/wp-json\/wp\/v2\/comments?post=709266"}],"wp:featuredmedia":[{"embeddable":true,"href":"https:\/\/neuvee.com\/pl\/wp-json\/wp\/v2\/media\/709662"}],"wp:attachment":[{"href":"https:\/\/neuvee.com\/pl\/wp-json\/wp\/v2\/media?parent=709266"}],"wp:term":[{"taxonomy":"product_cat","embeddable":true,"href":"https:\/\/neuvee.com\/pl\/wp-json\/wp\/v2\/product_cat?post=709266"},{"taxonomy":"product_tag","embeddable":true,"href":"https:\/\/neuvee.com\/pl\/wp-json\/wp\/v2\/product_tag?post=709266"}],"curies":[{"name":"wp","href":"https:\/\/api.w.org\/{rel}","templated":true}]}}