{"id":709264,"date":"2024-04-05T11:13:07","date_gmt":"2024-04-05T11:13:07","guid":{"rendered":"https:\/\/neuvee.com\/?post_type=product&#038;p=709264"},"modified":"2025-05-19T14:23:22","modified_gmt":"2025-05-19T14:23:22","slug":"goons-legends-mayhem-coming-soon","status":"publish","type":"product","link":"https:\/\/neuvee.com\/pl\/product\/goons-legends-mayhem-coming-soon\/","title":{"rendered":"GOONS: LEGENDS &#038; MAYHEM-COMING SOON"},"content":{"rendered":"<p>Goons: Legends &#038; Mayhem to \u017cywio\u0142owa mieszanka arkadowego hokeja, bijatyki i&nbsp;gry sportowej, kt\u00f3ra wywo\u0142a u wszystkich ch\u0119\u0107 wsp\u00f3lnej gry na kanapie.<br \/>\nGraczy czeka epicka przygoda, aby ocali\u0107 Zamboni\u0119 \u2013 niegdy\u015b urocze i&nbsp;kwitn\u0105ce kr\u00f3lestwo, w kt\u00f3rym najwa\u017cniejszy jest hokej. Wybierz jedn\u0105 z&nbsp;o\u015bmiu unikalnych postaci podzielonych na trzy klasy \u2013 skupionego na ataku Strzelca, nastawionego na obron\u0119 Egzekutora i&nbsp;Skrzyd\u0142owego, kt\u00f3ry wspiera swoj\u0105 dru\u017cyn\u0119 i&nbsp;n\u0119ka przeciwnik\u00f3w.<br \/>\nGRA AKCJI NA 1-6 GRACZY<br \/>\n Po\u0142\u0105cz si\u0142y z&nbsp;innym graczem w spotkaniach hokejowych 2 na 2 przeciwko jednemu bramkarzowi lub&nbsp;w klasycznym trybie 3 na 3, aby rozp\u0119ta\u0107 nieokie\u0142znany chaos. Komunikacja to podstawa, a&nbsp;twoje umiej\u0119tno\u015bci zadecyduj\u0105 o&nbsp;zwyci\u0119stwie lub&nbsp;pora\u017cce!<br \/>\n3 UNIKALNE KLASY, WIELE POSTACI<br \/>\nWybierz odpowiedni\u0105 posta\u0107, aby opracowa\u0107 strategi\u0119 zespo\u0142ow\u0105, kt\u00f3ra pozwoli wam oddawa\u0107 strza\u0142y i&nbsp;(miejmy nadziej\u0119) zdobywa\u0107 punkty! Wybierz postacie z&nbsp;klasy Sharpshooter (atak), Enforcer (obrona) lub&nbsp;Wingman (wsparcie). Ka\u017cda posta\u0107 ma szczeg\u00f3lne umiej\u0119tno\u015bci i&nbsp;unikalne cechy, kt\u00f3re zapewniaj\u0105 ciekaw\u0105 rozgrywk\u0119 przez d\u0142ugi czas.<br \/>\nTRYB VERSUS<br \/>\nCzysta zr\u0119czno\u015bciowa akcja hokejowa PvP ze zwrotami akcji. Mecze, kt\u00f3re przenios\u0105 ci\u0119 z&nbsp;powrotem do ery kooperacji na kanapie, zapewniaj\u0105c jednocze\u015bnie bardziej wsp\u00f3\u0142czesn\u0105 rozgrywk\u0119 sportow\u0105 z&nbsp;klasami postaci i&nbsp;bramkarzem, z&nbsp;kt\u00f3rym konfrontacja przypomina walk\u0119 z&nbsp;bossem. Wybieraj spo\u015br\u00f3d tryb\u00f3w lokalnej kooperacji, mecz\u00f3w online ze znajomymi, a&nbsp;nawet gry wieloosobowej z&nbsp;przypadkowymi osobami!<br \/>\nNIEUST\u0118PLIWI BRAMKARZE<br \/>\nGracze nie stanowi\u0105 jedynego wyzwania. Bramkarze zrobi\u0105 wszystko, co w ich mocy, aby zepsu\u0107 twoje najlepsze zagrania. Przygotuj si\u0119 na ataki dalekiego zasi\u0119gu, zaciek\u0142e ataki mo\u017adzierzowe, a&nbsp;nawet szar\u017ce w zwarciu, kt\u00f3re maj\u0105 powstrzyma\u0107 ci\u0119 przed wbiciem kr\u0105\u017cka do bramki.<br \/>\nW trybie fabularnym Goons: Legends &#038; Mayhem konfrontacja z&nbsp;bramkarzami przypomina walk\u0119 z&nbsp;bossem, dzi\u0119ki czemu uczysz si\u0119 r\u00f3\u017cnych technik hokejowych, co przygotowuje ci\u0119 do potyczek PvP!<br \/>\nEKSCYTUJ\u0104CE KRAINY<br \/>\nGoons oferuje r\u00f3\u017cnorodne \u015brodowiska, w kt\u00f3rych mo\u017cesz pokona\u0107 znajomych \u2013 od mro\u017anych wybrze\u017cy z&nbsp;niegdy\u015b t\u0119tni\u0105cym \u017cyciem targiem rybnym po mityczn\u0105 krain\u0119 magii i&nbsp;legend. Ka\u017cda kraina ma swoj\u0105 specjaln\u0105 mechanik\u0119, zagro\u017cenia \u015brodowiskowe i&nbsp;bramkarza do pokonania.<br \/>\nTRYB OPOWIE\u015aCI<br \/>\nWyrusz w podr\u00f3\u017c, aby ocali\u0107 Uniwersum Hokeja! Graj solo i&nbsp;pokonuj maskotki, pr\u00f3buj\u0105c uratowa\u0107 \u015bwiat przed Wielkim Maskotem, kt\u00f3ry pr\u00f3buje zepsu\u0107 wszystkim zabaw\u0119 w hokeja. Pokonuj kolejne etapy, odblokowuj nowe postacie i&nbsp;zbadaj zam\u0119t dziej\u0105cy si\u0119 w tym wyj\u0105tkowym hokejowym uniwersum!<br \/>\nELEMENTY DO ODBLOKOWANIA, CO?<br \/>\nWskakuj w otch\u0142a\u0144 poziom\u00f3w, gdzie mo\u017cesz dostosowa\u0107 swoje wra\u017cenia za pomoc\u0105 naklejek z&nbsp;emotikonami i&nbsp;sk\u00f3rek postaci. Rozgrywaj mecze, zarabiaj pieni\u0105dze, odwiedzaj sklepy i&nbsp;oddawaj si\u0119 zakupowemu szale\u0144stwu! Komunikuj si\u0119 i&nbsp;strzelaj gole w wielkim stylu!<\/p>\n<p><\/p>","protected":false},"excerpt":{"rendered":"<p>Goons: Legends &#038; Mayhem to \u017cywio\u0142owa mieszanka arkadowego hokeja, bijatyki i&nbsp;gry sportowej, kt\u00f3ra wywo\u0142a u wszystkich ch\u0119\u0107 wsp\u00f3lnej gry na kanapie. Graczy czeka epicka przygoda, aby ocali\u0107 Zamboni\u0119 \u2013 niegdy\u015b urocze i&nbsp;kwitn\u0105ce kr\u00f3lestwo, w kt\u00f3rym najwa\u017cniejszy jest hokej. Wybierz jedn\u0105 z&nbsp;o\u015bmiu unikalnych postaci podzielonych na trzy klasy \u2013 skupionego na ataku Strzelca, nastawionego na obron\u0119 [&hellip;]<\/p>\n","protected":false},"featured_media":709411,"comment_status":"closed","ping_status":"closed","template":"","meta":{"ub_ctt_via":""},"product_cat":[232,88,223],"product_tag":[218],"class_list":["post-709264","product","type-product","status-publish","has-post-thumbnail","hentry","product_cat-sports","product_cat-action","product_cat-casual","product_tag-games","platform-steam-works"],"_links":{"self":[{"href":"https:\/\/neuvee.com\/pl\/wp-json\/wp\/v2\/product\/709264","targetHints":{"allow":["GET"]}}],"collection":[{"href":"https:\/\/neuvee.com\/pl\/wp-json\/wp\/v2\/product"}],"about":[{"href":"https:\/\/neuvee.com\/pl\/wp-json\/wp\/v2\/types\/product"}],"replies":[{"embeddable":true,"href":"https:\/\/neuvee.com\/pl\/wp-json\/wp\/v2\/comments?post=709264"}],"wp:featuredmedia":[{"embeddable":true,"href":"https:\/\/neuvee.com\/pl\/wp-json\/wp\/v2\/media\/709411"}],"wp:attachment":[{"href":"https:\/\/neuvee.com\/pl\/wp-json\/wp\/v2\/media?parent=709264"}],"wp:term":[{"taxonomy":"product_cat","embeddable":true,"href":"https:\/\/neuvee.com\/pl\/wp-json\/wp\/v2\/product_cat?post=709264"},{"taxonomy":"product_tag","embeddable":true,"href":"https:\/\/neuvee.com\/pl\/wp-json\/wp\/v2\/product_tag?post=709264"}],"curies":[{"name":"wp","href":"https:\/\/api.w.org\/{rel}","templated":true}]}}