{"id":709262,"date":"2024-04-05T11:11:59","date_gmt":"2024-04-05T11:11:59","guid":{"rendered":"https:\/\/neuvee.com\/?post_type=product&#038;p=709262"},"modified":"2025-05-19T13:56:27","modified_gmt":"2025-05-19T13:56:27","slug":"ghostbusters-the-video-game-remastered","status":"publish","type":"product","link":"https:\/\/neuvee.com\/pl\/product\/ghostbusters-the-video-game-remastered\/","title":{"rendered":"GHOSTBUSTERS: THE VIDEO GAME REMASTERED"},"content":{"rendered":"<p>Doceniona przez graczy i&nbsp;recenzent\u00f3w gra Ghostbusters powraca! Do\u0142\u0105cz do Pogromc\u00f3w Duch\u00f3w, walcz z&nbsp;potworami, \u0142ap duchy, szukaj artefakt\u00f3w i&nbsp;baw si\u0119, niszcz\u0105c niemal wszystkie elementy otoczenia w zremasterowanej wersji przyg\u00f3d z&nbsp;widokiem z&nbsp;trzeciej osoby w Ghostbusters: The Video Game. <\/p>\n<p>Kampania dla jednego gracza oferuje fabu\u0142\u0119 pe\u0142n\u0105 tajemnic i&nbsp;przyg\u00f3d. Poczuj si\u0119 jak w filmach dzi\u0119ki g\u0142osom Billa Murraya, Dana Aykroyda, Harolda Ramisa i&nbsp;Erniego Hudsona i&nbsp;wzorowanych na nich modelom postaci oraz&nbsp;dzi\u0119ki stworzonej dla gry fabule autorstwa scenarzyst\u00f3w oryginalnych film\u00f3w \u2013 Dana Aykroyda i&nbsp;Harolda Ramisa. Poddaj Pogromc\u00f3w pr\u00f3bie podczas wielkich walk z&nbsp;bossami. <\/p>\n<p>U\u017cyj miernika energii psychokinetycznej, aby szuka\u0107 artefakt\u00f3w w otoczeniu i&nbsp;\u0142ap r\u00f3\u017cne duchy plecakiem protonowym. Poza trybem strumienia protonowego dost\u0119pne s\u0105 tryby eksperymentalne pomagaj\u0105ce rozwi\u0105zywa\u0107 \u0142amig\u0142\u00f3wki \u015brodowiskowe i&nbsp;urozmaici\u0107 walk\u0119. Marzysz o&nbsp;wrzuceniu ducha w pu\u0142apk\u0119 klej\u0105cym sznurem?? Teraz mo\u017cesz to zrobi\u0107! <\/p>\n<p>Za\u0142\u00f3\u017c plecak protonowy i&nbsp;pami\u0119taj: nie krzy\u017cuj strumieni!<\/p>\n<p><\/p>","protected":false},"excerpt":{"rendered":"<p>Doceniona przez graczy i&nbsp;recenzent\u00f3w gra Ghostbusters powraca! Do\u0142\u0105cz do Pogromc\u00f3w Duch\u00f3w, walcz z&nbsp;potworami, \u0142ap duchy, szukaj artefakt\u00f3w i&nbsp;baw si\u0119, niszcz\u0105c niemal wszystkie elementy otoczenia w zremasterowanej wersji przyg\u00f3d z&nbsp;widokiem z&nbsp;trzeciej osoby w Ghostbusters: The Video Game. Kampania dla jednego gracza oferuje fabu\u0142\u0119 pe\u0142n\u0105 tajemnic i&nbsp;przyg\u00f3d. Poczuj si\u0119 jak w filmach dzi\u0119ki g\u0142osom Billa Murraya, Dana [&hellip;]<\/p>\n","protected":false},"featured_media":709403,"comment_status":"closed","ping_status":"closed","template":"","meta":{"ub_ctt_via":""},"product_cat":[88],"product_tag":[218],"class_list":["post-709262","product","type-product","status-publish","has-post-thumbnail","hentry","product_cat-action","product_tag-games","platform-steam-works"],"_links":{"self":[{"href":"https:\/\/neuvee.com\/pl\/wp-json\/wp\/v2\/product\/709262","targetHints":{"allow":["GET"]}}],"collection":[{"href":"https:\/\/neuvee.com\/pl\/wp-json\/wp\/v2\/product"}],"about":[{"href":"https:\/\/neuvee.com\/pl\/wp-json\/wp\/v2\/types\/product"}],"replies":[{"embeddable":true,"href":"https:\/\/neuvee.com\/pl\/wp-json\/wp\/v2\/comments?post=709262"}],"wp:featuredmedia":[{"embeddable":true,"href":"https:\/\/neuvee.com\/pl\/wp-json\/wp\/v2\/media\/709403"}],"wp:attachment":[{"href":"https:\/\/neuvee.com\/pl\/wp-json\/wp\/v2\/media?parent=709262"}],"wp:term":[{"taxonomy":"product_cat","embeddable":true,"href":"https:\/\/neuvee.com\/pl\/wp-json\/wp\/v2\/product_cat?post=709262"},{"taxonomy":"product_tag","embeddable":true,"href":"https:\/\/neuvee.com\/pl\/wp-json\/wp\/v2\/product_tag?post=709262"}],"curies":[{"name":"wp","href":"https:\/\/api.w.org\/{rel}","templated":true}]}}