{"id":709258,"date":"2024-04-05T11:18:59","date_gmt":"2024-04-05T11:18:59","guid":{"rendered":"https:\/\/neuvee.com\/?post_type=product&#038;p=709258"},"modified":"2025-05-19T14:41:31","modified_gmt":"2025-05-19T14:41:31","slug":"high-on-life-high-on-knife-3","status":"publish","type":"product","link":"https:\/\/neuvee.com\/pl\/product\/high-on-life-high-on-knife-3\/","title":{"rendered":"HIGH ON LIFE: HIGH ON KNIFE"},"content":{"rendered":"<p>Min\u0119\u0142y 3 lata od kiedy \u0141owca Nagr\u00f3d pokona\u0142 kartel G3. Dzisiaj Knifey potrzebuje pomocy w odnalezieniu tajemniczej paczki z&nbsp;jego \u015bwiata. Czy zetkn\u0105 si\u0119 z&nbsp;przyjaznym olbrzymem, dzia\u0142em pinballowym, kr\u0105\u017ckiem k\u0142usowniczym i&nbsp;straszn\u0105 mi\u0119dzygalaktyczn\u0105 korporacj\u0105 kuriersk\u0105? Wiadomka!<\/p>\n<p>Zapoluj na ca\u0142kowicie now\u0105 ofiar\u0119 w nowiutkiej przygodzie, b\u0119d\u0105cej w sumie minisequelem podstawowej wersji gry. Uko\u0144czenie podstawki nie jest wymagane, ale te\u017c nie zaszkodzi. Jak tam lubisz.<br \/>\nSiekaj i&nbsp;niszcz, aby utorowa\u0107 sobie drog\u0119 przez g\u0142\u0119biny z\u0142owieszczego magazynu i&nbsp;znale\u017a\u0107 \u0142adunek z&nbsp;kluczem do przesz\u0142o\u015bci No\u017ca&#8230; Albo zgi\u0144, pr\u00f3buj\u0105c! Albo&#8230; oba! W ka\u017cdym razie baw si\u0119 dobrze!<br \/>\nAnga\u017cuj si\u0119 w dynamiczne, przepe\u0142nione piekielnym ogniem potyczki z&nbsp;najbardziej poszukiwan\u0105 szefow\u0105 w galaktyce. Walka z&nbsp;ni\u0105 jest bardziej interesuj\u0105ca, ni\u017c si\u0119 wydaje. Obiecujemy.<br \/>\nZwiedzaj planet\u0119 pe\u0142n\u0105 umieraj\u0105cych \u015blimak\u00f3w. Czy to zaleta tego DLC? Nie wiem, ale na pewno jeden z&nbsp;jego g\u0142\u00f3wnych element\u00f3w, wi\u0119c&nbsp;trzeba wspomnie\u0107. Po prostu cz\u0119sto przyjdzie Ci gada\u0107 ze \u015blimakami.<br \/>\nDobra, nie uwierzysz, ale dodali\u015bmy dwie \u2014 z&nbsp;kalkulatorem w r\u0119ku! \u2014 DWIE nowe gadaj\u0105ce spluwy, kt\u00f3re s\u0105 i&nbsp;wyszczekane, i&nbsp;zab\u00f3jczo skuteczne w dziurawieniu obcych!<br \/>\nNowe postacie, kt\u00f3rym g\u0142osu u\u017cyczyli Sarah Sherman, Gabourey Sidibe, Ken Marino, a&nbsp;tak\u017ce Wasi ulubie\u0144cy: Michael Cusack, JB Smoove, Tim Robinson, Betsy Sodaro i&nbsp;Andy Daly.<\/p>","protected":false},"excerpt":{"rendered":"<p>Min\u0119\u0142y 3 lata od kiedy \u0141owca Nagr\u00f3d pokona\u0142 kartel G3. Dzisiaj Knifey potrzebuje pomocy w odnalezieniu tajemniczej paczki z&nbsp;jego \u015bwiata. Czy zetkn\u0105 si\u0119 z&nbsp;przyjaznym olbrzymem, dzia\u0142em pinballowym, kr\u0105\u017ckiem k\u0142usowniczym i&nbsp;straszn\u0105 mi\u0119dzygalaktyczn\u0105 korporacj\u0105 kuriersk\u0105? Wiadomka! Zapoluj na ca\u0142kowicie now\u0105 ofiar\u0119 w nowiutkiej przygodzie, b\u0119d\u0105cej w sumie minisequelem podstawowej wersji gry. Uko\u0144czenie podstawki nie jest wymagane, ale [&hellip;]<\/p>\n","protected":false},"featured_media":709737,"comment_status":"closed","ping_status":"closed","template":"","meta":{"ub_ctt_via":""},"product_cat":[288,88,127],"product_tag":[218],"class_list":["post-709258","product","type-product","status-publish","has-post-thumbnail","hentry","product_cat-comedy","product_cat-action","product_cat-adventure","product_tag-games","platform-steam-works"],"_links":{"self":[{"href":"https:\/\/neuvee.com\/pl\/wp-json\/wp\/v2\/product\/709258","targetHints":{"allow":["GET"]}}],"collection":[{"href":"https:\/\/neuvee.com\/pl\/wp-json\/wp\/v2\/product"}],"about":[{"href":"https:\/\/neuvee.com\/pl\/wp-json\/wp\/v2\/types\/product"}],"replies":[{"embeddable":true,"href":"https:\/\/neuvee.com\/pl\/wp-json\/wp\/v2\/comments?post=709258"}],"wp:featuredmedia":[{"embeddable":true,"href":"https:\/\/neuvee.com\/pl\/wp-json\/wp\/v2\/media\/709737"}],"wp:attachment":[{"href":"https:\/\/neuvee.com\/pl\/wp-json\/wp\/v2\/media?parent=709258"}],"wp:term":[{"taxonomy":"product_cat","embeddable":true,"href":"https:\/\/neuvee.com\/pl\/wp-json\/wp\/v2\/product_cat?post=709258"},{"taxonomy":"product_tag","embeddable":true,"href":"https:\/\/neuvee.com\/pl\/wp-json\/wp\/v2\/product_tag?post=709258"}],"curies":[{"name":"wp","href":"https:\/\/api.w.org\/{rel}","templated":true}]}}