{"id":709255,"date":"2024-04-05T11:18:01","date_gmt":"2024-04-05T11:18:01","guid":{"rendered":"https:\/\/neuvee.com\/?post_type=product&#038;p=709255"},"modified":"2025-05-19T13:33:00","modified_gmt":"2025-05-19T13:33:00","slug":"high-on-life-dlc-bundle-3","status":"publish","type":"product","link":"https:\/\/neuvee.com\/pl\/product\/high-on-life-dlc-bundle-3\/","title":{"rendered":"HIGH ON LIFE: DLC BUNDLE"},"content":{"rendered":"<p>Chcesz kupi\u0107 High On Life i&nbsp;dodatek High On Knife, ale raczej nie osobno? A gdyby tak mo\u017cna by\u0142o kupi\u0107 obie pozycje razem, w takim jakby\u2026 pakiecie? Czy ta my\u015bl uspokaja Ci\u0119 troch\u0119? Nerwy opad\u0142y? Bo wiesz, ju\u017c zaczynali\u015bmy si\u0119 o&nbsp;Ciebie martwi\u0107. Ale dobrze, ogarn\u0119li\u015bmy ju\u017c kwesti\u0119 pakietu, wi\u0119c&nbsp;mo\u017cesz zluzowa\u0107. To co, lecimy dalej z&nbsp;tematem?<\/p>\n<p>A wi\u0119c, \u017ceby lepiej Ci wyt\u0142umaczy\u0107, w co si\u0119 pakujesz, sytuacja wygl\u0105da tak: High On Life jest komediowo-przygodow\u0105 gr\u0105 FPS z&nbsp;mas\u0105 akcji, walni\u0119tymi gadaj\u0105cymi spluwami, diabelskim kartelem obcych, kt\u00f3rzy sprzedaj\u0105 ludzi na czarnym rynku, oraz&nbsp;imponuj\u0105cym wachlarzem zar\u00f3wno pi\u0119knych, jak i&nbsp;obskurnych lokalizacji, kt\u00f3re przyjdzie Ci zwiedzi\u0107. Chcesz handlowa\u0107 kosmicznym szlamem spod lady? Pragniesz powiedzie\u0107 robolom w pracy, \u017ce ich ojciec ich nie kocha? A mo\u017ce wolisz uratowa\u0107 gadaj\u0105cy n\u00f3\u017c przed zgraj\u0105 sklonowanych mr\u00f3wek? Zaufaj mi, w High On Life mo\u017cesz zrobi\u0107 WSZYSTKIE te rzeczy. I wiele innych. O tak, \u017ce nie wspomn\u0119 nawet o&nbsp;ca\u0142ej masie pozosta\u0142ych rzeczy, kt\u00f3re mo\u017cna robi\u0107.<\/p>\n<p>No i&nbsp;mamy jeszcze High On Knife, czyli&nbsp;soczysty dodatek, kt\u00f3rego fabu\u0142a skupia si\u0119 na wspomnianym wcze\u015bniej gadaj\u0105cym no\u017cu. A dok\u0142adnie to na No\u017cu wielk\u0105 liter\u0105 \u2014 bo&nbsp;tak si\u0119 nazywa \u2014 i&nbsp;to jest gra o&nbsp;nim. W trakcie przygody odkryje on wszystkie swoje mroczne(?), tajemnicze(?) sekrety(?), gdy zabierzesz go wraz z&nbsp;ca\u0142kowicie now\u0105 gadaj\u0105c\u0105 spluw\u0105, Harperem, na soln\u0105 planet\u0119 pe\u0142n\u0105 umieraj\u0105cych \u015blimak\u00f3w. Mo\u017cliwe, \u017ce p\u00f3\u017aniej poznasz te\u017c olbrzyma, otrzymasz szans\u0119 wzi\u0119cia udzia\u0142u w piero\u0144sko powolnych wy\u015bcigach \u015blimak\u00f3w lub&nbsp;nawet powalczysz o&nbsp;zwyci\u0119stwo w peroxosquashu razem z&nbsp;B.A.L.L.-em, czyli&nbsp;kolejn\u0105 now\u0105 gadaj\u0105ca spluw\u0105. Zaufaj mi, \u017ce konkretnie dopakowali\u015bmy ten dodatek nowymi atrakcjami. A nawet nie powiedzia\u0142em jeszcze o&nbsp;straszliwym magazynie wype\u0142nionym paso\u017cytami, nad kt\u00f3rym piecz\u0119 sprawuje okrutna, potworna szefowa.<\/p>\n<p>Dobrze by te\u017c by\u0142o wspomnie\u0107, \u017ce w tym pakiecie swojego komediowego g\u0142osu u\u017cycza ca\u0142a plejada gwiazd, dzi\u0119ki kt\u00f3rym okre\u015blenie \u201ezabawny\u201d jest absolutnie adekwatne, a&nbsp;przynajmniej je\u015bli dotyczy zdania: \u201eale by to by\u0142 zabawny zbieg okoliczno\u015bci, gdyby\u015bmy razem kupili ten pakiet\u201d. No wi\u0119c&nbsp;s\u0105 z&nbsp;nami JB Smoove, Tim Robinson, Betsy Sodaro, Sarah Sherman, Michael Cusack, Gabourey Sidibe i&nbsp;wielu innych, kt\u00f3rzy si\u0119 teraz na mnie w\u015bciekaj\u0105, bo&nbsp;ich nie wymieni\u0142em, ale przecie\u017c sk\u0105d mog\u0105 wiedzie\u0107, \u017ce musz\u0119 si\u0119 zmie\u015bci\u0107 w limicie znak\u00f3w? Przecie\u017c nie mog\u0119 wypisa\u0107 wszystkich. Obwiniajcie sklep. To ich wina, a&nbsp;nie moja. Po prostu kupcie ten pakiet. To naprawd\u0119 \u015bwieeeeetna inwestycja.<\/p>\n<p>O cholera, High On Life i&nbsp;High On Knife s\u0105 razem? W jednym, niedrogim pakiecie? Bier\u0119!<\/p>\n<p>Wymie\u0144 inn\u0105 gr\u0119, w kt\u00f3rej jest tyle gadaj\u0105cych spluw. No spr\u00f3buj. Nasz dzia\u0142 marketingowy ju\u017c wszystkie przeliczy\u0142, ziomeczku. Jako\u015b nie widzimy \u017cadnych w Tears of the Kingdom, a&nbsp;Ty? No w\u0142a\u015bnie.<\/p>\n<p>Ten pakiet trzeba po prostu kupi\u0107, aby dowiedzie\u0107 si\u0119, co ma naprawd\u0119 do zaoferowania. Prosimy. Zabieramy na now\u0105 miat\u0119.<\/p>","protected":false},"excerpt":{"rendered":"<p>Chcesz kupi\u0107 High On Life i&nbsp;dodatek High On Knife, ale raczej nie osobno? A gdyby tak mo\u017cna by\u0142o kupi\u0107 obie pozycje razem, w takim jakby\u2026 pakiecie? Czy ta my\u015bl uspokaja Ci\u0119 troch\u0119? Nerwy opad\u0142y? Bo wiesz, ju\u017c zaczynali\u015bmy si\u0119 o&nbsp;Ciebie martwi\u0107. Ale dobrze, ogarn\u0119li\u015bmy ju\u017c kwesti\u0119 pakietu, wi\u0119c&nbsp;mo\u017cesz zluzowa\u0107. To co, lecimy dalej z&nbsp;tematem? A [&hellip;]<\/p>\n","protected":false},"featured_media":709588,"comment_status":"closed","ping_status":"closed","template":"","meta":{"ub_ctt_via":""},"product_cat":[288,88,127],"product_tag":[218],"class_list":["post-709255","product","type-product","status-publish","has-post-thumbnail","hentry","product_cat-comedy","product_cat-action","product_cat-adventure","product_tag-games","platform-steam-works"],"_links":{"self":[{"href":"https:\/\/neuvee.com\/pl\/wp-json\/wp\/v2\/product\/709255","targetHints":{"allow":["GET"]}}],"collection":[{"href":"https:\/\/neuvee.com\/pl\/wp-json\/wp\/v2\/product"}],"about":[{"href":"https:\/\/neuvee.com\/pl\/wp-json\/wp\/v2\/types\/product"}],"replies":[{"embeddable":true,"href":"https:\/\/neuvee.com\/pl\/wp-json\/wp\/v2\/comments?post=709255"}],"wp:featuredmedia":[{"embeddable":true,"href":"https:\/\/neuvee.com\/pl\/wp-json\/wp\/v2\/media\/709588"}],"wp:attachment":[{"href":"https:\/\/neuvee.com\/pl\/wp-json\/wp\/v2\/media?parent=709255"}],"wp:term":[{"taxonomy":"product_cat","embeddable":true,"href":"https:\/\/neuvee.com\/pl\/wp-json\/wp\/v2\/product_cat?post=709255"},{"taxonomy":"product_tag","embeddable":true,"href":"https:\/\/neuvee.com\/pl\/wp-json\/wp\/v2\/product_tag?post=709255"}],"curies":[{"name":"wp","href":"https:\/\/api.w.org\/{rel}","templated":true}]}}