{"id":709254,"date":"2024-04-05T11:11:20","date_gmt":"2024-04-05T11:11:20","guid":{"rendered":"https:\/\/neuvee.com\/?post_type=product&#038;p=709254"},"modified":"2025-05-19T14:11:39","modified_gmt":"2025-05-19T14:11:39","slug":"fernbus-simulator","status":"publish","type":"product","link":"https:\/\/neuvee.com\/pl\/product\/fernbus-simulator\/","title":{"rendered":"FERNBUS SIMULATOR"},"content":{"rendered":"<p>Fernbus Coach Simulator jest pierwsz\u0105 gr\u0105 skupiaj\u0105c\u0105 si\u0119 na popularnych trasach mi\u0119dzymiastowych. Dzi\u0119ki wsp\u00f3\u0142pracy z&nbsp;FlixBus, Fernbus Coach Simulator symuluje codzienne \u017cycie kierowcy autobusu je\u017cd\u017c\u0105cego po niemieckich autostradach i&nbsp;miejskich drogach w ponad 40 wiernie odwzorowanych miastach.<\/p>\n<p>W przestronnym, nowoczesnym MAN Lion\u2019s Coach Bus poczujesz si\u0119 jak zawodowy kierowca. B\u0119dziesz je\u017adzi\u0142 po rozbudowanych autostradach i&nbsp;sieciach dr\u00f3g w ponad 40 miastach oraz&nbsp;pozostaniesz w ci\u0105g\u0142ym kontakcie z&nbsp;baz\u0105.<\/p>\n<p>W trakcie kursu b\u0119dziesz musia\u0142 uwa\u017ca\u0107 na innych uczestnik\u00f3w ruchu drogowego i&nbsp;bezpiecznie dojecha\u0107 do celu niezale\u017cnie od pory dnia czy pory roku.<br \/>\nGra oferuje oko\u0142o 20 000 km niemieckich dr\u00f3g po kt\u00f3rych je\u017cd\u017c\u0105 autokary FlixBus i&nbsp;ponad 40 miast. Skala up\u0142ywu czasu wynosi 1:10 &#8211; to optymalna warto\u015b\u0107, dzi\u0119ki kt\u00f3rej jazda nie trwa przesadnie d\u0142ugo.<\/p>\n<p>Zupe\u0142nie jak w rzeczywisto\u015bci, pasa\u017cerowie z&nbsp;wa\u017cnym biletem mog\u0105 od razu wsiada\u0107 do autokaru, a&nbsp;pozostali musz\u0105 go kupi\u0107 u ciebie.<\/p>\n<p>Oba autokary MAN maj\u0105 oryginalne, w pe\u0142ni funkcjonalne kokpity. Ca\u0142e wn\u0119trze oraz&nbsp;wygl\u0105d zewn\u0119trzny zosta\u0142y odwzorowane w najdrobniejszych szczeg\u00f3\u0142ach. Realizmu dodaj\u0105 te\u017c prawdziwe komunikaty dla pasa\u017cer\u00f3w. Oba modele zosta\u0142y przetestowane i&nbsp;zoptymalizowane przez zawodowych kierowc\u00f3w i&nbsp;instruktor\u00f3w jazdy. Roboty drogowe, korki i&nbsp;wypadki to tylko niekt\u00f3re z&nbsp;przeciwno\u015bci, jakie s\u0105 zmor\u0105 ka\u017cdego kierowcy chc\u0105cego trzyma\u0107 si\u0119 rozk\u0142adu jazdy.<\/p>\n<p><b>FEATURES<\/b><\/p>\n<li>We wsp\u00f3\u0142pracy z&nbsp;Flixbus\n<\/li>\n<li>Oryginalny MAN Lion&#8217;s Coach oraz&nbsp;Lion&#8217;s Coach C\n<\/li>\n<li>2000 km dr\u00f3g, kt\u00f3re odpowiadaj\u0105 rzeczywistej d\u0142ugo\u015bci tras 20 000 km\n<\/li>\n<li>Wiernie odwzorowane, funkcjonalne kokpity\n<\/li>\n<li>Z\u0142o\u017cona sie\u0107 autostrad i&nbsp;dr\u00f3g o&nbsp;powierzchni blisko 5000 m\u00b2\n<\/li>\n<li>System zmiennej pogody i&nbsp;p\u00f3r roku\n<\/li>\n<li>Ponad 40 niemieckich miast, w tym:<br \/>\n    &#8211; Berlin<br \/>\n    &#8211; Hamburg<br \/>\n    &#8211; Monachium<br \/>\n    &#8211; Kolonia<br \/>\n    &#8211; Frankfurt<br \/>\n    &#8211; Stuttgart<br \/>\n    &#8211; Lipsk<br \/>\n    &#8211; Drezno<br \/>\n    &#8211; Erfurt<br \/>\n    &#8211; W\u00fcrzburg<br \/>\n    &#8211; Karlsruhe<br \/>\n    &#8211; Brema<br \/>\n    &#8211; Hanower<br \/>\n    &#8211; Dusseldorf<br \/>\n    &#8211; Dortmund\n<\/li>\n<li>Jazda noc\u0105\n<\/li>\n<li>Kierowca mo\u017ce opu\u015bci\u0107 autobus\n<\/li>\n<li>Zaawansowane mechanizmy ewaluacyjne\n<\/li>\n<li>Oryginale komunikaty dla pasa\u017cer\u00f3w\n<\/li>\n<li>Korki, wypadki i&nbsp;roboty drogowe\n<\/li>\n<li>Sprzeda\u017c bilet\u00f3w przez kierowc\u0119\n<\/li>\n<li>Tryb gry dowolnej\n<\/li>\n<li>Dodatkowe malowania\n<\/li>\n<li>Prace nad pierwszym dodatkiem ju\u017c trwaj\u0105<\/li>\n<p><\/p>","protected":false},"excerpt":{"rendered":"<p>Fernbus Coach Simulator jest pierwsz\u0105 gr\u0105 skupiaj\u0105c\u0105 si\u0119 na popularnych trasach mi\u0119dzymiastowych. Dzi\u0119ki wsp\u00f3\u0142pracy z&nbsp;FlixBus, Fernbus Coach Simulator symuluje codzienne \u017cycie kierowcy autobusu je\u017cd\u017c\u0105cego po niemieckich autostradach i&nbsp;miejskich drogach w ponad 40 wiernie odwzorowanych miastach. W przestronnym, nowoczesnym MAN Lion\u2019s Coach Bus poczujesz si\u0119 jak zawodowy kierowca. B\u0119dziesz je\u017adzi\u0142 po rozbudowanych autostradach i&nbsp;sieciach dr\u00f3g w [&hellip;]<\/p>\n","protected":false},"featured_media":709441,"comment_status":"closed","ping_status":"closed","template":"","meta":{"ub_ctt_via":""},"product_cat":[223,78],"product_tag":[218],"class_list":["post-709254","product","type-product","status-publish","has-post-thumbnail","hentry","product_cat-casual","product_cat-simulation","product_tag-games","platform-steam-works"],"_links":{"self":[{"href":"https:\/\/neuvee.com\/pl\/wp-json\/wp\/v2\/product\/709254","targetHints":{"allow":["GET"]}}],"collection":[{"href":"https:\/\/neuvee.com\/pl\/wp-json\/wp\/v2\/product"}],"about":[{"href":"https:\/\/neuvee.com\/pl\/wp-json\/wp\/v2\/types\/product"}],"replies":[{"embeddable":true,"href":"https:\/\/neuvee.com\/pl\/wp-json\/wp\/v2\/comments?post=709254"}],"wp:featuredmedia":[{"embeddable":true,"href":"https:\/\/neuvee.com\/pl\/wp-json\/wp\/v2\/media\/709441"}],"wp:attachment":[{"href":"https:\/\/neuvee.com\/pl\/wp-json\/wp\/v2\/media?parent=709254"}],"wp:term":[{"taxonomy":"product_cat","embeddable":true,"href":"https:\/\/neuvee.com\/pl\/wp-json\/wp\/v2\/product_cat?post=709254"},{"taxonomy":"product_tag","embeddable":true,"href":"https:\/\/neuvee.com\/pl\/wp-json\/wp\/v2\/product_tag?post=709254"}],"curies":[{"name":"wp","href":"https:\/\/api.w.org\/{rel}","templated":true}]}}