{"id":709249,"date":"2024-04-05T11:07:10","date_gmt":"2024-04-05T11:07:10","guid":{"rendered":"https:\/\/neuvee.com\/?post_type=product&#038;p=709249"},"modified":"2025-05-19T13:52:14","modified_gmt":"2025-05-19T13:52:14","slug":"evil-dead-the-game-goty-edition-steam-3","status":"publish","type":"product","link":"https:\/\/neuvee.com\/pl\/product\/evil-dead-the-game-goty-edition-steam-3\/","title":{"rendered":"EVIL DEAD: THE GAME &#8211; GOTY EDITION (STEAM)"},"content":{"rendered":"<p>Wciel si\u0119 w Asha Williamsa lub&nbsp;jego przyjaci\u00f3\u0142 z&nbsp;kultowej serii \u201eMartwe z\u0142o\u201d i&nbsp;wsp\u00f3\u0142pracuj w grze pe\u0142nej akcji kooperacyjnej i&nbsp;PvP! Stw\u00f3rz dru\u017cyn\u0119 czw\u00f3rki ocale\u0144c\u00f3w i&nbsp;odkrywaj, \u0142up, kontroluj sw\u00f3j strach oraz&nbsp;znajduj istotne przedmioty, by zamkn\u0105\u0107 przej\u015bcie mi\u0119dzy \u015bwiatami w tytule inspirowanym oryginaln\u0105 trylogi\u0105 \u201eMartwe z\u0142o\u201d oraz&nbsp;serialem \u201eAsh kontra martwe z\u0142o\u201d.<\/p>\n<p>Evil Dead: The Game w edycji Game of the Year zawiera r\u00f3wnie\u017c zawarto\u015b\u0107 z&nbsp;6 pakiet\u00f3w DLC, w tym nowe DLC: \u201eAsh vs Evil Dead\u201d \u201eWho\u2019s Your Daddy\u201d i&nbsp;nie tylko po obni\u017conej cenie:<br \/>\n\u2022 Ocale\u0144cy: David, Mia, Kowal, Ruby i&nbsp;Brock<br \/>\n\u2022 Demon: Intrygant \u2013 z&nbsp;os\u0142awionym Baalem w roli demonicznego bossa<br \/>\n\u2022 Str\u00f3j pracownika S-Mart dla Asha<br \/>\n\u2022 Str\u00f3j m\u0119\u017cnego rycerza dla Asha<br \/>\n\u2022 Alternatywny str\u00f3j Saviniego dla Asha<br \/>\n\u2022 Str\u00f3j uczelniany dla Asha Williamsa<br \/>\n\u2022 Str\u00f3j na polowanie dla Asha Williamsa<br \/>\n\u2022 Halloweenowa wersja stroju pracownika S-Mart dla Asha<br \/>\n\u2022 Str\u00f3j najemnego siepacza dla Asha<br \/>\n\u2022 Str\u00f3j imprezowicza dla Asha<br \/>\n\u2022 Str\u00f3j z&nbsp;pacynk\u0105 dla Asha<br \/>\n\u2022 Str\u00f3j s\u0142u\u017cbowy dla Amandy<br \/>\n\u2022 Str\u00f3j odkrywcy dla Annie Knowby<br \/>\n\u2022 Str\u00f3j Browntown dla Cheryl Williams<br \/>\n\u2022 Str\u00f3j odkrywcy dla Eda Getleya<br \/>\n\u2022 Pakiet stroju: Gilded Attire dla armii Demona Nekromancji<br \/>\n\u2022 Szkocki str\u00f3j dla Henry&#8217;ego the Reda<br \/>\n\u2022 Str\u00f3j czerwonego pikiniera dla Henry&#8217;ego the Reda<br \/>\n\u2022 Str\u00f3j cosplayowy berserkera dla Henry&#8217;ego the Reda<br \/>\n\u2022 Str\u00f3j siewczyni z\u0142a dla Kelly<br \/>\n\u2022 Str\u00f3j bitewny dla Lorda Arthura<br \/>\n\u2022 Str\u00f3j prawowitego kr\u00f3la dla Lorda Arthura<br \/>\n\u2022 Str\u00f3j pogromcy demon\u00f3w dla Mii<br \/>\n\u2022 Str\u00f3j kebabiarza dla Pabla<br \/>\n\u2022 Str\u00f3j El Brujo dla Pabla<br \/>\n\u2022 Pakiet stroju: demon lalkarz \u2013 str\u00f3j kr\u00f3la bia\u0142ego mrozu<br \/>\n\u2022 Str\u00f3j uczelniany dla Scotty&#8217;ego<br \/>\n\u2022 Tematyczny pakiet stroju: demoniczny wata\u017cka stra\u017cak<\/p>\n<p>Kultowe postacie \u2013 graj jako postacie z&nbsp;uniwersum serii Evil Dead, w tym Ash, Scotty, Lord Arthur, Kelly Maxwell i&nbsp;inni, z&nbsp;nowymi kwestiami, do kt\u00f3rych g\u0142osu u\u017cyczyli mi\u0119dzy innymi Bruce Campbell!<\/p>\n<p>Sta\u0144 po stronie dobra lub&nbsp;z\u0142a \u2013 walcz w imi\u0119 dobra lub&nbsp;przejmij kontrol\u0119 nad pot\u0119\u017cnym Kandaria\u0144skim Demonem, aby polowa\u0107 na Asha oraz&nbsp;innych, op\u0119tuj\u0105c umarlak\u00f3w, demony, otoczenie, a&nbsp;nawet samych ocale\u0144c\u00f3w, pr\u00f3buj\u0105c po\u017cre\u0107 ich dusze!<\/p>\n<p>Zachwycaj\u0105ca grafika \u2013 do\u015bwiadcz serii \u201eMartwe Z\u0142o\u201d w pe\u0142ni, rozrywaj\u0105c nieumar\u0142ych s\u0142ynn\u0105 nar\u0119czn\u0105 pi\u0142\u0105 Asha czy lec\u0105c przez map\u0119 jako Kandaria\u0144ski Demon w formie ducha. Realistyczna grafika i&nbsp;oparty na fizyce system rozcz\u0142onkowywania nadaj\u0105 grozie niespotykanego realizmu!<\/p>\n<p>Oto m\u00f3j\u2026 Gromow\u0142adny kij \u2013 u\u017cywaj obrzyna, pi\u0142y spalinowej, tasak\u00f3w i&nbsp;innych rodzaj\u00f3w broni, aby zadawa\u0107 armiom ciemno\u015bci zachwycaj\u0105co obrzydliwe obra\u017cenia.<\/p>\n<p>Splatter Royale \u2013 wybierz nieumar\u0142\u0105 wersj\u0119 ocale\u0144c\u00f3w lub&nbsp;demon\u00f3w do walki w trybie battle royale. Wykorzystaj sw\u00f3j spryt i&nbsp;arsena\u0142, aby la\u0107 si\u0119 z&nbsp;a\u017c 40 graczami w tej pe\u0142nej szybkiej, zaciek\u0142ej akcji rozgrywce do ostatniego \u017cywego na placu boju!<\/p>\n<p><\/p>","protected":false},"excerpt":{"rendered":"<p>Wciel si\u0119 w Asha Williamsa lub&nbsp;jego przyjaci\u00f3\u0142 z&nbsp;kultowej serii \u201eMartwe z\u0142o\u201d i&nbsp;wsp\u00f3\u0142pracuj w grze pe\u0142nej akcji kooperacyjnej i&nbsp;PvP! Stw\u00f3rz dru\u017cyn\u0119 czw\u00f3rki ocale\u0144c\u00f3w i&nbsp;odkrywaj, \u0142up, kontroluj sw\u00f3j strach oraz&nbsp;znajduj istotne przedmioty, by zamkn\u0105\u0107 przej\u015bcie mi\u0119dzy \u015bwiatami w tytule inspirowanym oryginaln\u0105 trylogi\u0105 \u201eMartwe z\u0142o\u201d oraz&nbsp;serialem \u201eAsh kontra martwe z\u0142o\u201d. Evil Dead: The Game w edycji Game of [&hellip;]<\/p>\n","protected":false},"featured_media":709333,"comment_status":"closed","ping_status":"closed","template":"","meta":{"ub_ctt_via":""},"product_cat":[88],"product_tag":[218],"class_list":["post-709249","product","type-product","status-publish","has-post-thumbnail","hentry","product_cat-action","product_tag-games","platform-steam-works"],"_links":{"self":[{"href":"https:\/\/neuvee.com\/pl\/wp-json\/wp\/v2\/product\/709249","targetHints":{"allow":["GET"]}}],"collection":[{"href":"https:\/\/neuvee.com\/pl\/wp-json\/wp\/v2\/product"}],"about":[{"href":"https:\/\/neuvee.com\/pl\/wp-json\/wp\/v2\/types\/product"}],"replies":[{"embeddable":true,"href":"https:\/\/neuvee.com\/pl\/wp-json\/wp\/v2\/comments?post=709249"}],"wp:featuredmedia":[{"embeddable":true,"href":"https:\/\/neuvee.com\/pl\/wp-json\/wp\/v2\/media\/709333"}],"wp:attachment":[{"href":"https:\/\/neuvee.com\/pl\/wp-json\/wp\/v2\/media?parent=709249"}],"wp:term":[{"taxonomy":"product_cat","embeddable":true,"href":"https:\/\/neuvee.com\/pl\/wp-json\/wp\/v2\/product_cat?post=709249"},{"taxonomy":"product_tag","embeddable":true,"href":"https:\/\/neuvee.com\/pl\/wp-json\/wp\/v2\/product_tag?post=709249"}],"curies":[{"name":"wp","href":"https:\/\/api.w.org\/{rel}","templated":true}]}}