{"id":708893,"date":"2024-04-04T17:41:11","date_gmt":"2024-04-04T17:41:11","guid":{"rendered":"https:\/\/neuvee.com\/?post_type=product&#038;p=708893"},"modified":"2025-05-19T13:46:31","modified_gmt":"2025-05-19T13:46:31","slug":"disco-simulator","status":"publish","type":"product","link":"https:\/\/neuvee.com\/pl\/product\/disco-simulator\/","title":{"rendered":"DISCO SIMULATOR"},"content":{"rendered":"<p>Wybierz Managera<\/p>\n<p>Na pocz\u0105tku gry b\u0119dziecie mogli wybra\u0107 swojego Managera. Ka\u017cdy z&nbsp;nich ma swoje unikalne umiej\u0119tno\u015bci do zarz\u0105dzania r\u00f3\u017cnymi aspektami klubu. Zdecyduj w kt\u00f3r\u0105 stron\u0119 b\u0119dziesz chcia\u0142 rozwija\u0107 sw\u00f3j klub. Umiej\u0119tno\u015bci wybranego przez Ciebie managera b\u0119d\u0105 owocowa\u0142y w dalszej rozgrywce, na przyk\u0142ad: bonus dla barman\u00f3w, organizowania koncert\u00f3w, czy dbania o&nbsp;zadowolenie klient\u00f3w. Wyb\u00f3r nale\u017cy do Ciebie!<\/p>\n<p>Wybierz sw\u00f3j klub<\/p>\n<p>W grze czeka na Ciebie szeroki wyb\u00f3r klub\u00f3w, gdzie ka\u017cdy z&nbsp;nich stawia przed Tob\u0105 inne wyzwania i&nbsp;ma unikalne warunki zwyci\u0119stwa. Kluby s\u0105 zlokalizowane w przer\u00f3\u017cnych miejscach: prowincja, ma\u0142e miasteczko, centrum wielkiego miasta. Wybierz m\u0105drze i&nbsp;wejd\u017a na scen\u0119 klubowej legendy!<\/p>\n<p>Dbaj o&nbsp;klient\u00f3w<\/p>\n<p>Tw\u00f3j sukces zale\u017cy od zadowolenia klient\u00f3w. Ka\u017cdy z&nbsp;go\u015bci ma swoje indywidualne potrzeby, kt\u00f3re musisz spe\u0142ni\u0107, aby utrzyma\u0107 ich w klubie. Czy preferuj\u0105 eleganckie drinki w stylowych koktajl\u00f3wkach? A mo\u017ce chc\u0105 ta\u0144czy\u0107 do najlepszych hit\u00f3w do bia\u0142ego rana? Twoim zadaniem b\u0119dzie dbanie o&nbsp;to, aby muzyka, atmosfera i&nbsp;obs\u0142uga spe\u0142nia\u0142y ich oczekiwania. Zadbaj o&nbsp;swoich klient\u00f3w, a&nbsp;dzi\u0119ki temu b\u0119d\u0105 poleca\u0107 Tw\u00f3j klub innym, podnosz\u0105c tym samym Twoj\u0105 reputacj\u0119. Reaguj na niespodziewane wydarzenia &#8211; rozlany alkohol, zatkana toaleta, pijany klient, b\u0119dziesz mia\u0142 pe\u0142ne r\u0119ce roboty!<\/p>\n<p>Organizuj eventy<\/p>\n<p>Mamy ju\u017c gotowy klub, najlepszy personel wi\u0119c&nbsp;czas na imprez\u0119! Organizowanie spektakularnych koncert\u00f3w zespo\u0142\u00f3w i&nbsp;DJ-\u00f3w jest kluczem do zwi\u0119kszenia rozpoznawalno\u015bci Twojego klubu. Zapraszaj gwiazdy na scen\u0119, kt\u00f3re nie tylko przyci\u0105gn\u0105 t\u0142umy fan\u00f3w, ale r\u00f3wnie\u017c pozwol\u0105 Ci zarobi\u0107 du\u017c\u0105 ilo\u015b\u0107 pieni\u0119dzy. Poczuj dreszczyk emocji, kiedy Twoje imprezy staj\u0105 si\u0119 wydarzeniami, o&nbsp;kt\u00f3rych m\u00f3wi si\u0119 wsz\u0119dzie!<\/p>\n<p>Rozwijaj Tw\u00f3j klub<\/p>\n<p>W Disco Simulator rozw\u00f3j Twojego klubu to kluczowy element, kt\u00f3ry pozwoli Ci osi\u0105gn\u0105\u0107 szczytowy poziom klubowej \u015bwietno\u015bci. Przeznacz zarobione \u015brodki na r\u00f3\u017cnorodne ulepszenia, kt\u00f3re sprawi\u0105, \u017ce Tw\u00f3j klub stanie si\u0119 prawdziwym rajem dla mi\u0142o\u015bnik\u00f3w muzyki i&nbsp;ta\u0144ca. W grze b\u0119dziesz m\u00f3g\u0142 ulepsza\u0107 ka\u017cdy aspekt klubowy &#8211; meble, dekoracje, sprz\u0119t muzyczny, o\u015bwietlenie, czy nag\u0142o\u015bnienie. Nie zapomnij r\u00f3wnie\u017c o&nbsp;zatrudnieniu pracownik\u00f3w, wybieraj spo\u015br\u00f3d dost\u0119pnych i&nbsp;stw\u00f3rz najlepszy event o&nbsp;kt\u00f3rym b\u0119dzie si\u0119 m\u00f3wi\u0142o latami!<\/p>\n<p><\/p>","protected":false},"excerpt":{"rendered":"<p>Wybierz Managera Na pocz\u0105tku gry b\u0119dziecie mogli wybra\u0107 swojego Managera. Ka\u017cdy z&nbsp;nich ma swoje unikalne umiej\u0119tno\u015bci do zarz\u0105dzania r\u00f3\u017cnymi aspektami klubu. Zdecyduj w kt\u00f3r\u0105 stron\u0119 b\u0119dziesz chcia\u0142 rozwija\u0107 sw\u00f3j klub. Umiej\u0119tno\u015bci wybranego przez Ciebie managera b\u0119d\u0105 owocowa\u0142y w dalszej rozgrywce, na przyk\u0142ad: bonus dla barman\u00f3w, organizowania koncert\u00f3w, czy dbania o&nbsp;zadowolenie klient\u00f3w. Wyb\u00f3r nale\u017cy do Ciebie! [&hellip;]<\/p>\n","protected":false},"featured_media":708968,"comment_status":"closed","ping_status":"closed","template":"","meta":{"ub_ctt_via":""},"product_cat":[223,221,78,222],"product_tag":[218],"class_list":["post-708893","product","type-product","status-publish","has-post-thumbnail","hentry","product_cat-casual","product_cat-indie","product_cat-simulation","product_cat-strategy","product_tag-games","platform-steam-works"],"_links":{"self":[{"href":"https:\/\/neuvee.com\/pl\/wp-json\/wp\/v2\/product\/708893","targetHints":{"allow":["GET"]}}],"collection":[{"href":"https:\/\/neuvee.com\/pl\/wp-json\/wp\/v2\/product"}],"about":[{"href":"https:\/\/neuvee.com\/pl\/wp-json\/wp\/v2\/types\/product"}],"replies":[{"embeddable":true,"href":"https:\/\/neuvee.com\/pl\/wp-json\/wp\/v2\/comments?post=708893"}],"wp:featuredmedia":[{"embeddable":true,"href":"https:\/\/neuvee.com\/pl\/wp-json\/wp\/v2\/media\/708968"}],"wp:attachment":[{"href":"https:\/\/neuvee.com\/pl\/wp-json\/wp\/v2\/media?parent=708893"}],"wp:term":[{"taxonomy":"product_cat","embeddable":true,"href":"https:\/\/neuvee.com\/pl\/wp-json\/wp\/v2\/product_cat?post=708893"},{"taxonomy":"product_tag","embeddable":true,"href":"https:\/\/neuvee.com\/pl\/wp-json\/wp\/v2\/product_tag?post=708893"}],"curies":[{"name":"wp","href":"https:\/\/api.w.org\/{rel}","templated":true}]}}