{"id":708837,"date":"2024-04-04T17:40:07","date_gmt":"2024-04-04T17:40:07","guid":{"rendered":"https:\/\/neuvee.com\/?post_type=product&#038;p=708837"},"modified":"2025-05-19T14:28:49","modified_gmt":"2025-05-19T14:28:49","slug":"deus-ex-mankind-divided-dlc-season-pass-3","status":"publish","type":"product","link":"https:\/\/neuvee.com\/pl\/product\/deus-ex-mankind-divided-dlc-season-pass-3\/","title":{"rendered":"DEUS EX: MANKIND DIVIDED\u2122 DLC &#8211; SEASON PASS"},"content":{"rendered":"<p>Deus Ex: Roz\u0142am Ludzko\u015bci &#8211; Przepustka sezonowa obejmuje fabularne pakiety DLC i&nbsp;przedmioty z&nbsp;gry, dzi\u0119ki czemu jest pe\u0142na zawarto\u015bci, kt\u00f3ra dodatkowo wzbogaci uniwersum Deus Ex. Zdob\u0105d\u017a swoj\u0105 przepustk\u0119 sezonow\u0105 ju\u017c dzi\u015b! Oto jej zawarto\u015b\u0107:<\/p>\n<p>&#8211; Dwa nowe DLC fabularne: Dziura w systemie i&nbsp;Kryminalna przesz\u0142o\u015b\u0107<\/p>\n<p>&#8211; Pakiety Szturmowy i&nbsp;Taktyczny z&nbsp;uzbrojeniem i&nbsp;wyposa\u017ceniem<\/p>\n<p>&#8211; 4 zestawy Praxis<\/p>\n<p>&#8211; 5000 kredyt\u00f3w<\/p>\n<p>&#8211; 1000 element\u00f3w broni<\/p>\n<p>&#8211; 5 zestaw\u00f3w sprz\u0119tu i&nbsp;20 chipset\u00f3w do trybu Prze\u0142amania<br \/>\nUwaga: niniejsze DLC obejmuje przedmioty jednorazowe (w tym amunicj\u0119, strza\u0142ki, granaty, elementy broni, pakiety Praxis i&nbsp;kredyty), kt\u00f3re po wykorzystaniu znikn\u0105 ostatecznie z&nbsp;twojego ekwipunku i&nbsp;nie b\u0119d\u0105 dost\u0119pne w kolejnych rozgrywkach ani&nbsp;w innych zapisach gry.<\/p>\n<p><\/p>","protected":false},"excerpt":{"rendered":"<p>Deus Ex: Roz\u0142am Ludzko\u015bci &#8211; Przepustka sezonowa obejmuje fabularne pakiety DLC i&nbsp;przedmioty z&nbsp;gry, dzi\u0119ki czemu jest pe\u0142na zawarto\u015bci, kt\u00f3ra dodatkowo wzbogaci uniwersum Deus Ex. Zdob\u0105d\u017a swoj\u0105 przepustk\u0119 sezonow\u0105 ju\u017c dzi\u015b! Oto jej zawarto\u015b\u0107: &#8211; Dwa nowe DLC fabularne: Dziura w systemie i&nbsp;Kryminalna przesz\u0142o\u015b\u0107 &#8211; Pakiety Szturmowy i&nbsp;Taktyczny z&nbsp;uzbrojeniem i&nbsp;wyposa\u017ceniem &#8211; 4 zestawy Praxis &#8211; 5000 [&hellip;]<\/p>\n","protected":false},"featured_media":709037,"comment_status":"closed","ping_status":"closed","template":"","meta":{"ub_ctt_via":""},"product_cat":[88,89],"product_tag":[218],"class_list":["post-708837","product","type-product","status-publish","has-post-thumbnail","hentry","product_cat-action","product_cat-rpg","product_tag-games","platform-steam-works"],"_links":{"self":[{"href":"https:\/\/neuvee.com\/pl\/wp-json\/wp\/v2\/product\/708837","targetHints":{"allow":["GET"]}}],"collection":[{"href":"https:\/\/neuvee.com\/pl\/wp-json\/wp\/v2\/product"}],"about":[{"href":"https:\/\/neuvee.com\/pl\/wp-json\/wp\/v2\/types\/product"}],"replies":[{"embeddable":true,"href":"https:\/\/neuvee.com\/pl\/wp-json\/wp\/v2\/comments?post=708837"}],"wp:featuredmedia":[{"embeddable":true,"href":"https:\/\/neuvee.com\/pl\/wp-json\/wp\/v2\/media\/709037"}],"wp:attachment":[{"href":"https:\/\/neuvee.com\/pl\/wp-json\/wp\/v2\/media?parent=708837"}],"wp:term":[{"taxonomy":"product_cat","embeddable":true,"href":"https:\/\/neuvee.com\/pl\/wp-json\/wp\/v2\/product_cat?post=708837"},{"taxonomy":"product_tag","embeddable":true,"href":"https:\/\/neuvee.com\/pl\/wp-json\/wp\/v2\/product_tag?post=708837"}],"curies":[{"name":"wp","href":"https:\/\/api.w.org\/{rel}","templated":true}]}}