{"id":708826,"date":"2024-04-04T17:35:41","date_gmt":"2024-04-04T17:35:41","guid":{"rendered":"https:\/\/neuvee.com\/?post_type=product&#038;p=708826"},"modified":"2025-05-19T14:17:00","modified_gmt":"2025-05-19T14:17:00","slug":"deus-ex-mankind-divided-3","status":"publish","type":"product","link":"https:\/\/neuvee.com\/pl\/product\/deus-ex-mankind-divided-3\/","title":{"rendered":"DEUS EX: MANKIND DIVIDED"},"content":{"rendered":"<p>Jest rok 2029. Mechanicznie ulepszeni ludzie stali si\u0119 wyrzutkami, ca\u0142kowicie odseparowanymi od reszty spo\u0142ecze\u0144stwa.<br \/>\nAdam Jensen jest ju\u017c do\u015bwiadczonym tajnym agentem, kt\u00f3ry musi funkcjonowa\u0107 w \u015bwiecie nienawidz\u0105cym takich jak on. Wyposa\u017cony w najnowocze\u015bniejsze uzbrojenie i&nbsp;ulepszenia Adam musi wybra\u0107 w\u0142a\u015bciwe podej\u015bcie i&nbsp;w\u0142a\u015bciwych sojusznik\u00f3w, \u017ceby rozwik\u0142a\u0107 zagadk\u0119 pot\u0119\u017cnego wszech\u015bwiatowego spisku.<br \/>\nKup gr\u0119 Deus Ex: Roz\u0142am ludzko\u015bci, a&nbsp;otrzymasz ZA DARMO nast\u0119puj\u0105ce bonusy:<\/p>\n<p>&#8211; Dodatkowa misja Desperackie \u015brodki<\/p>\n<p>&#8211; Pakiet Tajnego Agenta (Wyposa\u017cenie Intruza, Wyposa\u017cenie Mi\u0119\u015bniaka, Wyposa\u017cenie Klasyczne, 1 zestaw Praxis i&nbsp;1000 kredyt\u00f3w)<\/p>\n<p><\/p>","protected":false},"excerpt":{"rendered":"<p>Jest rok 2029. Mechanicznie ulepszeni ludzie stali si\u0119 wyrzutkami, ca\u0142kowicie odseparowanymi od reszty spo\u0142ecze\u0144stwa. Adam Jensen jest ju\u017c do\u015bwiadczonym tajnym agentem, kt\u00f3ry musi funkcjonowa\u0107 w \u015bwiecie nienawidz\u0105cym takich jak on. Wyposa\u017cony w najnowocze\u015bniejsze uzbrojenie i&nbsp;ulepszenia Adam musi wybra\u0107 w\u0142a\u015bciwe podej\u015bcie i&nbsp;w\u0142a\u015bciwych sojusznik\u00f3w, \u017ceby rozwik\u0142a\u0107 zagadk\u0119 pot\u0119\u017cnego wszech\u015bwiatowego spisku. Kup gr\u0119 Deus Ex: Roz\u0142am ludzko\u015bci, a&nbsp;otrzymasz [&hellip;]<\/p>\n","protected":false},"featured_media":709040,"comment_status":"closed","ping_status":"closed","template":"","meta":{"ub_ctt_via":""},"product_cat":[88,89],"product_tag":[218],"class_list":["post-708826","product","type-product","status-publish","has-post-thumbnail","hentry","product_cat-action","product_cat-rpg","product_tag-games","platform-steam-works"],"_links":{"self":[{"href":"https:\/\/neuvee.com\/pl\/wp-json\/wp\/v2\/product\/708826","targetHints":{"allow":["GET"]}}],"collection":[{"href":"https:\/\/neuvee.com\/pl\/wp-json\/wp\/v2\/product"}],"about":[{"href":"https:\/\/neuvee.com\/pl\/wp-json\/wp\/v2\/types\/product"}],"replies":[{"embeddable":true,"href":"https:\/\/neuvee.com\/pl\/wp-json\/wp\/v2\/comments?post=708826"}],"wp:featuredmedia":[{"embeddable":true,"href":"https:\/\/neuvee.com\/pl\/wp-json\/wp\/v2\/media\/709040"}],"wp:attachment":[{"href":"https:\/\/neuvee.com\/pl\/wp-json\/wp\/v2\/media?parent=708826"}],"wp:term":[{"taxonomy":"product_cat","embeddable":true,"href":"https:\/\/neuvee.com\/pl\/wp-json\/wp\/v2\/product_cat?post=708826"},{"taxonomy":"product_tag","embeddable":true,"href":"https:\/\/neuvee.com\/pl\/wp-json\/wp\/v2\/product_tag?post=708826"}],"curies":[{"name":"wp","href":"https:\/\/api.w.org\/{rel}","templated":true}]}}