{"id":708460,"date":"2024-04-04T17:08:59","date_gmt":"2024-04-04T17:08:59","guid":{"rendered":"https:\/\/neuvee.com\/?post_type=product&#038;p=708460"},"modified":"2025-05-19T13:45:58","modified_gmt":"2025-05-19T13:45:58","slug":"civilization-vi-new-frontier-pass-mac-4","status":"publish","type":"product","link":"https:\/\/neuvee.com\/pl\/product\/civilization-vi-new-frontier-pass-mac-4\/","title":{"rendered":"CIVILIZATION VI &#8211; NEW FRONTIER PASS [MAC]"},"content":{"rendered":"<p>*Aby uruchomi\u0107 t\u0119 zawarto\u015b\u0107, wymagana jest podstawowa wersja gry Sid Meier&#8217;s Civilization\u00ae VI.<\/p>\n<p>&#8222;&#8221;Kontynuuj tworzenie najwspanialszego imperium z&nbsp;przepustk\u0105 Civilization VI \u2013 New Frontier zawieraj\u0105c\u0105 osiem nowych cywilizacji, dziewi\u0119ciu przyw\u00f3dc\u00f3w i&nbsp;wiele nowych element\u00f3w rozgrywki, w tym sze\u015b\u0107 tryb\u00f3w gry. Przepustka daje dost\u0119p do sze\u015bciu pakiet\u00f3w DLC:<\/p>\n<p>&#8211; Pakiet nr 1: Pakiet Maj\u00f3w i&nbsp;Wielkiej Kolumbii. Wprowadza dwie nowe cywilizacje i&nbsp;przyw\u00f3dc\u00f3w, jeden nowy tryb gry*, nowe miasta-pa\u0144stwa, zasoby i&nbsp;cudy natury.<br \/>\n&#8211; Pakiet nr 2: Pakiet Etiopii. Wprowadza jedn\u0105 now\u0105 cywilizacj\u0119 i&nbsp;przyw\u00f3dc\u0119, jeden nowy tryb gry**, now\u0105 dzielnic\u0119 i&nbsp;dwie nowe budowle.<br \/>\n&#8211; Pakiet nr 3: Pakiet Bizancjum i&nbsp;Gal\u00f3w. Wprowadza dwie nowe cywilizacje i&nbsp;przyw\u00f3dc\u00f3w, jeden nowy tryb gry**, nowe cuda \u015bwiata i&nbsp;jedn\u0105 now\u0105 map\u0119.<br \/>\n&#8211; Pakiet nr 4: Pakiet Babilonu. Wprowadza jedn\u0105 now\u0105 cywilizacj\u0119 i&nbsp;przyw\u00f3dc\u0119, jeden nowy tryb gry, nowe miasta-pa\u0144stwa oraz&nbsp;wielu nowych wielkich ludzi.<br \/>\n&#8211; Pakiet nr 5: Pakiet Wietnamu i&nbsp;Kubilaj-chana. Wprowadza now\u0105 cywilizacj\u0119 i&nbsp;dw\u00f3ch nowych przyw\u00f3dc\u00f3w**, nowy tryb gry, now\u0105 dzielnic\u0119 i&nbsp;dwie nowe budowle.<br \/>\n&#8211; Pakiet nr 6:Pakiet Portugalii. Wprowadza now\u0105 cywilizacj\u0119 i&nbsp;przyw\u00f3dc\u0119, nowy tryb gry, nowe cuda \u015bwiata i&nbsp;now\u0105 map\u0119.<\/p>\n<p>*Nowy tryb gry wymaga instalacji pakietu rozszerze\u0144 Civilization VI.<br \/>\n**Nowy przyw\u00f3dca wymaga instalacji pakietu rozszerze\u0144 Civilization VI.<\/p>\n<p>Nowe tryby gry mog\u0105 oferowa\u0107 dodatkow\u0105 zawarto\u015b\u0107 tak\u0105 jak nowe jednostki, budowle czy ulepszenia oraz&nbsp;mog\u0105 by\u0107 w\u0142\u0105czane lub&nbsp;wy\u0142\u0105czane w ustawieniach rozgrywki w celu wprowadzenia istotnych i&nbsp;dramatycznych zmian do zasad gry.<\/p>\n<p>Ekskluzywny bonus: pakiety wariant\u00f3w Teddy&#8217;ego Roosevelta i&nbsp;Katarzyny Medycejskiej.<br \/>\nDw\u00f3ch przyw\u00f3dc\u00f3w w Civilization VI zyskuj\u0105 nowy wygl\u0105d i&nbsp;umiej\u0119tno\u015bci podczas gry Angli\u0105 i&nbsp;Francj\u0105.<br \/>\nTeddy Rough Rider przoduje w utrzymywaniu pokoju na swoim ojczystym kontynencie, a&nbsp;Katarzyna Magnificencja wykorzystuje zasoby luksusowe, aby podbi\u0107 \u015bwiat za pomoc\u0105 kultury i&nbsp;turystyki. Ka\u017cdy pakiet wariant\u00f3w zawiera zupe\u0142nie nowe wersje ulubionego przyw\u00f3dcy, na kt\u00f3re sk\u0142adaj\u0105 si\u0119 nowy model i&nbsp;t\u0142o przyw\u00f3dcy, nowe premie podczas rozgrywki oraz&nbsp;zaktualizowane cele odzwierciedlaj\u0105ce zmiany jego osobowo\u015bci. Pakiety wariant\u00f3w s\u0105 dost\u0119pne wy\u0142\u0105cznie dla w\u0142a\u015bcicieli przepustki New Frontier.<\/p>\n<p><\/p>","protected":false},"excerpt":{"rendered":"<p>*Aby uruchomi\u0107 t\u0119 zawarto\u015b\u0107, wymagana jest podstawowa wersja gry Sid Meier&#8217;s Civilization\u00ae VI. &#8222;&#8221;Kontynuuj tworzenie najwspanialszego imperium z&nbsp;przepustk\u0105 Civilization VI \u2013 New Frontier zawieraj\u0105c\u0105 osiem nowych cywilizacji, dziewi\u0119ciu przyw\u00f3dc\u00f3w i&nbsp;wiele nowych element\u00f3w rozgrywki, w tym sze\u015b\u0107 tryb\u00f3w gry. Przepustka daje dost\u0119p do sze\u015bciu pakiet\u00f3w DLC: &#8211; Pakiet nr 1: Pakiet Maj\u00f3w i&nbsp;Wielkiej Kolumbii. Wprowadza dwie [&hellip;]<\/p>\n","protected":false},"featured_media":708514,"comment_status":"closed","ping_status":"closed","template":"","meta":{"ub_ctt_via":""},"product_cat":[222],"product_tag":[218],"class_list":["post-708460","product","type-product","status-publish","has-post-thumbnail","hentry","product_cat-strategy","product_tag-games","platform-steam-works-mac"],"_links":{"self":[{"href":"https:\/\/neuvee.com\/pl\/wp-json\/wp\/v2\/product\/708460","targetHints":{"allow":["GET"]}}],"collection":[{"href":"https:\/\/neuvee.com\/pl\/wp-json\/wp\/v2\/product"}],"about":[{"href":"https:\/\/neuvee.com\/pl\/wp-json\/wp\/v2\/types\/product"}],"replies":[{"embeddable":true,"href":"https:\/\/neuvee.com\/pl\/wp-json\/wp\/v2\/comments?post=708460"}],"wp:featuredmedia":[{"embeddable":true,"href":"https:\/\/neuvee.com\/pl\/wp-json\/wp\/v2\/media\/708514"}],"wp:attachment":[{"href":"https:\/\/neuvee.com\/pl\/wp-json\/wp\/v2\/media?parent=708460"}],"wp:term":[{"taxonomy":"product_cat","embeddable":true,"href":"https:\/\/neuvee.com\/pl\/wp-json\/wp\/v2\/product_cat?post=708460"},{"taxonomy":"product_tag","embeddable":true,"href":"https:\/\/neuvee.com\/pl\/wp-json\/wp\/v2\/product_tag?post=708460"}],"curies":[{"name":"wp","href":"https:\/\/api.w.org\/{rel}","templated":true}]}}