{"id":708325,"date":"2024-04-04T17:09:25","date_gmt":"2024-04-04T17:09:25","guid":{"rendered":"https:\/\/neuvee.com\/?post_type=product&#038;p=708325"},"modified":"2025-05-19T14:12:02","modified_gmt":"2025-05-19T14:12:02","slug":"construction-simulator-gold-edition","status":"publish","type":"product","link":"https:\/\/neuvee.com\/pl\/product\/construction-simulator-gold-edition\/","title":{"rendered":"CONSTRUCTION SIMULATOR &#8211; GOLD EDITION"},"content":{"rendered":"<p>Interesuje ci\u0119 zostanie przedsi\u0119biorc\u0105 budowlanym, ale nie chcesz po\u015bwi\u0119ca\u0107 wielu lat na wej\u015bcie do bran\u017cy? Nie ma problemu! W takim wypadku spr\u00f3buj Construction Simulator \u2013 Gold Edition! Ten zestaw zawiera nie tylko podstawow\u0105 wersj\u0119 gry Construction Simulator, kt\u00f3ra oferuje ju\u017c ponad 100 kontrakt\u00f3w, ponad 90 maszyn od 24 licencjonowanych producent\u00f3w i&nbsp;wiele innych atrakcji zwi\u0105zanych z&nbsp;bran\u017c\u0105 budowlan\u0105, ale tak\u017ce wiele pakiet\u00f3w zawarto\u015bci dodatkowej, kt\u00f3re zosta\u0142y wydane przed Gold Edition. Poniewa\u017c przepustka Year 1 Season Pass r\u00f3wnie\u017c jest cz\u0119\u015bci\u0105 tego wspania\u0142ego zestawu, otrzymasz r\u00f3wnie\u017c maszyny od SANY i&nbsp;JCB, wyj\u0105tkowe kampanie Airfield i&nbsp;Spaceport DLC oraz&nbsp;dwa pakiety kosmetyczne Cosmetic Pack i&nbsp;specjalny kask do dalszej personalizacji. Ponadto, masz r\u00f3wnie\u017c okazj\u0119 cieszy\u0107 si\u0119 pakietem Kramer Pack, kt\u00f3ry wprowadza do gry trzy nowe pojazdy.<\/p>\n<p>Gold Edition zawiera:<br \/>\n\u2022\tPodstawow\u0105 wersj\u0119 gry Construction Simulator<br \/>\n\u2022\tKramer Pack<br \/>\n\u2022\tConstruction Simulator \u2013 Year 1 Season Pass<br \/>\no\tYear 1 Season Pass Helmet<br \/>\no\tJCB Pack<br \/>\no\tCosmetic Pack #1<br \/>\no\tAirfield Expansion<br \/>\no\tSANY Pack<br \/>\no\tSpaceport Expansion<br \/>\no\tCosmetic Pack #2<\/p>\n<p><\/p>","protected":false},"excerpt":{"rendered":"<p>Interesuje ci\u0119 zostanie przedsi\u0119biorc\u0105 budowlanym, ale nie chcesz po\u015bwi\u0119ca\u0107 wielu lat na wej\u015bcie do bran\u017cy? Nie ma problemu! W takim wypadku spr\u00f3buj Construction Simulator \u2013 Gold Edition! Ten zestaw zawiera nie tylko podstawow\u0105 wersj\u0119 gry Construction Simulator, kt\u00f3ra oferuje ju\u017c ponad 100 kontrakt\u00f3w, ponad 90 maszyn od 24 licencjonowanych producent\u00f3w i&nbsp;wiele innych atrakcji zwi\u0105zanych z&nbsp;bran\u017c\u0105 [&hellip;]<\/p>\n","protected":false},"featured_media":708698,"comment_status":"closed","ping_status":"closed","template":"","meta":{"ub_ctt_via":""},"product_cat":[78],"product_tag":[218],"class_list":["post-708325","product","type-product","status-publish","has-post-thumbnail","hentry","product_cat-simulation","product_tag-games","platform-steam-works"],"_links":{"self":[{"href":"https:\/\/neuvee.com\/pl\/wp-json\/wp\/v2\/product\/708325","targetHints":{"allow":["GET"]}}],"collection":[{"href":"https:\/\/neuvee.com\/pl\/wp-json\/wp\/v2\/product"}],"about":[{"href":"https:\/\/neuvee.com\/pl\/wp-json\/wp\/v2\/types\/product"}],"replies":[{"embeddable":true,"href":"https:\/\/neuvee.com\/pl\/wp-json\/wp\/v2\/comments?post=708325"}],"wp:featuredmedia":[{"embeddable":true,"href":"https:\/\/neuvee.com\/pl\/wp-json\/wp\/v2\/media\/708698"}],"wp:attachment":[{"href":"https:\/\/neuvee.com\/pl\/wp-json\/wp\/v2\/media?parent=708325"}],"wp:term":[{"taxonomy":"product_cat","embeddable":true,"href":"https:\/\/neuvee.com\/pl\/wp-json\/wp\/v2\/product_cat?post=708325"},{"taxonomy":"product_tag","embeddable":true,"href":"https:\/\/neuvee.com\/pl\/wp-json\/wp\/v2\/product_tag?post=708325"}],"curies":[{"name":"wp","href":"https:\/\/api.w.org\/{rel}","templated":true}]}}