{"id":708321,"date":"2024-04-04T17:06:21","date_gmt":"2024-04-04T17:06:21","guid":{"rendered":"https:\/\/neuvee.com\/?post_type=product&#038;p=708321"},"modified":"2025-05-19T13:32:51","modified_gmt":"2025-05-19T13:32:51","slug":"catizens","status":"publish","type":"product","link":"https:\/\/neuvee.com\/pl\/product\/catizens\/","title":{"rendered":"CATIZENS"},"content":{"rendered":"<p>Powo\u0142uj do \u017cycia wyj\u0105tkowe koty i&nbsp;zaprojektuj dom doskona\u0142y<\/p>\n<p>Korzystaj z&nbsp;bogatej kolekcji cech wygl\u0105du kocich pyszczk\u00f3w i&nbsp;cia\u0142a oraz&nbsp;aspekt\u00f3w ich ekscentrycznych osobowo\u015bci, aby da\u0107 pocz\u0105tek stworzeniom o&nbsp;unikalnych obliczach i&nbsp;charakterach. Zaprojektuj miejsce w\u0142a\u015bnie dla nich, urz\u0105dzaj\u0105c wn\u0119trze kociego domu za pomoc\u0105 mebli, ro\u015blin, wazon\u00f3w oraz&nbsp;innych przedmiot\u00f3w.<\/p>\n<p>Im lepiej i&nbsp;\u0142adniej wyposa\u017cysz domostwo czworonogich osadnik\u00f3w, tym bardziej ich uszcz\u0119\u015bliwisz. Dlatego popu\u015b\u0107 wodze tw\u00f3rczej fantazji!<\/p>\n<p>Zbuduj osad\u0119 i&nbsp;kieruj jej rozwojem<\/p>\n<p>Zapewnij miasteczku budynki i&nbsp;obiekty, aby mog\u0142o przetrwa\u0107. Cechy i&nbsp;zawody twoich kot\u00f3w decyduj\u0105 o&nbsp;tym, do kt\u00f3rych rodzaj\u00f3w budynk\u00f3w uzyskasz dost\u0119p. Wn\u0119trza r\u00f3wnie\u017c maj\u0105 znaczenie: im lepiej i&nbsp;\u0142adniej je wyposa\u017cysz, tym bardziej uszcz\u0119\u015bliwisz swoich kocich mieszka\u0144c\u00f3w.<\/p>\n<p>A gdy ca\u0142a osada nabierze poka\u017anych rozmiar\u00f3w, oszcz\u0119d\u017a sobie trudu zarz\u0105dzania najdrobniejszymi aspektami jej funkcjonowania. Po\u015bwi\u0119\u0107 nieco czasu i&nbsp;stara\u0144 kilku najwybitniejszym czworonogom, aby stan\u0119li na czele kociej spo\u0142eczno\u015bci.<\/p>\n<p>Awansuj i&nbsp;rozwijaj kocich osadnik\u00f3w<\/p>\n<p>Liczy si\u0119 ka\u017cdy nowy mieszkaniec, zw\u0142aszcza na pocz\u0105tku. Wyposa\u017cone w szereg parametr\u00f3w i&nbsp;cech koty mog\u0105 r\u00f3wnie\u017c opanowa\u0107 wiele zawod\u00f3w, staj\u0105c si\u0119 cho\u0107by rolnikami, kowalami czy stra\u017cnikami zapewniaj\u0105cymi ochron\u0119 przed miejscow\u0105 faun\u0105.<\/p>\n<p>Decyduj, kt\u00f3re koty nadaj\u0105 si\u0119 na uczni\u00f3w bardziej do\u015bwiadczonych towarzyszy i&nbsp;jak\u0105 \u015bcie\u017ck\u0105 kariery b\u0119d\u0105 pod\u0105\u017ca\u0107.<\/p>\n<p>Eksploruj dzikie terytoria<\/p>\n<p>Rozwijaj osad\u0119, realizuj kolejne cele i&nbsp;odkrywaj charakteryzuj\u0105ce si\u0119 odmiennymi warunkami obszary, kt\u00f3re stworz\u0105 okazje do nowych przyg\u00f3d. Uwa\u017cnie badaj nieznane terytoria w poszukiwaniu najlepszych \u0142owisk, ukrytych skarb\u00f3w i&nbsp;ekscentrycznych postaci czekaj\u0105cych na kogo\u015b, kto wykona ich misje.<\/p>\n<p><\/p>","protected":false},"excerpt":{"rendered":"<p>Powo\u0142uj do \u017cycia wyj\u0105tkowe koty i&nbsp;zaprojektuj dom doskona\u0142y Korzystaj z&nbsp;bogatej kolekcji cech wygl\u0105du kocich pyszczk\u00f3w i&nbsp;cia\u0142a oraz&nbsp;aspekt\u00f3w ich ekscentrycznych osobowo\u015bci, aby da\u0107 pocz\u0105tek stworzeniom o&nbsp;unikalnych obliczach i&nbsp;charakterach. Zaprojektuj miejsce w\u0142a\u015bnie dla nich, urz\u0105dzaj\u0105c wn\u0119trze kociego domu za pomoc\u0105 mebli, ro\u015blin, wazon\u00f3w oraz&nbsp;innych przedmiot\u00f3w. Im lepiej i&nbsp;\u0142adniej wyposa\u017cysz domostwo czworonogich osadnik\u00f3w, tym bardziej ich uszcz\u0119\u015bliwisz. Dlatego [&hellip;]<\/p>\n","protected":false},"featured_media":708542,"comment_status":"closed","ping_status":"closed","template":"","meta":{"ub_ctt_via":""},"product_cat":[229,221,78,222],"product_tag":[218],"class_list":["post-708321","product","type-product","status-publish","has-post-thumbnail","hentry","product_cat-early-access","product_cat-indie","product_cat-simulation","product_cat-strategy","product_tag-games","platform-steam-works"],"_links":{"self":[{"href":"https:\/\/neuvee.com\/pl\/wp-json\/wp\/v2\/product\/708321","targetHints":{"allow":["GET"]}}],"collection":[{"href":"https:\/\/neuvee.com\/pl\/wp-json\/wp\/v2\/product"}],"about":[{"href":"https:\/\/neuvee.com\/pl\/wp-json\/wp\/v2\/types\/product"}],"replies":[{"embeddable":true,"href":"https:\/\/neuvee.com\/pl\/wp-json\/wp\/v2\/comments?post=708321"}],"wp:featuredmedia":[{"embeddable":true,"href":"https:\/\/neuvee.com\/pl\/wp-json\/wp\/v2\/media\/708542"}],"wp:attachment":[{"href":"https:\/\/neuvee.com\/pl\/wp-json\/wp\/v2\/media?parent=708321"}],"wp:term":[{"taxonomy":"product_cat","embeddable":true,"href":"https:\/\/neuvee.com\/pl\/wp-json\/wp\/v2\/product_cat?post=708321"},{"taxonomy":"product_tag","embeddable":true,"href":"https:\/\/neuvee.com\/pl\/wp-json\/wp\/v2\/product_tag?post=708321"}],"curies":[{"name":"wp","href":"https:\/\/api.w.org\/{rel}","templated":true}]}}