{"id":708320,"date":"2024-04-04T17:05:48","date_gmt":"2024-04-04T17:05:48","guid":{"rendered":"https:\/\/neuvee.com\/?post_type=product&#038;p=708320"},"modified":"2025-05-19T13:24:57","modified_gmt":"2025-05-19T13:24:57","slug":"car-mechanic-simulator-2021-3","status":"publish","type":"product","link":"https:\/\/neuvee.com\/pl\/product\/car-mechanic-simulator-2021-3\/","title":{"rendered":"CAR MECHANIC SIMULATOR 2021"},"content":{"rendered":"<p>Car Mechanic Simulator 2021 to produkcja o&nbsp;dobrze ugruntowanej bazie graczy. Rozpocznij jako nowy w\u0142a\u015bciciel gara\u017cu I rozwijaj swoje serwisowe imperium. Ubrud\u017a sobie r\u0119ce w pe\u0142nej detali, realistycznej symulacji. Przygotuj si\u0119 na ponad 4000 unikatowych cz\u0119\u015bci i&nbsp;ponad 72 samochody. Podwijaj r\u0119kawy i&nbsp;zanurz si\u0119 w realistycznej przestrzeni swojego gara\u017cu.<\/p>\n<p>Inwestuj w nowy sprz\u0119t i&nbsp;rozwijaj swoj\u0105 przestrze\u0144 aby rozszerza\u0107 dzia\u0142alno\u015b\u0107 swojego serwisu. Naprawiaj, serwisuj, testuj, lakieruj, tuninguj i&nbsp;odnawiaj samochody. Odwied\u017a aukcje samochodowe i&nbsp;przegl\u0105daj pojazdy w r\u00f3\u017cnorodnej kondycji. Je\u017celi czujesz, \u017ce to Tw\u00f3j szcz\u0119\u015bliwy dzie\u0144, odwied\u017a stodo\u0142y. Niekt\u00f3re z&nbsp;nich kryj\u0105 nie lada skarby \u2013 trzeba je tylko odnale\u017a\u0107.<\/p>\n<p>Niesko\u0144czenie wiele losowo generowane zlece\u0144 zajmie Ci sporo czasu. Je\u017celi jednak&nbsp;szukasz wi\u0119kszego wyzwania \u2013 spr\u00f3buj swoich si\u0142 w specjalnych misjach fabularnych. Ka\u017cda z&nbsp;nich oferuje unikatowy zestaw wymaga\u0144 oraz&nbsp;wyzwa\u0144, kt\u00f3rym musisz stawi\u0107 czo\u0142a.<\/p>\n<p>Kiedy sko\u0144czysz rozwijanie swojego gara\u017cu, to dobry moment na w\u0142asny samoch\u00f3d. Zbierz troch\u0119 got\u00f3wki, kup i&nbsp;odn\u00f3w swoje w\u0142asne cztery k\u00f3\u0142a. Od zardzewia\u0142ego wraku do perfekcyjnej kondycji. Czas ubrudzi\u0107 sobie r\u0119ce!<\/p>\n<p>Cechy gry<\/p>\n<p>72 Samochod\u00f3w do naprawiania<br \/>\nPonad 4000 unikalnych cz\u0119\u015bci<br \/>\nNiesko\u0144czona liczba losowo generowanych zlece\u0144<br \/>\nAukcje samochodowe<br \/>\nOpuszczone szopy do przeszukania<br \/>\nZ\u0142omowisko<br \/>\nMisje fabularne<br \/>\nSystem ulepszania gara\u017cu oraz&nbsp;umiej\u0119tno\u015bci<br \/>\nCz\u0119\u015bci tuningowe<br \/>\nNieko\u0144cz\u0105ca si\u0119 rozgrywka<br \/>\nTor wy\u015bcigowy z&nbsp;pomiarem czasu<\/p>\n<p>Nowo\u015bci w Car Mechanic Simulator 2021<\/p>\n<p>P\u0142yny samochodowe<br \/>\nMyjnia samochodowa<br \/>\nOtwarta przestrze\u0144 wok\u00f3\u0142 gara\u017cu do Twojej dyspozycji<br \/>\nNowy typ uszkodze\u0144 cz\u0119\u015bci blacharskich &#8211; wgniecenia<br \/>\nCz\u0119\u015bci mechaniczne mo\u017cna teraz malowa\u0107 &#8211; niemal wszystkie<br \/>\nNowe d\u017awi\u0119ki silnik\u00f3w<br \/>\nMinigry<br \/>\nNarz\u0119dzie do przetaczania tarcz hamulcowych<br \/>\nSystem ulepszania cz\u0119\u015bci<br \/>\nSkrzynki z&nbsp;bezpiecznikami<br \/>\nNowy system parkingu<br \/>\nAukcje zniszczonych samochod\u00f3w<br \/>\nNowy tryb badania cz\u0119\u015bci na samochodzie<br \/>\nNowe tuningowe cz\u0119\u015bci blacharskie<br \/>\nKonfigurator samochodu w salonie<br \/>\nZardzewia\u0142e \u015brubki<\/p>\n<p><\/p>","protected":false},"excerpt":{"rendered":"<p>Car Mechanic Simulator 2021 to produkcja o&nbsp;dobrze ugruntowanej bazie graczy. Rozpocznij jako nowy w\u0142a\u015bciciel gara\u017cu I rozwijaj swoje serwisowe imperium. Ubrud\u017a sobie r\u0119ce w pe\u0142nej detali, realistycznej symulacji. Przygotuj si\u0119 na ponad 4000 unikatowych cz\u0119\u015bci i&nbsp;ponad 72 samochody. Podwijaj r\u0119kawy i&nbsp;zanurz si\u0119 w realistycznej przestrzeni swojego gara\u017cu. Inwestuj w nowy sprz\u0119t i&nbsp;rozwijaj swoj\u0105 przestrze\u0144 aby [&hellip;]<\/p>\n","protected":false},"featured_media":708660,"comment_status":"closed","ping_status":"closed","template":"","meta":{"ub_ctt_via":""},"product_cat":[150,78],"product_tag":[218],"class_list":["post-708320","product","type-product","status-publish","has-post-thumbnail","hentry","product_cat-racing","product_cat-simulation","product_tag-games","platform-steam-works"],"_links":{"self":[{"href":"https:\/\/neuvee.com\/pl\/wp-json\/wp\/v2\/product\/708320","targetHints":{"allow":["GET"]}}],"collection":[{"href":"https:\/\/neuvee.com\/pl\/wp-json\/wp\/v2\/product"}],"about":[{"href":"https:\/\/neuvee.com\/pl\/wp-json\/wp\/v2\/types\/product"}],"replies":[{"embeddable":true,"href":"https:\/\/neuvee.com\/pl\/wp-json\/wp\/v2\/comments?post=708320"}],"wp:featuredmedia":[{"embeddable":true,"href":"https:\/\/neuvee.com\/pl\/wp-json\/wp\/v2\/media\/708660"}],"wp:attachment":[{"href":"https:\/\/neuvee.com\/pl\/wp-json\/wp\/v2\/media?parent=708320"}],"wp:term":[{"taxonomy":"product_cat","embeddable":true,"href":"https:\/\/neuvee.com\/pl\/wp-json\/wp\/v2\/product_cat?post=708320"},{"taxonomy":"product_tag","embeddable":true,"href":"https:\/\/neuvee.com\/pl\/wp-json\/wp\/v2\/product_tag?post=708320"}],"curies":[{"name":"wp","href":"https:\/\/api.w.org\/{rel}","templated":true}]}}