{"id":708317,"date":"2024-04-04T17:04:04","date_gmt":"2024-04-04T17:04:04","guid":{"rendered":"https:\/\/neuvee.com\/?post_type=product&#038;p=708317"},"modified":"2025-05-19T14:24:46","modified_gmt":"2025-05-19T14:24:46","slug":"car-detailing-simulator-ammo-nyc-dlc","status":"publish","type":"product","link":"https:\/\/neuvee.com\/pl\/product\/car-detailing-simulator-ammo-nyc-dlc\/","title":{"rendered":"CAR DETAILING SIMULATOR &#8211; AMMO NYC DLC"},"content":{"rendered":"<p>W Car Detailing Simulator &#8211; AMMO NYC DLC otrzymujesz dost\u0119p do wszystkich produkt\u00f3w i&nbsp;narz\u0119dzi AMMO, a&nbsp;tak\u017ce niepowtarzaln\u0105 okazj\u0119, aby zabawi\u0107 si\u0119 w detalowanie egzotycznych samochod\u00f3w w nadzwyczajnym studiu AMMO Detailing Studio Larry&#8217;ego Kosilli. DLC stanowi dok\u0142adne odwzorowane prawdziwego studia AMMO NYC. Nawet obrazy na \u015bcianie s\u0105 identyczne! Jako detailer samochodowy, b\u0119dziesz m\u00f3g\u0142 przechadza\u0107 si\u0119 po ca\u0142ym studiu AMMO, kuchni, lod\u00f3wce, \u0142azience samolotowej, kompletnie wyposa\u017conej si\u0142owni, a&nbsp;tak\u017ce otrzymasz dost\u0119p do ca\u0142ego pakietu do edycji i&nbsp;podcast\u00f3w (oraz do filmowania w\u0142asnych zajawek na YouTube w grze, tak jak Larry), a&nbsp;wszystko to, aby rozkr\u0119ci\u0107 sw\u00f3j egzotyczny biznes detailingowy i&nbsp;sta\u0107 si\u0119 najlepszym detailerem wszechczas\u00f3w. Kliknij link DLC, aby odblokowa\u0107 najlepsze studio detailingowe i&nbsp;najrzadsze okazy samochodowe na \u015bwiecie!<\/p>\n<p>Wykonuj detailing ekskluzywnych samochod\u00f3w w AMMO NYC DLC:<\/p>\n<p>Scuderia Cameron Glickenhaus 004<br \/>\nScuderia Cameron Glickenhaus boot<br \/>\nIMP Race<br \/>\nI NIE TYLKO!<\/p>\n<p><\/p>","protected":false},"excerpt":{"rendered":"<p>W Car Detailing Simulator &#8211; AMMO NYC DLC otrzymujesz dost\u0119p do wszystkich produkt\u00f3w i&nbsp;narz\u0119dzi AMMO, a&nbsp;tak\u017ce niepowtarzaln\u0105 okazj\u0119, aby zabawi\u0107 si\u0119 w detalowanie egzotycznych samochod\u00f3w w nadzwyczajnym studiu AMMO Detailing Studio Larry&#8217;ego Kosilli. DLC stanowi dok\u0142adne odwzorowane prawdziwego studia AMMO NYC. Nawet obrazy na \u015bcianie s\u0105 identyczne! Jako detailer samochodowy, b\u0119dziesz m\u00f3g\u0142 przechadza\u0107 si\u0119 po [&hellip;]<\/p>\n","protected":false},"featured_media":708476,"comment_status":"closed","ping_status":"closed","template":"","meta":{"ub_ctt_via":""},"product_cat":[223,221,150,78],"product_tag":[218],"class_list":["post-708317","product","type-product","status-publish","has-post-thumbnail","hentry","product_cat-casual","product_cat-indie","product_cat-racing","product_cat-simulation","product_tag-games","platform-steam-works"],"_links":{"self":[{"href":"https:\/\/neuvee.com\/pl\/wp-json\/wp\/v2\/product\/708317","targetHints":{"allow":["GET"]}}],"collection":[{"href":"https:\/\/neuvee.com\/pl\/wp-json\/wp\/v2\/product"}],"about":[{"href":"https:\/\/neuvee.com\/pl\/wp-json\/wp\/v2\/types\/product"}],"replies":[{"embeddable":true,"href":"https:\/\/neuvee.com\/pl\/wp-json\/wp\/v2\/comments?post=708317"}],"wp:featuredmedia":[{"embeddable":true,"href":"https:\/\/neuvee.com\/pl\/wp-json\/wp\/v2\/media\/708476"}],"wp:attachment":[{"href":"https:\/\/neuvee.com\/pl\/wp-json\/wp\/v2\/media?parent=708317"}],"wp:term":[{"taxonomy":"product_cat","embeddable":true,"href":"https:\/\/neuvee.com\/pl\/wp-json\/wp\/v2\/product_cat?post=708317"},{"taxonomy":"product_tag","embeddable":true,"href":"https:\/\/neuvee.com\/pl\/wp-json\/wp\/v2\/product_tag?post=708317"}],"curies":[{"name":"wp","href":"https:\/\/api.w.org\/{rel}","templated":true}]}}