{"id":708315,"date":"2024-04-04T17:03:34","date_gmt":"2024-04-04T17:03:34","guid":{"rendered":"https:\/\/neuvee.com\/?post_type=product&#038;p=708315"},"modified":"2025-05-19T13:40:26","modified_gmt":"2025-05-19T13:40:26","slug":"car-detailing-simulator","status":"publish","type":"product","link":"https:\/\/neuvee.com\/pl\/product\/car-detailing-simulator\/","title":{"rendered":"CAR DETAILING SIMULATOR"},"content":{"rendered":"<p>Czy lubisz ogl\u0105da\u0107 gruntowne renowacje pojazd\u00f3w w wykonaniu Larry\u2019ego Kosilla z&nbsp;AMMO NYC?? Teraz mo\u017cesz to by\u0107 Ty!<\/p>\n<p>ROZW\u00d3J W\u0141ASNEGO BIZNESU<\/p>\n<p>Lubisz ogl\u0105da\u0107 lub&nbsp;bra\u0107 udzia\u0142 w gruntownych renowacjach samochod\u00f3w? W Car Detailing Simulator masz mo\u017cliwo\u015b\u0107 rozpocz\u0105\u0107 przygod\u0119 z&nbsp;prowadzeniem w\u0142asnego biznesu detailingowego na w\u0142asnych warunkach! Zaskocz rynek niesamowitymi metamorfozami zapuszczonych aut. Przyjmuj zlecenia i&nbsp;rozwijaj w\u0142asny biznes! <\/p>\n<p>DETAILING SAMOCHODOWY<\/p>\n<p>Mycie, nak\u0142adanie piany, i&nbsp;polerowanie lakieru to tylko cz\u0119\u015bci z&nbsp;wyzwa\u0144 jakie czekaj\u0105 na Ciebie w trakcie rozgrywki. Gra zaoferuje szeroki i&nbsp;zr\u00f3\u017cnicowany zestaw specjalistycznych narz\u0119dzi, kt\u00f3rych b\u0119dziesz potrzebowa\u0107, aby w pe\u0142ni zrealizowa\u0107 wszystkie cele. Car Detailing Simulator stawia na realizm, wi\u0119c&nbsp;czeka Ci\u0119 sporo wyzwa\u0144, a&nbsp;odpowiedni dob\u00f3r narz\u0119dzi b\u0119dzie kluczowy dla rozwoju Twojego salonu. <\/p>\n<p>KUPNO, RENOWACJA I SPRZEDA\u017b STARYCH SAMOCHOD\u00d3W<\/p>\n<p>Stare samochody to niesamowity materia\u0142 na fantastyczn\u0105 przemian\u0119. W Car Detailing Simulator mo\u017cesz kupi\u0107 wiele starych modeli samochod\u00f3w, kt\u00f3re tylko czekaj\u0105 aby kto\u015b nada\u0142 im nowe \u017cycie. Po wszystkim nie zapomnij sprzeda\u0107 ich za odpowiedni\u0105 cen\u0119 &#8211; klasyka zawsze znajdzie kupca.<\/p>\n<p>RANKINGI I BYCIE NA SZCZYCIE <\/p>\n<p>Zak\u0142adaj\u0105c w\u0142asny biznes celujemy tak wysoko jak to mo\u017cliwe. W naszej grze wa\u017cne b\u0119dzie utrzymanie w\u0142a\u015bciwej renomy, dobrych narz\u0119dzi i&nbsp;szybkiego tempa pracy, aby wybi\u0107 si\u0119 ponad inne konkurencyjne firmy. W Car Detailing Simulator mamy jeden cel &#8211; by\u0107 na szczycie hierarchii!<\/p>\n<p>DOSTOSUJ TW\u00d3J WARSZTAT<\/p>\n<p>W dobrej firmie zajmuj\u0105cej si\u0119 detailingiem nie mo\u017ce zabrakn\u0105\u0107 odpowiednich narz\u0119dzi. W naszym warsztacie pojawi si\u0119 bardzo wiele mo\u017cliwych do zakupu ulepsze\u0144 &#8211; od nowych, pojemniejszych p\u00f3\u0142ek po bardziej precyzyjne urz\u0105dzenia kt\u00f3re usprawni\u0105 i&nbsp;u\u0142atwi\u0105 nasz\u0105 prac\u0119 lub&nbsp;wynios\u0105 j\u0105 na wy\u017cszy lvl. Je\u015bli samo przywr\u00f3cenie blasku samochodu Wam nie wystarczy, to w Car Detailing Simulator dostaniecie r\u00f3wnie\u017c mo\u017cliwo\u015b\u0107 zmiany lakieru, kt\u00f3ra zwie\u0144czy Wasz\u0105 ci\u0119\u017cka prac\u0119!<\/p>\n<p><\/p>","protected":false},"excerpt":{"rendered":"<p>Czy lubisz ogl\u0105da\u0107 gruntowne renowacje pojazd\u00f3w w wykonaniu Larry\u2019ego Kosilla z&nbsp;AMMO NYC?? Teraz mo\u017cesz to by\u0107 Ty! ROZW\u00d3J W\u0141ASNEGO BIZNESU Lubisz ogl\u0105da\u0107 lub&nbsp;bra\u0107 udzia\u0142 w gruntownych renowacjach samochod\u00f3w? W Car Detailing Simulator masz mo\u017cliwo\u015b\u0107 rozpocz\u0105\u0107 przygod\u0119 z&nbsp;prowadzeniem w\u0142asnego biznesu detailingowego na w\u0142asnych warunkach! Zaskocz rynek niesamowitymi metamorfozami zapuszczonych aut. Przyjmuj zlecenia i&nbsp;rozwijaj w\u0142asny biznes! DETAILING [&hellip;]<\/p>\n","protected":false},"featured_media":708768,"comment_status":"closed","ping_status":"closed","template":"","meta":{"ub_ctt_via":""},"product_cat":[223,221,150,78],"product_tag":[218],"class_list":["post-708315","product","type-product","status-publish","has-post-thumbnail","hentry","product_cat-casual","product_cat-indie","product_cat-racing","product_cat-simulation","product_tag-games","platform-steam-works"],"_links":{"self":[{"href":"https:\/\/neuvee.com\/pl\/wp-json\/wp\/v2\/product\/708315","targetHints":{"allow":["GET"]}}],"collection":[{"href":"https:\/\/neuvee.com\/pl\/wp-json\/wp\/v2\/product"}],"about":[{"href":"https:\/\/neuvee.com\/pl\/wp-json\/wp\/v2\/types\/product"}],"replies":[{"embeddable":true,"href":"https:\/\/neuvee.com\/pl\/wp-json\/wp\/v2\/comments?post=708315"}],"wp:featuredmedia":[{"embeddable":true,"href":"https:\/\/neuvee.com\/pl\/wp-json\/wp\/v2\/media\/708768"}],"wp:attachment":[{"href":"https:\/\/neuvee.com\/pl\/wp-json\/wp\/v2\/media?parent=708315"}],"wp:term":[{"taxonomy":"product_cat","embeddable":true,"href":"https:\/\/neuvee.com\/pl\/wp-json\/wp\/v2\/product_cat?post=708315"},{"taxonomy":"product_tag","embeddable":true,"href":"https:\/\/neuvee.com\/pl\/wp-json\/wp\/v2\/product_tag?post=708315"}],"curies":[{"name":"wp","href":"https:\/\/api.w.org\/{rel}","templated":true}]}}