{"id":708307,"date":"2024-04-04T16:58:46","date_gmt":"2024-04-04T16:58:46","guid":{"rendered":"https:\/\/neuvee.com\/?post_type=product&#038;p=708307"},"modified":"2025-05-19T13:29:56","modified_gmt":"2025-05-19T13:29:56","slug":"borderlands-the-handsome-collection-mac","status":"publish","type":"product","link":"https:\/\/neuvee.com\/pl\/product\/borderlands-the-handsome-collection-mac\/","title":{"rendered":"BORDERLANDS: THE HANDSOME COLLECTION [MAC]"},"content":{"rendered":"<p>Strzelaj i&nbsp;zgarniaj \u0142upy, odkrywaj\u0105c pe\u0142en chaosu \u015bwiat Pandory w Borderlands 2 i&nbsp;ksi\u0119\u017cycowym szale\u0144stwie Borderlands: The Pre-Sequel, dost\u0119pnych w ramach Borderlands: The Handsome Collection. Odkryj nagradzan\u0105 seri\u0119 FPS-RPG, zawieraj\u0105c\u0105 bazyliony giwer, niepowtarzaln\u0105 rozgrywk\u0119 w trybie wsp\u00f3\u0142pracy i&nbsp;ca\u0142\u0105 zawarto\u015b\u0107 dodatkow\u0105.<\/p>\n<p>Borderlands: The Handsome Collection zawiera:<\/p>\n<p>\u2022 Doceniane przez krytyk\u00f3w gry BORDERLANDS 2 i&nbsp;BORDERLANDS: THE PRE-SEQUEL, w jednym pakiecie<br \/>\n\u2022 Ca\u0142\u0105 dodatkow\u0105 zawarto\u015b\u0107 do obu gier czyli&nbsp;setki godzin rozgrywki o&nbsp;ogromnej warto\u015bci*<br \/>\n\u2022 Rozgrywk\u0119 w trybie wsp\u00f3\u0142pracy dla maksymalnie czterech graczy online<\/p>\n<p>*Zawiera ca\u0142\u0105 zawarto\u015b\u0107 do pobrania do Borderlands 2 i&nbsp;Borderlands: The Pre-Sequel, dost\u0119pn\u0105 na dzie\u0144 31 grudnia 2017 r.<\/p>\n<p>Uwaga: Borderlands 2 w wersji na Mac i&nbsp;Linux jest dost\u0119pne wy\u0142\u0105cznie w j\u0119zyku angielskim, francuskim, w\u0142oskim, niemieckim i&nbsp;hiszpa\u0144skim.<\/p>\n<p>Zawiera ca\u0142\u0105 zawarto\u015b\u0107 do pobrania do Borderlands 2 i&nbsp;Borderlands: The Pre-Sequel, dost\u0119pn\u0105 na dzie\u0144 31 grudnia 2017 r.<\/p>\n<p><\/p>","protected":false},"excerpt":{"rendered":"<p>Strzelaj i&nbsp;zgarniaj \u0142upy, odkrywaj\u0105c pe\u0142en chaosu \u015bwiat Pandory w Borderlands 2 i&nbsp;ksi\u0119\u017cycowym szale\u0144stwie Borderlands: The Pre-Sequel, dost\u0119pnych w ramach Borderlands: The Handsome Collection. Odkryj nagradzan\u0105 seri\u0119 FPS-RPG, zawieraj\u0105c\u0105 bazyliony giwer, niepowtarzaln\u0105 rozgrywk\u0119 w trybie wsp\u00f3\u0142pracy i&nbsp;ca\u0142\u0105 zawarto\u015b\u0107 dodatkow\u0105. Borderlands: The Handsome Collection zawiera: \u2022 Doceniane przez krytyk\u00f3w gry BORDERLANDS 2 i&nbsp;BORDERLANDS: THE PRE-SEQUEL, w jednym [&hellip;]<\/p>\n","protected":false},"featured_media":708827,"comment_status":"closed","ping_status":"closed","template":"","meta":{"ub_ctt_via":""},"product_cat":[225,88,116],"product_tag":[218],"class_list":["post-708307","product","type-product","status-publish","has-post-thumbnail","hentry","product_cat-role-playing","product_cat-action","product_cat-shooter","product_tag-games","platform-steam-works"],"_links":{"self":[{"href":"https:\/\/neuvee.com\/pl\/wp-json\/wp\/v2\/product\/708307","targetHints":{"allow":["GET"]}}],"collection":[{"href":"https:\/\/neuvee.com\/pl\/wp-json\/wp\/v2\/product"}],"about":[{"href":"https:\/\/neuvee.com\/pl\/wp-json\/wp\/v2\/types\/product"}],"replies":[{"embeddable":true,"href":"https:\/\/neuvee.com\/pl\/wp-json\/wp\/v2\/comments?post=708307"}],"wp:featuredmedia":[{"embeddable":true,"href":"https:\/\/neuvee.com\/pl\/wp-json\/wp\/v2\/media\/708827"}],"wp:attachment":[{"href":"https:\/\/neuvee.com\/pl\/wp-json\/wp\/v2\/media?parent=708307"}],"wp:term":[{"taxonomy":"product_cat","embeddable":true,"href":"https:\/\/neuvee.com\/pl\/wp-json\/wp\/v2\/product_cat?post=708307"},{"taxonomy":"product_tag","embeddable":true,"href":"https:\/\/neuvee.com\/pl\/wp-json\/wp\/v2\/product_tag?post=708307"}],"curies":[{"name":"wp","href":"https:\/\/api.w.org\/{rel}","templated":true}]}}