{"id":708020,"date":"2024-04-04T16:37:30","date_gmt":"2024-04-04T16:37:30","guid":{"rendered":"https:\/\/neuvee.com\/?post_type=product&#038;p=708020"},"modified":"2025-05-19T14:31:51","modified_gmt":"2025-05-19T14:31:51","slug":"baldurs-gate-enhanced-edition","status":"publish","type":"product","link":"https:\/\/neuvee.com\/pl\/product\/baldurs-gate-enhanced-edition\/","title":{"rendered":"BALDUR&#8217;S GATE: ENHANCED EDITION"},"content":{"rendered":"<p>Od swojej premiery w 1998 roku, gra Baldur&#8217;s Gate zachwyci\u0142a miliony graczy na ca\u0142ym \u015bwiecie i&nbsp;otrzyma\u0142a wiele nagr\u00f3d. Przez ca\u0142y ten czas a\u017c do dnia dziesiejszego, klasyczna saga o&nbsp;tajemnicy, intrydze i&nbsp;przygodzie pozostawa\u0142a niedo\u015bcignionym wzorem dla wszystkih gier RPG opartych o&nbsp;system Dungeons &#038; Dragons\u2122.<\/p>\n<p>Baldur&#8217;s Gate: Enhanced Edition\u2122 wykorzystuje now\u0105 ulepszon\u0105 wersj\u0119 silnika Infinity. Zawiera ca\u0142\u0105 przygod\u0119 z&nbsp;gry Baldur&#8217;s Gate, dodatek Opowie\u015bci z&nbsp;Wybrze\u017ca Mieczy oraz&nbsp;niedost\u0119pn\u0105 wcze\u015bniej zawarto\u015b\u0107, w kt\u00f3rej sk\u0142ad wchodz\u0105 nowa przygoda i&nbsp;trzech towarzyszy: calishycki mnich rasaad yn Bashir, dziki mag Neera oraz&nbsp;mroczny stra\u017cnik Dorn Il-Khan.<\/p>\n<p>G\u0142\u00f3wne cechy:<br \/>\n\u2022 Nowa przygoda: Kr\u0119gi Podmroku<br \/>\n\u2022 Nowa posta\u0107: Dorn Il-Khan<br \/>\n\u2022 Nowa posta\u0107: Nowa posta\u0107: Neera Dziki Mag<br \/>\n\u2022 Nowa posta\u0107: Rasaad yn Bashir<br \/>\n\u2022 Nowe zestawy d\u017awi\u0119k\u00f3w dla postaci gracza<br \/>\n\u2022 Natywne wsparcie dla wysokich rozdzielczo\u015bci oraz&nbsp;ekran\u00f3w panoramicznych<br \/>\n\u2022 Ponad 400 usprawnie\u0144 wzgl\u0119dem oryginalnej gry<br \/>\n\u2022 Poprawiony tryb dla wielu graczy z&nbsp;mo\u017cliwo\u015bci\u0105 \u0142\u0105czenia si\u0119 przez wiele r\u00f3\u017cnych platform.<\/p>","protected":false},"excerpt":{"rendered":"<p>Od swojej premiery w 1998 roku, gra Baldur&#8217;s Gate zachwyci\u0142a miliony graczy na ca\u0142ym \u015bwiecie i&nbsp;otrzyma\u0142a wiele nagr\u00f3d. Przez ca\u0142y ten czas a\u017c do dnia dziesiejszego, klasyczna saga o&nbsp;tajemnicy, intrydze i&nbsp;przygodzie pozostawa\u0142a niedo\u015bcignionym wzorem dla wszystkih gier RPG opartych o&nbsp;system Dungeons &#038; Dragons\u2122. Baldur&#8217;s Gate: Enhanced Edition\u2122 wykorzystuje now\u0105 ulepszon\u0105 wersj\u0119 silnika Infinity. Zawiera ca\u0142\u0105 [&hellip;]<\/p>\n","protected":false},"featured_media":708053,"comment_status":"closed","ping_status":"closed","template":"","meta":{"ub_ctt_via":""},"product_cat":[127,89],"product_tag":[218],"class_list":["post-708020","product","type-product","status-publish","has-post-thumbnail","hentry","product_cat-adventure","product_cat-rpg","product_tag-games","platform-steam-works"],"_links":{"self":[{"href":"https:\/\/neuvee.com\/pl\/wp-json\/wp\/v2\/product\/708020","targetHints":{"allow":["GET"]}}],"collection":[{"href":"https:\/\/neuvee.com\/pl\/wp-json\/wp\/v2\/product"}],"about":[{"href":"https:\/\/neuvee.com\/pl\/wp-json\/wp\/v2\/types\/product"}],"replies":[{"embeddable":true,"href":"https:\/\/neuvee.com\/pl\/wp-json\/wp\/v2\/comments?post=708020"}],"wp:featuredmedia":[{"embeddable":true,"href":"https:\/\/neuvee.com\/pl\/wp-json\/wp\/v2\/media\/708053"}],"wp:attachment":[{"href":"https:\/\/neuvee.com\/pl\/wp-json\/wp\/v2\/media?parent=708020"}],"wp:term":[{"taxonomy":"product_cat","embeddable":true,"href":"https:\/\/neuvee.com\/pl\/wp-json\/wp\/v2\/product_cat?post=708020"},{"taxonomy":"product_tag","embeddable":true,"href":"https:\/\/neuvee.com\/pl\/wp-json\/wp\/v2\/product_tag?post=708020"}],"curies":[{"name":"wp","href":"https:\/\/api.w.org\/{rel}","templated":true}]}}