{"id":708019,"date":"2024-04-04T16:37:06","date_gmt":"2024-04-04T16:37:06","guid":{"rendered":"https:\/\/neuvee.com\/?post_type=product&#038;p=708019"},"modified":"2025-05-19T13:59:57","modified_gmt":"2025-05-19T13:59:57","slug":"baldurs-gate-ii-enhanced-edition","status":"publish","type":"product","link":"https:\/\/neuvee.com\/pl\/product\/baldurs-gate-ii-enhanced-edition\/","title":{"rendered":"BALDUR&#8217;S GATE II: ENHANCED EDITION"},"content":{"rendered":"<p>Porwanie. Niewola. Tortury. Mag Irenicus przetrzymuje ci\u0119 w swojej twierdzy, pr\u00f3buj\u0105c pozbawi\u0107 ci\u0119 wrodzonych mocy. Czy oprzesz si\u0119 z\u0142u kr\u0105\u017c\u0105cemu w twojej krwi i&nbsp;stawisz czo\u0142o mrocznemu przeznaczeniu? A mo\u017ce ulegniesz swej strasznej naturze i&nbsp;do\u0142\u0105czysz do panteonu bog\u00f3w jako nowy Pan Mordu?<\/p>\n<p>Kontynuuj podr\u00f3\u017c rozpocz\u0119t\u0105 w Baldur&#8217;s Gate: Enhanced Edition lub&nbsp;stw\u00f3rz now\u0105 posta\u0107 i&nbsp;wkrocz do \u015bwiata Dungeons and Dragons za spraw\u0105 legendarnej gry cRPG w rzucie izometrycznym. Gra Baldur&#8217;s Gate II: Enhanced Edition korzysta z&nbsp;ulepszonej wersji silnika Infinity. Zestaw zawiera przygod\u0119 podstawow\u0105 Cienie Amn, dodatek Tron Bhaala oraz&nbsp;zupe\u0142nie now\u0105 zawarto\u015b\u0107, w tym cztery nowe postacie.<\/p>\n<p>G\u0142\u00f3wne cechy<br \/>\n\u2022 Przygoda podstawowa Cienie Amn<br \/>\n\u2022 Dodatek Tron Bhaala<br \/>\n\u2022 Nowa przygoda: Kr\u0119gi Thay<br \/>\n\u2022 Nowe postacie: czarny stra\u017cnik Dorn Il-Khan, dziki mag Neera, mnich Rasaad yn Bashir i&nbsp;z\u0142odziejka Hexxat<br \/>\n\u2022 Natywna obs\u0142uga ekran\u00f3w panoramicznych o&nbsp;wysokiej rozdzielczo\u015bci<br \/>\n\u2022 Ulepszony tryb wieloosobowy z&nbsp;\u0142\u0105czno\u015bci\u0105 pomi\u0119dzy wszystkimi platformami<br \/>\n\u2022 Setki poprawek i&nbsp;ulepsze\u0144 w grze<\/p>\n<p>Uwaga: polska wersja j\u0119zykowa jest wersj\u0105 kinow\u0105 i&nbsp;zawiera kwestie m\u00f3wione w j\u0119zyku angielskim.<\/p>\n<p><\/p>","protected":false},"excerpt":{"rendered":"<p>Porwanie. Niewola. Tortury. Mag Irenicus przetrzymuje ci\u0119 w swojej twierdzy, pr\u00f3buj\u0105c pozbawi\u0107 ci\u0119 wrodzonych mocy. Czy oprzesz si\u0119 z\u0142u kr\u0105\u017c\u0105cemu w twojej krwi i&nbsp;stawisz czo\u0142o mrocznemu przeznaczeniu? A mo\u017ce ulegniesz swej strasznej naturze i&nbsp;do\u0142\u0105czysz do panteonu bog\u00f3w jako nowy Pan Mordu? Kontynuuj podr\u00f3\u017c rozpocz\u0119t\u0105 w Baldur&#8217;s Gate: Enhanced Edition lub&nbsp;stw\u00f3rz now\u0105 posta\u0107 i&nbsp;wkrocz do \u015bwiata [&hellip;]<\/p>\n","protected":false},"featured_media":708166,"comment_status":"closed","ping_status":"closed","template":"","meta":{"ub_ctt_via":""},"product_cat":[127,89],"product_tag":[218],"class_list":["post-708019","product","type-product","status-publish","has-post-thumbnail","hentry","product_cat-adventure","product_cat-rpg","product_tag-games","platform-steam-works"],"_links":{"self":[{"href":"https:\/\/neuvee.com\/pl\/wp-json\/wp\/v2\/product\/708019","targetHints":{"allow":["GET"]}}],"collection":[{"href":"https:\/\/neuvee.com\/pl\/wp-json\/wp\/v2\/product"}],"about":[{"href":"https:\/\/neuvee.com\/pl\/wp-json\/wp\/v2\/types\/product"}],"replies":[{"embeddable":true,"href":"https:\/\/neuvee.com\/pl\/wp-json\/wp\/v2\/comments?post=708019"}],"wp:featuredmedia":[{"embeddable":true,"href":"https:\/\/neuvee.com\/pl\/wp-json\/wp\/v2\/media\/708166"}],"wp:attachment":[{"href":"https:\/\/neuvee.com\/pl\/wp-json\/wp\/v2\/media?parent=708019"}],"wp:term":[{"taxonomy":"product_cat","embeddable":true,"href":"https:\/\/neuvee.com\/pl\/wp-json\/wp\/v2\/product_cat?post=708019"},{"taxonomy":"product_tag","embeddable":true,"href":"https:\/\/neuvee.com\/pl\/wp-json\/wp\/v2\/product_tag?post=708019"}],"curies":[{"name":"wp","href":"https:\/\/api.w.org\/{rel}","templated":true}]}}