{"id":708018,"date":"2024-04-04T16:36:44","date_gmt":"2024-04-04T16:36:44","guid":{"rendered":"https:\/\/neuvee.com\/?post_type=product&#038;p=708018"},"modified":"2025-05-19T14:02:25","modified_gmt":"2025-05-19T14:02:25","slug":"balatro-4","status":"publish","type":"product","link":"https:\/\/neuvee.com\/pl\/product\/balatro-4\/","title":{"rendered":"BALATRO"},"content":{"rendered":"<p>Balatro to inspirowany pokerem roguelike z&nbsp;elementami budowania talii, kt\u00f3rego sednem s\u0105 pot\u0119\u017cne synergiczne zagrania i&nbsp;wielkie wygrane.<br \/>\nNiezmierzone mo\u017cliwo\u015bci<br \/>\n\u0141\u0105cz dozwolone pokerowe r\u0119ce z&nbsp;unikalnymi jokerami, aby uzyskiwa\u0107 najr\u00f3\u017cniejsze synergie i&nbsp;po\u0142\u0105czenia. Zdobywaj do\u015b\u0107 \u017ceton\u00f3w, by radzi\u0107 sobie z&nbsp;podst\u0119pnymi blindami, odkrywaj\u0105c przy w tym w toku post\u0119p\u00f3w dodatkowe, ukryte r\u0119ce i&nbsp;talie. Ka\u017cda przewaga b\u0119dzie bezcenna na drodze do bossa blind\u00f3w, pobi\u0107 ostateczn\u0105 stawk\u0119 i&nbsp;wygra\u0107.<\/p>\n<p>&#8211; Niewiarygodna frajda z&nbsp;po\u0142\u0105czenia pokera i&nbsp;roguelike.<\/p>\n<p>&#8211; Niezmierzone mo\u017cliwo\u015bci \u2013 ka\u017cda dobrana czy odrzucona karta b\u0105d\u017a&nbsp;joker mog\u0105 zupe\u0142nie odmieni\u0107 bieg danego podej\u015bcia.<\/p>\n<p>&#8211; Rozbudowany tryb kampanii z&nbsp;8 poziomami trudno\u015bci, a&nbsp;tak\u017ce wyzwania oraz&nbsp;codzienne i&nbsp;rozstawione podej\u015bcia.<br \/>\nRozpracuj gr\u0119<br \/>\nSprawnie korzystaj z&nbsp;ca\u0142ej gamy narz\u0119dzi: r\u00f3\u017cnych talii, kart tarota, kart planet, kart astralnych i&nbsp;kupon\u00f3w. Wykorzystuj r\u00f3\u017cnorodne zagrania, aby budowa\u0107 zwariowane kombinacje i&nbsp;kompletowa\u0107 turbodo\u0142adowane pokerowe r\u0119ce, pozwalaj\u0105ce na uzyskiwanie pasjonuj\u0105cych i&nbsp;ekscytuj\u0105cych synergii.<\/p>\n<p>&#8211; 150 joker\u00f3w \u2013 ka\u017cdy z&nbsp;unikalnymi zdolno\u015bciami<\/p>\n<p>&#8211; 15 talii z&nbsp;odmiennymi modyfikatorami do wykorzystania w kolejnych podej\u015bciach<\/p>\n<p>&#8211; 5 wariant\u00f3w ka\u017cdego jokera, pozwalaj\u0105cych doda\u0107 nowe zdolno\u015bci<\/p>\n<p>&#8211; 21 warianty kart tarota, wzmacniaj\u0105cych zwyczajne karty do gry<\/p>\n<p>&#8211; 11 kart planet, kt\u00f3re wzmacniaj\u0105 dost\u0119pne pokerowe r\u0119ce<\/p>\n<p>&#8211; 32 karty kupon\u00f3w, dostarczaj\u0105ce sta\u0142e wzmocnienia na dane podej\u015bcie<br \/>\nZnajd\u017a w\u0142asny rytm<br \/>\nZanurz si\u0119 w wyj\u0105tkowym, psychodelicznym \u015bwiecie Balatro. Daj si\u0119 poch\u0142on\u0105\u0107 synthwave\u2019owej \u015bcie\u017cce d\u017awi\u0119kowej \u2013 rozlu\u017anij si\u0119, umknij przed codzienno\u015bci\u0105 i&nbsp;wsi\u0105knij w rougelike\u2019owy trans.<\/p>\n<p>&#8211; Powi\u0119kszaj swoj\u0105 kolekcj\u0119, odkrywaj\u0105c nowe karty i&nbsp;sekrety w ka\u017cdym podej\u015bciu.<\/p>\n<p>&#8211; Korzystaj z&nbsp;ekranu szczeg\u00f3\u0142owych statystyk, aby lepiej pozna\u0107 swoje najlepsze r\u0119ce, najcz\u0119\u015bciej u\u017cywane jokery i&nbsp;wi\u0119cej!<\/p>\n<p>&#8211; Daj si\u0119 poch\u0142on\u0105\u0107 szumowi CRT i&nbsp;ciesz si\u0119 szczeg\u00f3\u0142ow\u0105, stworzon\u0105 r\u0119cznie grafik\u0105 w stylu pixel art.<\/p>\n<p><\/p>","protected":false},"excerpt":{"rendered":"<p>Balatro to inspirowany pokerem roguelike z&nbsp;elementami budowania talii, kt\u00f3rego sednem s\u0105 pot\u0119\u017cne synergiczne zagrania i&nbsp;wielkie wygrane. Niezmierzone mo\u017cliwo\u015bci \u0141\u0105cz dozwolone pokerowe r\u0119ce z&nbsp;unikalnymi jokerami, aby uzyskiwa\u0107 najr\u00f3\u017cniejsze synergie i&nbsp;po\u0142\u0105czenia. Zdobywaj do\u015b\u0107 \u017ceton\u00f3w, by radzi\u0107 sobie z&nbsp;podst\u0119pnymi blindami, odkrywaj\u0105c przy w tym w toku post\u0119p\u00f3w dodatkowe, ukryte r\u0119ce i&nbsp;talie. Ka\u017cda przewaga b\u0119dzie bezcenna na drodze do [&hellip;]<\/p>\n","protected":false},"featured_media":708230,"comment_status":"closed","ping_status":"closed","template":"","meta":{"ub_ctt_via":""},"product_cat":[223,221,222],"product_tag":[218],"class_list":["post-708018","product","type-product","status-publish","has-post-thumbnail","hentry","product_cat-casual","product_cat-indie","product_cat-strategy","product_tag-games","platform-steam-works"],"_links":{"self":[{"href":"https:\/\/neuvee.com\/pl\/wp-json\/wp\/v2\/product\/708018","targetHints":{"allow":["GET"]}}],"collection":[{"href":"https:\/\/neuvee.com\/pl\/wp-json\/wp\/v2\/product"}],"about":[{"href":"https:\/\/neuvee.com\/pl\/wp-json\/wp\/v2\/types\/product"}],"replies":[{"embeddable":true,"href":"https:\/\/neuvee.com\/pl\/wp-json\/wp\/v2\/comments?post=708018"}],"wp:featuredmedia":[{"embeddable":true,"href":"https:\/\/neuvee.com\/pl\/wp-json\/wp\/v2\/media\/708230"}],"wp:attachment":[{"href":"https:\/\/neuvee.com\/pl\/wp-json\/wp\/v2\/media?parent=708018"}],"wp:term":[{"taxonomy":"product_cat","embeddable":true,"href":"https:\/\/neuvee.com\/pl\/wp-json\/wp\/v2\/product_cat?post=708018"},{"taxonomy":"product_tag","embeddable":true,"href":"https:\/\/neuvee.com\/pl\/wp-json\/wp\/v2\/product_tag?post=708018"}],"curies":[{"name":"wp","href":"https:\/\/api.w.org\/{rel}","templated":true}]}}