{"id":708014,"date":"2024-04-04T16:34:58","date_gmt":"2024-04-04T16:34:58","guid":{"rendered":"https:\/\/neuvee.com\/?post_type=product&#038;p=708014"},"modified":"2025-05-19T13:48:24","modified_gmt":"2025-05-19T13:48:24","slug":"axis-allies-1942-online","status":"publish","type":"product","link":"https:\/\/neuvee.com\/pl\/product\/axis-allies-1942-online\/","title":{"rendered":"AXIS &#038; ALLIES 1942 ONLINE"},"content":{"rendered":"<p>DO\u0141\u0104CZ DO WALKI.<br \/>\nZagraj w klasyczn\u0105 gr\u0119 planszow\u0105 Hasbro Axis &#038; Allies 1942 Second Edition na iPadzie!Ta gra planszowa zmie\u015bci si\u0119 zar\u00f3wno w twoich d\u0142oniach jak i&nbsp;w twoim napi\u0119tym harmonogramie. Otrzymasz powiadomienie o&nbsp;twojej turze i&nbsp;b\u0119dziesz m\u00f3c wydawa\u0107 armiom rozkazy, kiedy tylko chcesz!<br \/>\nZjednocz si\u0142y z&nbsp;przyjaci\u00f3\u0142mi na r\u00f3\u017cnych platformach, staw czo\u0142a najlepszym na \u015bwiecie przeciwnikom w sezonach rankingowych, graj samotnie przeciwko SI lub&nbsp;ze znajomym na tym samym tablecie!<br \/>\nSZCZEG\u00d3\u0141Y<br \/>\nOficjalne zasady<br \/>\n\u2013 Gra korzysta z&nbsp;zasad Axis &#038; Allies 1942 Second Edition firmy Hasbro<br \/>\n\u2013 Wybierz pomi\u0119dzy dwoma scenariuszami i&nbsp;warunkami zwyci\u0119stwa!<br \/>\n\u2013 Alianci: Poprowad\u017a swoje si\u0142y jako Wielka Brytania, USA lub&nbsp;ZSRR<br \/>\n\u2013 Pa\u0144stwa Osi: Pokieruj si\u0142ami Niemiec lub&nbsp;Japonii i&nbsp;przygotuj si\u0119 do bitwy!<\/p>\n<p>Nauka gry<br \/>\n\u2013 Doskona\u0142y start dla nowych graczy \u2013 nie trzeba niczego rozk\u0142ada\u0107 lub&nbsp;sk\u0142ada\u0107!<br \/>\n\u2013 Samouczki i&nbsp;porady w grze pomagaj\u0105 pocz\u0105tkuj\u0105cym nabra\u0107 wprawy<\/p>\n<p>Tryb turowy (asynchroniczny)<br \/>\n\u2013 W pe\u0142ni turowy tryb gry wpasuje si\u0119 do twojego napi\u0119tego harmonogramu!<br \/>\n\u2013 Gry rankingowe daj\u0105 24 godziny na zako\u0144czenie tury<br \/>\n\u2013 Zamiast ci\u0105g\u0142ej gry przez wiele godzin mo\u017cesz reagowa\u0107 jedynie na powiadomienia o&nbsp;twojej turze i&nbsp;korzysta\u0107 z&nbsp;dziennika wojennego, by zobaczy\u0107 wszystko to, co wydarzy\u0142o si\u0119 w mi\u0119dzyczasie (mo\u017cesz r\u00f3wnie\u017c przygl\u0105da\u0107 si\u0119 walce w czasie rzeczywistym \u2013 ta opcja r\u00f3wnie\u017c jest dost\u0119pna!)<\/p>\n<p>Konta i&nbsp;profile graczy<br \/>\n\u2013 \u015aled\u017a swoje statystyki i&nbsp;stosunek wygranych do przegranych dla ka\u017cdej ze stron<br \/>\n\u2013 Twoje konto dow\u00f3dcy jest synchronizowane pomi\u0119dzy r\u00f3\u017cnymi urz\u0105dzeniami<br \/>\n\u2013 Mo\u017cesz p\u0142ynnie przeskakiwa\u0107 pomi\u0119dzy iPadem i&nbsp;komputerem, by wykonywa\u0107 ruchy, sprawdza\u0107 statystyki i&nbsp;\u0142\u0105czy\u0107 si\u0119 z&nbsp;przyjaci\u00f3\u0142mi<\/p>\n<p>Tryby ko\u015bci<br \/>\n\u2013 Tryb standardowy symuluj\u0105cy losowo\u015b\u0107 rzut\u00f3w ko\u015b\u0107mi<br \/>\n\u2013 Tryb niskiego szcz\u0119\u015bcia u\u017cywa u\u015brednionych warto\u015bci do obliczania trafie\u0144<br \/>\n\u2013 Tryb ustawionych ko\u015bci oferuje wi\u0119cej wynik\u00f3w 2, 3 i&nbsp;4 ni\u017c 1 i&nbsp;6<\/p>\n<p>Wci\u0105gaj\u0105ca rozgrywka<br \/>\n\u2013 Wysokiej jako\u015bci grafika, muzyka i&nbsp;efekty dodaj\u0105 dramatyzmu twoim zmaganiom!<br \/>\nTRYBY GRY<br \/>\nJednoosobowy<br \/>\n\u2013 Gry nierankingowe przeciwko SI<br \/>\n\u2013 Doskonale nadaje si\u0119 do nauki gry lub&nbsp;testowania strategii<\/p>\n<p>Gor\u0105ce krzes\u0142o<br \/>\n\u2013 Przekazujcie sobie tablet, by gra\u0107 wsp\u00f3lnie z&nbsp;rodzin\u0105 i&nbsp;przyjaci\u00f3\u0142mi<\/p>\n<p>Sieciowa gra wieloosobowa<br \/>\n\u2013 Wieloplatformowa rozgrywka pomi\u0119dzy tabletami i&nbsp;komputerami<br \/>\n\u2013 Spersonalizowane rozgrywki od 2 do 5 graczy<br \/>\n\u2013 W ka\u017cdej rozgrywce udzia\u0142 bra\u0107 mo\u017ce mieszanka ludzi i&nbsp;SI<\/p>\n<p>Sezony rankingowe<br \/>\n\u2013 Staw czo\u0142a najlepszym na \u015bwiecie przeciwnikom w sezonach rankingowych<br \/>\n\u2013 Zdobywaj nowe rangi, by uzyska\u0107 nale\u017cne ci uznanie: Dost\u0119pne poziomy to drewniany, br\u0105zowy, srebrny, z\u0142oty i&nbsp;platynowy!<br \/>\n\u2013 System wyszukiwanie przeciwnik\u00f3w automatycznie dobiera osoby na podobnych poziomach<br \/>\nWIOSNA 1942\u2026 \u015aWIAT JEST POGR\u0104\u017bONY W WOJNIE<br \/>\nNiemieckie si\u0142y pancerne ruszaj\u0105 z&nbsp;pr\u0119dko\u015bci\u0105 blitzkriegu na zach\u00f3d do Francji i&nbsp;napieraj\u0105 na Sowiet\u00f3w w Europie Wschodniej. Stany Zjednoczone do\u0142\u0105czaj\u0105 do walki w odpowiedzi na japo\u0144sk\u0105 agresj\u0119 na Pacyfiku. Wielka Brytania zbiera sojusznik\u00f3w, podczas gdy bombowce wroga nios\u0105 zagro\u017cenie na jej niebie. Rok 1942. \u015awiat pogr\u0105\u017cony jest w wojnie!<br \/>\nZwyci\u0119stwo przypadnie w udziale stronie, kt\u00f3ra pokona przeciwnik\u00f3w na polu walki i&nbsp;zajmie najwi\u0119ksze miasta \u015bwiata. Czy pa\u0144stwa Osi b\u0119d\u0105 w stanie przej\u0105\u0107 kontrol\u0119 nad ca\u0142ym \u015bwiatem bez przeszk\u00f3d, czy te\u017c Alianci zbior\u0105 si\u0142y, by odeprze\u0107 imperialistyczn\u0105 tyrani\u0119? Wyzwij swoich przyjaci\u00f3\u0142 i&nbsp;zmie\u0144 bieg historii!<\/p>\n<p><\/p>","protected":false},"excerpt":{"rendered":"<p>DO\u0141\u0104CZ DO WALKI. Zagraj w klasyczn\u0105 gr\u0119 planszow\u0105 Hasbro Axis &#038; Allies 1942 Second Edition na iPadzie!Ta gra planszowa zmie\u015bci si\u0119 zar\u00f3wno w twoich d\u0142oniach jak i&nbsp;w twoim napi\u0119tym harmonogramie. Otrzymasz powiadomienie o&nbsp;twojej turze i&nbsp;b\u0119dziesz m\u00f3c wydawa\u0107 armiom rozkazy, kiedy tylko chcesz! Zjednocz si\u0142y z&nbsp;przyjaci\u00f3\u0142mi na r\u00f3\u017cnych platformach, staw czo\u0142a najlepszym na \u015bwiecie przeciwnikom w [&hellip;]<\/p>\n","protected":false},"featured_media":708069,"comment_status":"closed","ping_status":"closed","template":"","meta":{"ub_ctt_via":""},"product_cat":[222],"product_tag":[218],"class_list":["post-708014","product","type-product","status-publish","has-post-thumbnail","hentry","product_cat-strategy","product_tag-games","platform-steam-works"],"_links":{"self":[{"href":"https:\/\/neuvee.com\/pl\/wp-json\/wp\/v2\/product\/708014","targetHints":{"allow":["GET"]}}],"collection":[{"href":"https:\/\/neuvee.com\/pl\/wp-json\/wp\/v2\/product"}],"about":[{"href":"https:\/\/neuvee.com\/pl\/wp-json\/wp\/v2\/types\/product"}],"replies":[{"embeddable":true,"href":"https:\/\/neuvee.com\/pl\/wp-json\/wp\/v2\/comments?post=708014"}],"wp:featuredmedia":[{"embeddable":true,"href":"https:\/\/neuvee.com\/pl\/wp-json\/wp\/v2\/media\/708069"}],"wp:attachment":[{"href":"https:\/\/neuvee.com\/pl\/wp-json\/wp\/v2\/media?parent=708014"}],"wp:term":[{"taxonomy":"product_cat","embeddable":true,"href":"https:\/\/neuvee.com\/pl\/wp-json\/wp\/v2\/product_cat?post=708014"},{"taxonomy":"product_tag","embeddable":true,"href":"https:\/\/neuvee.com\/pl\/wp-json\/wp\/v2\/product_tag?post=708014"}],"curies":[{"name":"wp","href":"https:\/\/api.w.org\/{rel}","templated":true}]}}