{"id":708011,"date":"2024-04-04T16:33:53","date_gmt":"2024-04-04T16:33:53","guid":{"rendered":"https:\/\/neuvee.com\/?post_type=product&#038;p=708011"},"modified":"2025-05-19T13:47:43","modified_gmt":"2025-05-19T13:47:43","slug":"anvil-saga","status":"publish","type":"product","link":"https:\/\/neuvee.com\/pl\/product\/anvil-saga\/","title":{"rendered":"ANVIL SAGA"},"content":{"rendered":"<p>Zmie\u0144 zrujnowan\u0105 ku\u017ani\u0119 w odnosz\u0105ce sukcesy przedsi\u0119wzi\u0119cie w wymagaj\u0105cym i&nbsp;niesko\u0144czenie zr\u00f3\u017cnicowanym \u015bwiecie! Rozpraw si\u0119 z&nbsp;lokalnymi bandytami, lordami, kap\u0142anami, a&nbsp;tak\u017ce \u017co\u0142nierzami francuskimi i&nbsp;angielskimi. Zarz\u0105dzaj pracownikami z&nbsp;r\u00f3\u017cnymi dziwactwami, ulepszaj obiekty i&nbsp;narz\u0119dzia, aby tworzy\u0107 lepsze towary, dekoruj swoj\u0105 ku\u017ani\u0119, aby przyci\u0105gn\u0105\u0107 dobrze p\u0142ac\u0105cych klient\u00f3w, a&nbsp;co najwa\u017cniejsze \u2013 nie daj si\u0119 \u015bci\u0105\u0107.<br \/>\nZbuduj ku\u017ani\u0119 swoich marze\u0144<br \/>\nBuduj nowe pokoje i&nbsp;podziemne obiekty, aby powi\u0119kszy\u0107 swoj\u0105 ku\u017ani\u0119 i&nbsp;podejmowa\u0107 trudniejsze zlecenia. Od prostego warsztatu po pomieszczenia mieszkalne, si\u0142owni\u0119 czy bibliotek\u0119 \u2013 ka\u017cdy pok\u00f3j musi by\u0107 wyposa\u017cony w odpowiednie meble i&nbsp;wystr\u00f3j.<\/p>\n<p>Podejmuj decyzje i&nbsp;rad\u017a sobie z&nbsp;ich konsekwencjami<br \/>\nKlienci, relacje i&nbsp;decyzje \u2013 to wszystko ma znaczenie! Utrzymaj swoj\u0105 reputacj\u0119 dzi\u0119ki walcz\u0105cym ze sob\u0105 frakcjom, z&nbsp;kt\u00f3rych ka\u017cda oferuje ochron\u0119 i&nbsp;premie dla twojego rozwijaj\u0105cego si\u0119 przedsi\u0119biorstwa. Zam\u00f3wienia, kt\u00f3re zdecydujesz si\u0119 wype\u0142ni\u0107 i&nbsp;spos\u00f3b, w jaki radzisz sobie z&nbsp;ka\u017cd\u0105 frakcj\u0105, maj\u0105 wp\u0142yw na \u015bwiat gry i&nbsp;prowadz\u0105 do wielu tragicznych, zabawnych lub&nbsp;osza\u0142amiaj\u0105cych rezultat\u00f3w.<\/p>\n<p>Zosta\u0144 s\u0142ynnym rzemie\u015blnikiem<br \/>\nZarz\u0105dzaj zam\u00f3wieniami i&nbsp;staraj si\u0119 podnosi\u0107 sw\u00f3j presti\u017c, aby przyci\u0105ga\u0107 bogatych i&nbsp;s\u0142awnych. Wypatruj unikalnych zam\u00f3wie\u0144, na kt\u00f3rych zarobisz wi\u0119cej, takich jak pro\u015bba barona o&nbsp;wykonanie najpi\u0119kniejszego pier\u015bcienia dla jego c\u00f3rki lub&nbsp;wys\u0142annik kr\u00f3la \u017c\u0105daj\u0105cy wykucia jedynego w swoim rodzaju miecza.<\/p>\n<p>Stw\u00f3rz zesp\u00f3\u0142 profesjonalist\u00f3w<br \/>\nZarz\u0105dzaj pracownikami o&nbsp;r\u00f3\u017cnych umiej\u0119tno\u015bciach, poziomach wynagrodzenia, potrzebach i&nbsp;osobowo\u015bciach. Dbaj o&nbsp;ich zadowolenie, buduj\u0105c specjalne pomieszczenia, instaluj\u0105c udogodnienia i&nbsp;dekoruj\u0105c ich pokoje. Wyposa\u017c swoich pracownik\u00f3w w specjalne narz\u0119dzia do szybszej pracy i&nbsp;pom\u00f3\u017c ulepszy\u0107 ich rzemios\u0142o, dodaj\u0105c nowe ksi\u0105\u017cki do swojej biblioteki.<\/p>\n<p><\/p>","protected":false},"excerpt":{"rendered":"<p>Zmie\u0144 zrujnowan\u0105 ku\u017ani\u0119 w odnosz\u0105ce sukcesy przedsi\u0119wzi\u0119cie w wymagaj\u0105cym i&nbsp;niesko\u0144czenie zr\u00f3\u017cnicowanym \u015bwiecie! Rozpraw si\u0119 z&nbsp;lokalnymi bandytami, lordami, kap\u0142anami, a&nbsp;tak\u017ce \u017co\u0142nierzami francuskimi i&nbsp;angielskimi. Zarz\u0105dzaj pracownikami z&nbsp;r\u00f3\u017cnymi dziwactwami, ulepszaj obiekty i&nbsp;narz\u0119dzia, aby tworzy\u0107 lepsze towary, dekoruj swoj\u0105 ku\u017ani\u0119, aby przyci\u0105gn\u0105\u0107 dobrze p\u0142ac\u0105cych klient\u00f3w, a&nbsp;co najwa\u017cniejsze \u2013 nie daj si\u0119 \u015bci\u0105\u0107. Zbuduj ku\u017ani\u0119 swoich marze\u0144 Buduj nowe pokoje [&hellip;]<\/p>\n","protected":false},"featured_media":708203,"comment_status":"closed","ping_status":"closed","template":"","meta":{"ub_ctt_via":""},"product_cat":[221,89,78],"product_tag":[218],"class_list":["post-708011","product","type-product","status-publish","has-post-thumbnail","hentry","product_cat-indie","product_cat-rpg","product_cat-simulation","product_tag-games","platform-steam-works"],"_links":{"self":[{"href":"https:\/\/neuvee.com\/pl\/wp-json\/wp\/v2\/product\/708011","targetHints":{"allow":["GET"]}}],"collection":[{"href":"https:\/\/neuvee.com\/pl\/wp-json\/wp\/v2\/product"}],"about":[{"href":"https:\/\/neuvee.com\/pl\/wp-json\/wp\/v2\/types\/product"}],"replies":[{"embeddable":true,"href":"https:\/\/neuvee.com\/pl\/wp-json\/wp\/v2\/comments?post=708011"}],"wp:featuredmedia":[{"embeddable":true,"href":"https:\/\/neuvee.com\/pl\/wp-json\/wp\/v2\/media\/708203"}],"wp:attachment":[{"href":"https:\/\/neuvee.com\/pl\/wp-json\/wp\/v2\/media?parent=708011"}],"wp:term":[{"taxonomy":"product_cat","embeddable":true,"href":"https:\/\/neuvee.com\/pl\/wp-json\/wp\/v2\/product_cat?post=708011"},{"taxonomy":"product_tag","embeddable":true,"href":"https:\/\/neuvee.com\/pl\/wp-json\/wp\/v2\/product_tag?post=708011"}],"curies":[{"name":"wp","href":"https:\/\/api.w.org\/{rel}","templated":true}]}}