{"id":708010,"date":"2024-04-04T16:33:19","date_gmt":"2024-04-04T16:33:19","guid":{"rendered":"https:\/\/neuvee.com\/?post_type=product&#038;p=708010"},"modified":"2025-05-19T13:47:36","modified_gmt":"2025-05-19T13:47:36","slug":"animal-shelter-vet-clinic-dlc","status":"publish","type":"product","link":"https:\/\/neuvee.com\/pl\/product\/animal-shelter-vet-clinic-dlc\/","title":{"rendered":"ANIMAL SHELTER &#8211; VET CLINIC DLC"},"content":{"rendered":"<p>Rozszerz swoje do\u015bwiadczenie w opiece nad zwierz\u0119tami i&nbsp;zosta\u0144 prawdziwym bohaterem dla swoich futrzastych przyjaci\u00f3\u0142 z&nbsp;Vet Clinic DLC, otwieraj\u0105c w\u0142asn\u0105 klinik\u0119 weterynaryjn\u0105 dla zwierz\u0105t! \ud83e\udd7c<\/p>\n<p>G\u0142\u00f3wne cechy Vet Clinic DLC:<\/p>\n<p>Prowad\u017a w\u0142asn\u0105 klinik\u0119 weterynaryjn\u0105! Zosta\u0144 szefem swojej kliniki weterynaryjnej i&nbsp;podejmuj krytyczne decyzje, zarz\u0105dzaj swoimi narz\u0119dziami i&nbsp;inwestuj w nowoczesny sprz\u0119t, aby pom\u00f3c ka\u017cdemu zwierz\u0119ciu.<\/p>\n<p>Skorzystaj z&nbsp;nowego panelu medycznego. Przejd\u017a przez nowy i&nbsp;ulepszony proces diagnostyczny i&nbsp;korzystaj z&nbsp;zupe\u0142nie nowego sprz\u0119tu: stetoskopu, ultrasonografii, rentgena, mikroskopu i&nbsp;analizatora pr\u00f3bek. Wykonuj r\u00f3\u017cnorodne zabiegi na r\u00f3\u017cne choroby. Rozwijaj i&nbsp;dostosowuj swoj\u0105 klinik\u0119, dekoruj\u0105c j\u0105 i&nbsp;dodaj\u0105c nowy sprz\u0119t.<\/p>\n<p>Dbaj o&nbsp;zwierz\u0119ta, aby choroby zaka\u017ane nie rozprzestrzenia\u0142y si\u0119 mi\u0119dzy nimi! Przyjmij chore zwierz\u0119ta potrzebuj\u0105ce pomocy medycznej. Zbieraj nowe osi\u0105gni\u0119cia i&nbsp;b\u0105d\u017a gotowy na wyzwania w Vet Clinic DLC!<\/p>\n<p>Opieka nad zwierz\u0119tami to nie tylko zbi\u00f3r umiej\u0119tno\u015bci weterynaryjnych, ale tak\u017ce mi\u0142o\u015b\u0107, troska i&nbsp;odpowiedzialno\u015b\u0107 za naszych futrzastych przyjaci\u00f3\u0142. Wejd\u017a do Vet Clinic DLC i&nbsp;zacznij pomaga\u0107 naszym czworono\u017cnym przyjacio\u0142om ju\u017c teraz!<\/p>\n<p><\/p>","protected":false},"excerpt":{"rendered":"<p>Rozszerz swoje do\u015bwiadczenie w opiece nad zwierz\u0119tami i&nbsp;zosta\u0144 prawdziwym bohaterem dla swoich futrzastych przyjaci\u00f3\u0142 z&nbsp;Vet Clinic DLC, otwieraj\u0105c w\u0142asn\u0105 klinik\u0119 weterynaryjn\u0105 dla zwierz\u0105t! \ud83e\udd7c G\u0142\u00f3wne cechy Vet Clinic DLC: Prowad\u017a w\u0142asn\u0105 klinik\u0119 weterynaryjn\u0105! Zosta\u0144 szefem swojej kliniki weterynaryjnej i&nbsp;podejmuj krytyczne decyzje, zarz\u0105dzaj swoimi narz\u0119dziami i&nbsp;inwestuj w nowoczesny sprz\u0119t, aby pom\u00f3c ka\u017cdemu zwierz\u0119ciu. Skorzystaj z&nbsp;nowego panelu [&hellip;]<\/p>\n","protected":false},"featured_media":708096,"comment_status":"closed","ping_status":"closed","template":"","meta":{"ub_ctt_via":""},"product_cat":[127,223,221,78],"product_tag":[218],"class_list":["post-708010","product","type-product","status-publish","has-post-thumbnail","hentry","product_cat-adventure","product_cat-casual","product_cat-indie","product_cat-simulation","product_tag-games","platform-steam-works"],"_links":{"self":[{"href":"https:\/\/neuvee.com\/pl\/wp-json\/wp\/v2\/product\/708010","targetHints":{"allow":["GET"]}}],"collection":[{"href":"https:\/\/neuvee.com\/pl\/wp-json\/wp\/v2\/product"}],"about":[{"href":"https:\/\/neuvee.com\/pl\/wp-json\/wp\/v2\/types\/product"}],"replies":[{"embeddable":true,"href":"https:\/\/neuvee.com\/pl\/wp-json\/wp\/v2\/comments?post=708010"}],"wp:featuredmedia":[{"embeddable":true,"href":"https:\/\/neuvee.com\/pl\/wp-json\/wp\/v2\/media\/708096"}],"wp:attachment":[{"href":"https:\/\/neuvee.com\/pl\/wp-json\/wp\/v2\/media?parent=708010"}],"wp:term":[{"taxonomy":"product_cat","embeddable":true,"href":"https:\/\/neuvee.com\/pl\/wp-json\/wp\/v2\/product_cat?post=708010"},{"taxonomy":"product_tag","embeddable":true,"href":"https:\/\/neuvee.com\/pl\/wp-json\/wp\/v2\/product_tag?post=708010"}],"curies":[{"name":"wp","href":"https:\/\/api.w.org\/{rel}","templated":true}]}}