{"id":708009,"date":"2024-04-04T16:32:57","date_gmt":"2024-04-04T16:32:57","guid":{"rendered":"https:\/\/neuvee.com\/?post_type=product&#038;p=708009"},"modified":"2025-05-19T13:27:15","modified_gmt":"2025-05-19T13:27:15","slug":"animal-shelter-puppies-kittens-dlc","status":"publish","type":"product","link":"https:\/\/neuvee.com\/pl\/product\/animal-shelter-puppies-kittens-dlc\/","title":{"rendered":"ANIMAL SHELTER &#8211; PUPPIES &#038; KITTENS DLC"},"content":{"rendered":"<p>Animal Shelter &#8211; Puppies and Kittens DLC to najs\u0142odszy dodatek do Animal Shelter!<\/p>\n<p>Tym razem pod twoj\u0105 opiek\u0105 znajd\u0105 si\u0119 kotki i&nbsp;szczeniaczki!<\/p>\n<p>W tym wyj\u0105tkowym DLC zaopiekujesz si\u0119 ma\u0142ymi szczeniakami i&nbsp;koci\u0119tami. To bardzo wa\u017cne zadanie. Twoja praca b\u0119dzie polega\u0107 na znalezieniu dla nich nowego domu, by mog\u0142y sta\u0107 si\u0119 cz\u0119\u015bci\u0105 kochaj\u0105cej rodziny! W DLC pojawi\u0105 si\u0119 nowe wspania\u0142e funkcje, kt\u00f3re uczyni\u0105 rozgrywk\u0119 jeszcze ciekawsz\u0105. Oto niekt\u00f3re z&nbsp;nich:<\/p>\n<p> &#8211; Nowe budynki i&nbsp;dekoracje<\/p>\n<p> &#8211; Nowe animacje zwierz\u0105t, takie jak: przewracanie si\u0119, pr\u00f3ba ucieczki podczas g\u0142askania, pr\u00f3ba zaczepnego podgryzienia i&nbsp;wiele innych!<\/p>\n<p> &#8211; Nowa mechanika leczenia zwierzak\u00f3w<\/p>\n<p> &#8211; Karmienie pupili \u0142y\u017ck\u0105, w tym podawanie lek\u00f3w\/od\u017cywek<\/p>\n<p>I CO NAJWA\u017bNIEJSZE: R\u00d3\u017bNE ODMIANY SZCZENIACZK\u00d3W I KOTK\u00d3W<\/p>\n<p><\/p>","protected":false},"excerpt":{"rendered":"<p>Animal Shelter &#8211; Puppies and Kittens DLC to najs\u0142odszy dodatek do Animal Shelter! Tym razem pod twoj\u0105 opiek\u0105 znajd\u0105 si\u0119 kotki i&nbsp;szczeniaczki! W tym wyj\u0105tkowym DLC zaopiekujesz si\u0119 ma\u0142ymi szczeniakami i&nbsp;koci\u0119tami. To bardzo wa\u017cne zadanie. Twoja praca b\u0119dzie polega\u0107 na znalezieniu dla nich nowego domu, by mog\u0142y sta\u0107 si\u0119 cz\u0119\u015bci\u0105 kochaj\u0105cej rodziny! W DLC pojawi\u0105 [&hellip;]<\/p>\n","protected":false},"featured_media":708254,"comment_status":"closed","ping_status":"closed","template":"","meta":{"ub_ctt_via":""},"product_cat":[127,223,221,78],"product_tag":[218],"class_list":["post-708009","product","type-product","status-publish","has-post-thumbnail","hentry","product_cat-adventure","product_cat-casual","product_cat-indie","product_cat-simulation","product_tag-games","platform-steam-works"],"_links":{"self":[{"href":"https:\/\/neuvee.com\/pl\/wp-json\/wp\/v2\/product\/708009","targetHints":{"allow":["GET"]}}],"collection":[{"href":"https:\/\/neuvee.com\/pl\/wp-json\/wp\/v2\/product"}],"about":[{"href":"https:\/\/neuvee.com\/pl\/wp-json\/wp\/v2\/types\/product"}],"replies":[{"embeddable":true,"href":"https:\/\/neuvee.com\/pl\/wp-json\/wp\/v2\/comments?post=708009"}],"wp:featuredmedia":[{"embeddable":true,"href":"https:\/\/neuvee.com\/pl\/wp-json\/wp\/v2\/media\/708254"}],"wp:attachment":[{"href":"https:\/\/neuvee.com\/pl\/wp-json\/wp\/v2\/media?parent=708009"}],"wp:term":[{"taxonomy":"product_cat","embeddable":true,"href":"https:\/\/neuvee.com\/pl\/wp-json\/wp\/v2\/product_cat?post=708009"},{"taxonomy":"product_tag","embeddable":true,"href":"https:\/\/neuvee.com\/pl\/wp-json\/wp\/v2\/product_tag?post=708009"}],"curies":[{"name":"wp","href":"https:\/\/api.w.org\/{rel}","templated":true}]}}