{"id":708008,"date":"2024-04-04T16:32:36","date_gmt":"2024-04-04T16:32:36","guid":{"rendered":"https:\/\/neuvee.com\/?post_type=product&#038;p=708008"},"modified":"2025-05-19T14:21:10","modified_gmt":"2025-05-19T14:21:10","slug":"animal-shelter-horse-shelter-dlc","status":"publish","type":"product","link":"https:\/\/neuvee.com\/pl\/product\/animal-shelter-horse-shelter-dlc\/","title":{"rendered":"ANIMAL SHELTER &#8211; HORSE SHELTER DLC"},"content":{"rendered":"<p>Do\u015bwiadcz satysfakcjonuj\u0105cego \u015bwiata opieki nad ko\u0144mi w Animal Shelter &#8211; Horse Shelter DLC! \ud83d\udc34<\/p>\n<p>W tym DLC b\u0119dziesz m\u00f3g\u0142 otworzy\u0107 w\u0142asne schronisko dla koni i&nbsp;opiekowa\u0107 si\u0119 nimi. One potrzebuj\u0105 du\u017co mi\u0142o\u015bci! \ud83d\udc0e<\/p>\n<p>W Animal Shelter &#8211; Horse Shelter DLC opiekujemy si\u0119 znacznie wi\u0119kszymi zwierz\u0119tami, kt\u00f3re r\u00f3wnie\u017c zas\u0142uguj\u0105 na dobry dom. To DLC zawiera nie tylko konie, ale tak\u017ce nowe, \u015bwie\u017ce mechaniki, kt\u00f3re pozwol\u0105 Ci pozna\u0107 \u015bwiat Animal Shelter od nowa! \ud83d\ude0a<\/p>\n<p>DLC Horse Shelter zawiera:<\/p>\n<p>&#8211; Konie!<\/p>\n<p>&#8211; Ca\u0142kowicie nowy obszar schroniska dla koni<\/p>\n<p>&#8211; Jazda konna<\/p>\n<p>&#8211; Nowe budynki i&nbsp;obiekty<\/p>\n<p>&#8211; Zupe\u0142nie nowe przedmioty do Twojego schroniska<\/p>\n<p>&#8211; Nowa i&nbsp;ulepszona mechanika piel\u0119gnacji koni, karmienia, czyszczenia itp.<\/p>\n<p>I wiele wi\u0119cej!<\/p>\n<p>Otw\u00f3rz schronisko dla koni i&nbsp;pami\u0119taj, aby karmi\u0107 swoje konie marchewk\u0105, uwielbiaj\u0105 je! \ud83e\udd55<\/p>\n<p><\/p>","protected":false},"excerpt":{"rendered":"<p>Do\u015bwiadcz satysfakcjonuj\u0105cego \u015bwiata opieki nad ko\u0144mi w Animal Shelter &#8211; Horse Shelter DLC! \ud83d\udc34 W tym DLC b\u0119dziesz m\u00f3g\u0142 otworzy\u0107 w\u0142asne schronisko dla koni i&nbsp;opiekowa\u0107 si\u0119 nimi. One potrzebuj\u0105 du\u017co mi\u0142o\u015bci! \ud83d\udc0e W Animal Shelter &#8211; Horse Shelter DLC opiekujemy si\u0119 znacznie wi\u0119kszymi zwierz\u0119tami, kt\u00f3re r\u00f3wnie\u017c zas\u0142uguj\u0105 na dobry dom. To DLC zawiera nie tylko [&hellip;]<\/p>\n","protected":false},"featured_media":708293,"comment_status":"closed","ping_status":"closed","template":"","meta":{"ub_ctt_via":""},"product_cat":[127,223,221,78],"product_tag":[218],"class_list":["post-708008","product","type-product","status-publish","has-post-thumbnail","hentry","product_cat-adventure","product_cat-casual","product_cat-indie","product_cat-simulation","product_tag-games","platform-steam-works"],"_links":{"self":[{"href":"https:\/\/neuvee.com\/pl\/wp-json\/wp\/v2\/product\/708008","targetHints":{"allow":["GET"]}}],"collection":[{"href":"https:\/\/neuvee.com\/pl\/wp-json\/wp\/v2\/product"}],"about":[{"href":"https:\/\/neuvee.com\/pl\/wp-json\/wp\/v2\/types\/product"}],"replies":[{"embeddable":true,"href":"https:\/\/neuvee.com\/pl\/wp-json\/wp\/v2\/comments?post=708008"}],"wp:featuredmedia":[{"embeddable":true,"href":"https:\/\/neuvee.com\/pl\/wp-json\/wp\/v2\/media\/708293"}],"wp:attachment":[{"href":"https:\/\/neuvee.com\/pl\/wp-json\/wp\/v2\/media?parent=708008"}],"wp:term":[{"taxonomy":"product_cat","embeddable":true,"href":"https:\/\/neuvee.com\/pl\/wp-json\/wp\/v2\/product_cat?post=708008"},{"taxonomy":"product_tag","embeddable":true,"href":"https:\/\/neuvee.com\/pl\/wp-json\/wp\/v2\/product_tag?post=708008"}],"curies":[{"name":"wp","href":"https:\/\/api.w.org\/{rel}","templated":true}]}}