{"id":708007,"date":"2024-04-04T16:32:09","date_gmt":"2024-04-04T16:32:09","guid":{"rendered":"https:\/\/neuvee.com\/?post_type=product&#038;p=708007"},"modified":"2025-05-19T14:29:08","modified_gmt":"2025-05-19T14:29:08","slug":"animal-shelter","status":"publish","type":"product","link":"https:\/\/neuvee.com\/pl\/product\/animal-shelter\/","title":{"rendered":"ANIMAL SHELTER"},"content":{"rendered":"<p>Uratuj naszych czworono\u017cnych przyjaci\u00f3\u0142!<\/p>\n<p>W Animal Shelter Twoim g\u0142\u00f3wnym celem b\u0119dzie opieka, leczenie oraz&nbsp;zapewnienie schronienia podopiecznym. Czeka Ci\u0119 wiele wysi\u0142ku w prowadzeniu schroniska, kt\u00f3re stanie si\u0119 azylem dla ka\u017cdego potrzebuj\u0105cego stworzenia i&nbsp;przyczyni si\u0119 do znalezienia odpowiednich przysz\u0142ych w\u0142a\u015bcicieli. Pami\u0119tajmy, \u017ce przysz\u0142y duet w\u0142a\u015bciciel &#8211; pupil musi si\u0119 wzajemnie dope\u0142nia\u0107. Tw\u00f3j g\u0142\u00f3wny cel? Znalezienie zwierzakom odpowiedniego domu!<\/p>\n<p>R\u00f3b zdj\u0119cia<\/p>\n<p>Kto nie kocha robi\u0107 zdj\u0119\u0107 zwierzakom? Oddajemy Ci do dyspozycji Tw\u00f3j w\u0142asny fotopok\u00f3j, w kt\u00f3rym stworzysz niebanalne sesje zdj\u0119ciowe. Tw\u00f3rz, kombinuj, a&nbsp;na koniec wykorzystaj zdj\u0119cia jako dekoracje schroniska. To na pewno przyci\u0105gnie uwag\u0119 nowych odwiedzaj\u0105cych!<\/p>\n<p>Zadbaj o&nbsp;dobre samopoczucie swoich pupili<\/p>\n<p>Proces adopcji to bardzo d\u0142ugi i&nbsp;ci\u0119\u017cki okres dla Twoich zwierzak\u00f3w. Pami\u0119taj, aby monitorowa\u0107 ich potrzeby: od g\u0142odu, po stan zdrowia, na ch\u0119ci do zabawy i&nbsp;mi\u0142o\u015bci ko\u0144cz\u0105c. Z pomoc\u0105 przyjd\u0105 Ci tutaj specjalne imienne karty, kt\u00f3rych zadaniem b\u0119dzie wskazywanie aktualnych potrzeb milusi\u0144skich.<\/p>\n<p>Baw si\u0119 z&nbsp;nimi<\/p>\n<p>Pami\u0119taj! Wybawiony zwierzak to szcz\u0119\u015bliwy zwierzak! Podopieczni wi\u0119ksz\u0105 cz\u0119\u015b\u0107 swojego pobytu w plac\u00f3wce b\u0119d\u0105 sp\u0119dzali w wygodnych boxach. Musisz wi\u0119c&nbsp;zadba\u0107 o&nbsp;odpowiedni\u0105 dzienn\u0105 dawk\u0119 rozrywki oraz&nbsp;ruchu, aby pozosta\u0142y silne, zdrowe i&nbsp;zrelaksowane. Wi\u0119c g\u0142aszcz je, dawaj smako\u0142yki, baw si\u0119 pi\u0142eczkami b\u0105d\u017a&nbsp;laserami, a&nbsp;na pewno odp\u0142ac\u0105 Ci si\u0119 ogromnym zaufaniem i&nbsp;zadowolonym pyszczkiem!<\/p>\n<p>Wszystko na swoim miejscu<\/p>\n<p>Schronisko to nie tylko boksy &#8211; to tak\u017ce ca\u0142a masa innych budynk\u00f3w. W Twoje r\u0119ce oddajemy tryb budowy: zarz\u0105dzaj, kupuj nowe budynki, przestawiaj te ju\u017c istniej\u0105ce, poszerzaj teren &#8211; to Ty tu zarz\u0105dzasz! Pami\u0119taj, wszystko ma znaczenie, a&nbsp;rozstaw plac\u00f3wek nie jest tu wyj\u0105tkiem. Podejmuj decyzje z&nbsp;rozwag\u0105, bo&nbsp;w ko\u0144cu to Ty b\u0119dziesz przemieszcza\u0107 si\u0119 ze zwierzakami po schronisku.<\/p>\n<p>Rozwi\u0105zania godne podziwu?<\/p>\n<p>W Animal Shelter postawili\u015bmy na innowacyjno\u015b\u0107. Naszych rozwi\u0105za\u0144 nie znajdziesz w \u017cadnym innym schronisku. Przyk\u0142adem b\u0119dzie ca\u0142kowity brak g\u0142o\u015bnych ci\u0119\u017car\u00f3wek dostawczych. Na ich miejsce wskocz\u0105 szybkie i&nbsp;ciche drony. Fajnie, prawda? To na pewno zminimalizuje stres u zwierz\u0105t, kt\u00f3re niezbyt przepadaj\u0105 za ha\u0142asem, a&nbsp;to tylko jeden z&nbsp;pomys\u0142\u00f3w! W naszej grze znajdziesz ich o&nbsp;wiele wi\u0119cej!<\/p>\n<p><\/p>","protected":false},"excerpt":{"rendered":"<p>Uratuj naszych czworono\u017cnych przyjaci\u00f3\u0142! W Animal Shelter Twoim g\u0142\u00f3wnym celem b\u0119dzie opieka, leczenie oraz&nbsp;zapewnienie schronienia podopiecznym. Czeka Ci\u0119 wiele wysi\u0142ku w prowadzeniu schroniska, kt\u00f3re stanie si\u0119 azylem dla ka\u017cdego potrzebuj\u0105cego stworzenia i&nbsp;przyczyni si\u0119 do znalezienia odpowiednich przysz\u0142ych w\u0142a\u015bcicieli. Pami\u0119tajmy, \u017ce przysz\u0142y duet w\u0142a\u015bciciel &#8211; pupil musi si\u0119 wzajemnie dope\u0142nia\u0107. Tw\u00f3j g\u0142\u00f3wny cel? Znalezienie zwierzakom odpowiedniego [&hellip;]<\/p>\n","protected":false},"featured_media":708112,"comment_status":"closed","ping_status":"closed","template":"","meta":{"ub_ctt_via":""},"product_cat":[127,223,221,78],"product_tag":[218],"class_list":["post-708007","product","type-product","status-publish","has-post-thumbnail","hentry","product_cat-adventure","product_cat-casual","product_cat-indie","product_cat-simulation","product_tag-games","platform-steam-works"],"_links":{"self":[{"href":"https:\/\/neuvee.com\/pl\/wp-json\/wp\/v2\/product\/708007","targetHints":{"allow":["GET"]}}],"collection":[{"href":"https:\/\/neuvee.com\/pl\/wp-json\/wp\/v2\/product"}],"about":[{"href":"https:\/\/neuvee.com\/pl\/wp-json\/wp\/v2\/types\/product"}],"replies":[{"embeddable":true,"href":"https:\/\/neuvee.com\/pl\/wp-json\/wp\/v2\/comments?post=708007"}],"wp:featuredmedia":[{"embeddable":true,"href":"https:\/\/neuvee.com\/pl\/wp-json\/wp\/v2\/media\/708112"}],"wp:attachment":[{"href":"https:\/\/neuvee.com\/pl\/wp-json\/wp\/v2\/media?parent=708007"}],"wp:term":[{"taxonomy":"product_cat","embeddable":true,"href":"https:\/\/neuvee.com\/pl\/wp-json\/wp\/v2\/product_cat?post=708007"},{"taxonomy":"product_tag","embeddable":true,"href":"https:\/\/neuvee.com\/pl\/wp-json\/wp\/v2\/product_tag?post=708007"}],"curies":[{"name":"wp","href":"https:\/\/api.w.org\/{rel}","templated":true}]}}