{"id":706697,"date":"2024-02-17T20:56:13","date_gmt":"2024-02-17T20:56:13","guid":{"rendered":"https:\/\/neuvee.com\/?post_type=product&#038;p=706697"},"modified":"2025-05-19T13:52:59","modified_gmt":"2025-05-19T13:52:59","slug":"ultros-pre-order-4","status":"publish","type":"product","link":"https:\/\/neuvee.com\/pl\/product\/ultros-pre-order-4\/","title":{"rendered":"ULTROS PRE-ORDER"},"content":{"rendered":"<p>Informacje o\u00a0grze<br \/>\nNajwyra\u017aniej dosz\u0142o do katastrofy twojego statku na Sarkofagu \u2013 gigantycznej, unosz\u0105cej si\u0119 w przestrzeni, kosmicznej macicy, kt\u00f3ra utrzymuje demoniczn\u0105 istot\u0119 zwan\u0105 ULTROS. Tkwisz w wiecznej p\u0119tli czarnej dziury, musisz zbada\u0107 Sarkofag i&nbsp;pozna\u0107 jego mieszka\u0144c\u00f3w, aby zrozumie\u0107 swoj\u0105 rol\u0119&#8230;<br \/>\nPrzerwiesz ten cykl czy staniesz si\u0119 po\u0142\u0105czeniem pomi\u0119dzy zniszczeniem a&nbsp;odrodzeniem?<br \/>\nPSYCHODELICZNA WYPRAWA SCIENCE-FICTION<br \/>\nAkcja gry ULTROS rozgrywa si\u0119 w wielowymiarowym otoczeniu \u2013 w\u015br\u00f3d rozleg\u0142ych obcych krajobraz\u00f3w t\u0119tni\u0105cych \u017cyciem. ULTROS zatopiony jest w realiach science-fiction i&nbsp;zawiera ekscentryczny styl grafiki oraz&nbsp;mistyczn\u0105 \u015bcie\u017ck\u0119 d\u017awi\u0119kow\u0105 wizjonera El Huervo, znanego ze swej pracy przy Hotline Miami. ULTROS podejmuje meta-tematy zdrowia psychicznego, \u017cycia, \u015bmierci, a&nbsp;tak\u017ce cyklu karmy poprzez dopracowany \u015bwiat i&nbsp;narracj\u0119 otoczenia.<br \/>\n\u015aWIAT KONTRAST\u00d3W<br \/>\nWe\u017a udzia\u0142 w brutalnych walkach w zwarciu z&nbsp;kosmicznymi formami \u017cycia. Przez ca\u0142y czas czujesz presj\u0119 czasu, musisz dzia\u0142a\u0107 precyzyjnie, a&nbsp;ka\u017cde ci\u0119cie twojego ostrza ma znaczenie. Przeciwwag\u0105 dla walki jest uprawa ro\u015blinno\u015bci na Sarkofagu, zapewniaj\u0105ca cenne chwile kontemplacji i&nbsp;spokoju. Daje ona szerszy dost\u0119p do mniej ucz\u0119szczanych \u015bcie\u017cek.<br \/>\nTAJEMNICZA, WIELOWARSTWOWA P\u0118TLA<br \/>\nBogaty \u015bwiat ULTROS zawiera wiele tajemnic dla ciekawskich i&nbsp;nieustraszonych graczy. Niepowtarzalna mechanika p\u0119tli pozwala ci ponownie rozegra\u0107 kluczowe momenty fabu\u0142y, odkry\u0107 r\u00f3\u017cne tajemnice, odblokowa\u0107 r\u00f3\u017cne obszary \u015bwiata oraz&nbsp;skorzysta\u0107 z&nbsp;nowych zdolno\u015bci na rozga\u0142\u0119zionym drzewie rozwoju. Eksperymentuj i&nbsp;doszlifuj sw\u00f3j w\u0142asny styl walki, odkrywaj\u0105c \u015bwiat ULTROS. Ka\u017cda p\u0119tla przybli\u017ca ci\u0119 do prawdy&#8230;<\/p>\n<p><\/p>","protected":false},"excerpt":{"rendered":"<p>Informacje o\u00a0grze Najwyra\u017aniej dosz\u0142o do katastrofy twojego statku na Sarkofagu \u2013 gigantycznej, unosz\u0105cej si\u0119 w przestrzeni, kosmicznej macicy, kt\u00f3ra utrzymuje demoniczn\u0105 istot\u0119 zwan\u0105 ULTROS. Tkwisz w wiecznej p\u0119tli czarnej dziury, musisz zbada\u0107 Sarkofag i&nbsp;pozna\u0107 jego mieszka\u0144c\u00f3w, aby zrozumie\u0107 swoj\u0105 rol\u0119&#8230; Przerwiesz ten cykl czy staniesz si\u0119 po\u0142\u0105czeniem pomi\u0119dzy zniszczeniem a&nbsp;odrodzeniem? PSYCHODELICZNA WYPRAWA SCIENCE-FICTION Akcja gry [&hellip;]<\/p>\n","protected":false},"featured_media":707071,"comment_status":"closed","ping_status":"closed","template":"","meta":{"ub_ctt_via":""},"product_cat":[127,221],"product_tag":[218],"class_list":["post-706697","product","type-product","status-publish","has-post-thumbnail","hentry","product_cat-adventure","product_cat-indie","product_tag-games","platform-steam-works"],"_links":{"self":[{"href":"https:\/\/neuvee.com\/pl\/wp-json\/wp\/v2\/product\/706697","targetHints":{"allow":["GET"]}}],"collection":[{"href":"https:\/\/neuvee.com\/pl\/wp-json\/wp\/v2\/product"}],"about":[{"href":"https:\/\/neuvee.com\/pl\/wp-json\/wp\/v2\/types\/product"}],"replies":[{"embeddable":true,"href":"https:\/\/neuvee.com\/pl\/wp-json\/wp\/v2\/comments?post=706697"}],"wp:featuredmedia":[{"embeddable":true,"href":"https:\/\/neuvee.com\/pl\/wp-json\/wp\/v2\/media\/707071"}],"wp:attachment":[{"href":"https:\/\/neuvee.com\/pl\/wp-json\/wp\/v2\/media?parent=706697"}],"wp:term":[{"taxonomy":"product_cat","embeddable":true,"href":"https:\/\/neuvee.com\/pl\/wp-json\/wp\/v2\/product_cat?post=706697"},{"taxonomy":"product_tag","embeddable":true,"href":"https:\/\/neuvee.com\/pl\/wp-json\/wp\/v2\/product_tag?post=706697"}],"curies":[{"name":"wp","href":"https:\/\/api.w.org\/{rel}","templated":true}]}}