{"id":705847,"date":"2024-02-17T19:54:56","date_gmt":"2024-02-17T19:54:56","guid":{"rendered":"https:\/\/neuvee.com\/?post_type=product&#038;p=705847"},"modified":"2025-05-19T14:24:03","modified_gmt":"2025-05-19T14:24:03","slug":"pacific-drive","status":"publish","type":"product","link":"https:\/\/neuvee.com\/pl\/product\/pacific-drive\/","title":{"rendered":"PACIFIC DRIVE"},"content":{"rendered":"<p>Pacific Drive to pierwszoosobowa surwiwalowa gra jazdy, w kt\u00f3rej jedynym towarzyszem jest tw\u00f3j samoch\u00f3d. Odwied\u017a surrealistyczn\u0105 wersj\u0119 p\u00f3\u0142nocno-zachodniego wybrze\u017ca USA i&nbsp;zmierz si\u0119 z&nbsp;nadprzyrodzonymi niebezpiecze\u0144stwami Olimpijskiej Strefy Wykluczenia. W tej \u201egrze drogi\u201d wyruszasz na kolejne wyprawy i&nbsp;mierzysz si\u0119 z&nbsp;niepowtarzalnymi wyzwaniami. W opuszczonym warsztacie, kt\u00f3ry jest jednocze\u015bnie twoj\u0105 baz\u0105, musisz wyremontowa\u0107 i&nbsp;ulepszy\u0107 sw\u00f3j samoch\u00f3d. Zbieraj cenne zasoby i&nbsp;badaj, co jeszcze zosta\u0142o w Strefie. Odkryj dawno zapomnian\u0105 tajemnic\u0119 i&nbsp;naucz si\u0119 przetrwa\u0107 w nieprzewidywalnym wrogim otoczeniu.<br \/>\nCechy gry<\/p>\n<p>&#8211; Przego\u0144 burz\u0119 i&nbsp;zmierz si\u0119 z&nbsp;dziwnymi niebezpiecze\u0144stwami w \u015bwiecie, w kt\u00f3rym ka\u017cda wyprawa do Strefy jest inna.<\/p>\n<p>&#8211; Tw\u00f3j samoch\u00f3d, twoje zasady \u2013 zbieraj zasoby, wytwarzaj nowy sprz\u0119t i&nbsp;dowolnie konfiguruj swoje kombi. Eksperymentuj z&nbsp;r\u00f3\u017cnymi modyfikacjami i&nbsp;cz\u0119\u015bciami samochodu, aby przemierza\u0107 zdradliwy teren. Nie zapomnij o&nbsp;w\u0142asnym stylu!<\/p>\n<p>&#8211; Odkryj tajemnic\u0119 Olimpijskiej Strefy Wykluczenia, opuszczonego o\u015brodka badawczego w pe\u0142nej anomalii, alternatywnej wersji p\u00f3\u0142nocno-zachodniego wybrze\u017ca USA.<\/p>\n<p>&#8211; Oryginalna muzyka Wilberta Rogeta II i&nbsp;ponad 20 licencjonowanych utwor\u00f3w.<br \/>\nJED\u0179, BY PRZETRWA\u0106<br \/>\nCzas na starcie: ty i&nbsp;twoje wierne kombi przeciwko nieub\u0142aganemu, przewrotnemu \u015bwiatu. Aby prze\u017cy\u0107 na drodze i&nbsp;poza ni\u0105, potrzeba b\u0119dzie czego\u015b wi\u0119cej, ni\u017c nowego kompletu opon. Swoje wierne kombi mo\u017cesz ulepszy\u0107 i&nbsp;wzmocni\u0107, aby zapewnia\u0142o ci ochron\u0119. To auto nieraz oberwie. Wype\u0142nij sw\u00f3j zbiornik paliwem i&nbsp;za\u0142\u00f3\u017c specjalne panele, aby os\u0142oni\u0107 si\u0119 przed promieniowaniem panuj\u0105cym w Strefie. Czekaj\u0105 ci\u0119 prawdziwe wyzwania \u2013 musisz dokonywa\u0107 napraw w biegu, zbiera\u0107 wszelkie mo\u017cliwe materia\u0142y i&nbsp;dostosowywa\u0107 swoj\u0105 fortec\u0119 na k\u00f3\u0142kach, aby by\u0142a w stanie sprosta\u0107 licznym niebezpiecze\u0144stwom, kt\u00f3re czyhaj\u0105 w cieniu.<br \/>\nZBADAJ STREF\u0118<br \/>\nW ca\u0142ej Strefie znajdziesz eksperymentalne pozosta\u0142o\u015bci po tajnej organizacji ARDA. Nie b\u0119dzie jednak&nbsp;\u0142atwo znale\u017a\u0107 odpowiedzi na twoje pytania. Gdzie tylko spojrzysz, zauwa\u017cysz anomalie i&nbsp;surrealistyczne si\u0142y wypaczonej natury, kt\u00f3re utrudni\u0105 ci wypraw\u0119&#8230; a&nbsp;mo\u017ce uczyni\u0105 j\u0105 jeszcze bardziej interesuj\u0105c\u0105? Sylwetki w mroku, sterty z\u0142omu i&nbsp;pot\u0119\u017cne filary Ziemi \u2013 ka\u017cda wyprawa pe\u0142na jest zagro\u017ce\u0144 nie z&nbsp;tego \u015bwiata. Wszystkie one s\u0105 przera\u017caj\u0105ce, ale nic nie mo\u017ce si\u0119 r\u00f3wna\u0107 z&nbsp;obezw\u0142adniaj\u0105c\u0105 moc\u0105 Strefy Burz. Wci\u015bnij gaz do dechy i&nbsp;prze\u015bcignij burz\u0119, je\u015bli zdo\u0142asz. Te przetaczaj\u0105ce si\u0119 nawa\u0142nice niszcz\u0105 otoczenie i&nbsp;wszystko, co zbyt d\u0142ugo b\u0119dzie sta\u0142o im na drodze. A wi\u0119c&nbsp;szybko usu\u0144 si\u0119 z&nbsp;drogi.<br \/>\nPOWT\u00d3RZ<br \/>\nSprawd\u017a map\u0119, spakuj sprz\u0119t i&nbsp;ruszaj w drog\u0119. W trakcie jazdy zbieraj zasoby i&nbsp;dane. W murach Strefy znajdziesz sporo u\u017cytecznych rzeczy. Bezpiecznie wr\u00f3\u0107 i&nbsp;u\u017cyj zawarto\u015bci baga\u017cnika, aby ulepszy\u0107 sw\u00f3j samoch\u00f3d i&nbsp;warsztat. Za ka\u017cdym razem, gdy wyruszysz w drog\u0119, czekaj\u0105 na ciebie nowe pr\u00f3by: dziwne zjawiska pogodowe, trudny teren i&nbsp;eksperymentalne szcz\u0105tki. Z\u0142ota zasada Strefy brzmi: \u201enie ma nic za darmo\u201d. Niekt\u00f3re materia\u0142y znajdziesz wy\u0142\u0105cznie w najniebezpieczniejszych miejscach. Rusz g\u0142ow\u0105 i&nbsp;nie marnuj czasu \u2013 to b\u0119dzie d\u0142uga trasa.<\/p>\n<p><\/p>","protected":false},"excerpt":{"rendered":"<p>Pacific Drive to pierwszoosobowa surwiwalowa gra jazdy, w kt\u00f3rej jedynym towarzyszem jest tw\u00f3j samoch\u00f3d. Odwied\u017a surrealistyczn\u0105 wersj\u0119 p\u00f3\u0142nocno-zachodniego wybrze\u017ca USA i&nbsp;zmierz si\u0119 z&nbsp;nadprzyrodzonymi niebezpiecze\u0144stwami Olimpijskiej Strefy Wykluczenia. W tej \u201egrze drogi\u201d wyruszasz na kolejne wyprawy i&nbsp;mierzysz si\u0119 z&nbsp;niepowtarzalnymi wyzwaniami. W opuszczonym warsztacie, kt\u00f3ry jest jednocze\u015bnie twoj\u0105 baz\u0105, musisz wyremontowa\u0107 i&nbsp;ulepszy\u0107 sw\u00f3j samoch\u00f3d. Zbieraj cenne zasoby [&hellip;]<\/p>\n","protected":false},"featured_media":706168,"comment_status":"closed","ping_status":"closed","template":"","meta":{"ub_ctt_via":""},"product_cat":[88,127,221,150,78],"product_tag":[218],"class_list":["post-705847","product","type-product","status-publish","has-post-thumbnail","hentry","product_cat-action","product_cat-adventure","product_cat-indie","product_cat-racing","product_cat-simulation","product_tag-games","platform-steam-works"],"_links":{"self":[{"href":"https:\/\/neuvee.com\/pl\/wp-json\/wp\/v2\/product\/705847","targetHints":{"allow":["GET"]}}],"collection":[{"href":"https:\/\/neuvee.com\/pl\/wp-json\/wp\/v2\/product"}],"about":[{"href":"https:\/\/neuvee.com\/pl\/wp-json\/wp\/v2\/types\/product"}],"replies":[{"embeddable":true,"href":"https:\/\/neuvee.com\/pl\/wp-json\/wp\/v2\/comments?post=705847"}],"wp:featuredmedia":[{"embeddable":true,"href":"https:\/\/neuvee.com\/pl\/wp-json\/wp\/v2\/media\/706168"}],"wp:attachment":[{"href":"https:\/\/neuvee.com\/pl\/wp-json\/wp\/v2\/media?parent=705847"}],"wp:term":[{"taxonomy":"product_cat","embeddable":true,"href":"https:\/\/neuvee.com\/pl\/wp-json\/wp\/v2\/product_cat?post=705847"},{"taxonomy":"product_tag","embeddable":true,"href":"https:\/\/neuvee.com\/pl\/wp-json\/wp\/v2\/product_tag?post=705847"}],"curies":[{"name":"wp","href":"https:\/\/api.w.org\/{rel}","templated":true}]}}