{"id":705392,"date":"2024-02-17T19:38:36","date_gmt":"2024-02-17T19:38:36","guid":{"rendered":"https:\/\/neuvee.com\/?post_type=product&#038;p=705392"},"modified":"2025-05-19T14:22:04","modified_gmt":"2025-05-19T14:22:04","slug":"lysfanga-the-time-shift-warrior-4","status":"publish","type":"product","link":"https:\/\/neuvee.com\/pl\/product\/lysfanga-the-time-shift-warrior-4\/","title":{"rendered":"LYSFANGA: THE TIME SHIFT WARRIOR"},"content":{"rendered":"<p>Po pi\u0119ciuset latach pokoju nowe zagro\u017cenie zawis\u0142o nad Antal\u0105. Jej los zale\u017cy od ciebie, Im\u00eb, Lysfangi Nowego Kr\u00f3lestwa, obro\u0144czyni kraju. Staro\u017cytne miasta, dotychczas zakl\u0119te w czasie, s\u0105 zn\u00f3w wolne. Stare z\u0142o zdo\u0142a\u0142o si\u0119 wyswobodzi\u0107, zagra\u017caj\u0105c pokojowi.<br \/>\nAle nie b\u0119dziesz sama. Obdarowana przez sam\u0105 Bogini\u0119 Czasu mocami w\u0142adzy nad czasem, jakich \u017caden Lysfanga wcze\u015bniej nie mia\u0142, posiadasz umiej\u0119tno\u015b\u0107 cofania czasu w walce, by przywo\u0142a\u0107 do pomocy kopie twojego \u00abja\u00bb z&nbsp;przesz\u0142o\u015bci. Doskonal sw\u0105 moc przekszta\u0142cania si\u0119 w legion i&nbsp;unicestwiaj hordy zbieg\u0142ych demon\u00f3w, znanych jako Raxy.<br \/>\nZ armi\u0105 twoich \u00abja\u00bb z&nbsp;przesz\u0142o\u015bci przemierzaj staro\u017cytne miasta, by powi\u0119kszy\u0107 sw\u00f3j arsena\u0142 i&nbsp;nauczy\u0107 si\u0119 nowych zakl\u0119\u0107, przygotowuj\u0105c si\u0119 do konfrontacji ze znacznie wi\u0119kszym zagro\u017ceniem&#8230;<br \/>\nZGROMAD\u0179 ARMI\u0118 W\u0141ASNYCH SIEBIE<br \/>\nU\u017cyj boskich mocy Im\u00eb, by cofn\u0105\u0107 czas o&nbsp;kilka sekund i&nbsp;przywo\u0142a\u0107 kopie ciebie samej \u2013 remnanty \u2013 tworz\u0105c armi\u0119 zdoln\u0105 pokona\u0107 przeciwnik\u00f3w.<br \/>\nPRZEKRACZAJ SWOJE GRANICE<br \/>\nTestuj swoje umiej\u0119tno\u015bci i&nbsp;spryt, by przewy\u017cszy\u0107 sam\u0105 siebie. Szlifuj i&nbsp;powtarzaj ka\u017cd\u0105 plansz\u0119, aby poprawia\u0107 rekordy, i&nbsp;wystawiaj swoje mo\u017cliwo\u015bci na pr\u00f3b\u0119, zmieniaj\u0105c opcje trudno\u015bci i&nbsp;dodaj\u0105c modyfikatory walki, by odblokowa\u0107 nowe nagrody.<br \/>\nDOSTOSUJ STYL WALKI<br \/>\nDo ka\u017cdej planszy mo\u017cna podej\u015b\u0107 na niezliczon\u0105 ilo\u015b\u0107 sposob\u00f3w. Adaptuj strategi\u0119 do sytuacji i&nbsp;u\u017cywaj wszystkich dost\u0119pnych narz\u0119dzi, aby wyj\u015b\u0107 zwyci\u0119sko z&nbsp;walki. Sukces b\u0119dzie zale\u017ca\u0142 wy\u0142\u0105cznie od twoich kombinacji remnant\u00f3w, zakl\u0119\u0107 i&nbsp;broni.<br \/>\nBADAJ OGROMNE STARO\u017bYTNE MIASTA<br \/>\nStare blokady czasowe znikn\u0119\u0142y. Raxy s\u0105 teraz wolne i&nbsp;ponownie siej\u0105 zam\u0119t. Przemierzaj opuszczone miasta starego kontynentu, w przesz\u0142o\u015bci zakl\u0119te w czasie, i&nbsp;odkryj prawd\u0119 stoj\u0105c\u0105 za odrodzeniem si\u0119 Rax\u00f3w.<\/p>\n<p><\/p>","protected":false},"excerpt":{"rendered":"<p>Po pi\u0119ciuset latach pokoju nowe zagro\u017cenie zawis\u0142o nad Antal\u0105. Jej los zale\u017cy od ciebie, Im\u00eb, Lysfangi Nowego Kr\u00f3lestwa, obro\u0144czyni kraju. Staro\u017cytne miasta, dotychczas zakl\u0119te w czasie, s\u0105 zn\u00f3w wolne. Stare z\u0142o zdo\u0142a\u0142o si\u0119 wyswobodzi\u0107, zagra\u017caj\u0105c pokojowi. Ale nie b\u0119dziesz sama. Obdarowana przez sam\u0105 Bogini\u0119 Czasu mocami w\u0142adzy nad czasem, jakich \u017caden Lysfanga wcze\u015bniej nie mia\u0142, [&hellip;]<\/p>\n","protected":false},"featured_media":706011,"comment_status":"closed","ping_status":"closed","template":"","meta":{"ub_ctt_via":""},"product_cat":[88,221,222],"product_tag":[218],"class_list":["post-705392","product","type-product","status-publish","has-post-thumbnail","hentry","product_cat-action","product_cat-indie","product_cat-strategy","product_tag-games","platform-steam-works"],"_links":{"self":[{"href":"https:\/\/neuvee.com\/pl\/wp-json\/wp\/v2\/product\/705392","targetHints":{"allow":["GET"]}}],"collection":[{"href":"https:\/\/neuvee.com\/pl\/wp-json\/wp\/v2\/product"}],"about":[{"href":"https:\/\/neuvee.com\/pl\/wp-json\/wp\/v2\/types\/product"}],"replies":[{"embeddable":true,"href":"https:\/\/neuvee.com\/pl\/wp-json\/wp\/v2\/comments?post=705392"}],"wp:featuredmedia":[{"embeddable":true,"href":"https:\/\/neuvee.com\/pl\/wp-json\/wp\/v2\/media\/706011"}],"wp:attachment":[{"href":"https:\/\/neuvee.com\/pl\/wp-json\/wp\/v2\/media?parent=705392"}],"wp:term":[{"taxonomy":"product_cat","embeddable":true,"href":"https:\/\/neuvee.com\/pl\/wp-json\/wp\/v2\/product_cat?post=705392"},{"taxonomy":"product_tag","embeddable":true,"href":"https:\/\/neuvee.com\/pl\/wp-json\/wp\/v2\/product_tag?post=705392"}],"curies":[{"name":"wp","href":"https:\/\/api.w.org\/{rel}","templated":true}]}}