{"id":705148,"date":"2024-02-17T19:23:22","date_gmt":"2024-02-17T19:23:22","guid":{"rendered":"https:\/\/neuvee.com\/?post_type=product&#038;p=705148"},"modified":"2025-05-19T14:36:59","modified_gmt":"2025-05-19T14:36:59","slug":"go-mecha-ball-2","status":"publish","type":"product","link":"https:\/\/neuvee.com\/pl\/product\/go-mecha-ball-2\/","title":{"rendered":"GO MECHA BALL"},"content":{"rendered":"<p>\u0141aduj bro\u0144 i&nbsp;ruszaj do boju w tej strzelance na dwa dr\u0105\u017cki z&nbsp;progresj\u0105 roguelike! Przebijaj si\u0119 przez zr\u0119czno\u015bciowe poziomy, korzystaj\u0105c z&nbsp;praw fizyki flippera i&nbsp;arsena\u0142u niszczycielskich broni. Pokonuj fale wrogich bot\u00f3w, walcz z&nbsp;bossami i&nbsp;ulepszaj swojego mecha mi\u0119dzy kolejnymi podej\u015bciami<\/p>\n<p>G\u0142\u00f3wne cechy:<br \/>\n Pe\u0142na akcji strzelanka na dwa dr\u0105\u017cki z&nbsp;elementami zr\u0119czno\u015bciowego roguelite<br \/>\n Do\u015bwiadcz podw\u00f3jnej rozgrywki \u2013 chod\u017a i&nbsp;strzelaj jako mech lub&nbsp;tocz si\u0119 i&nbsp;odbijaj jako kula<br \/>\n Przemierzaj dynamiczne areny, tocz\u0105c si\u0119, odbijaj\u0105c, skacz\u0105c i&nbsp;odskakuj\u0105c<br \/>\n Podbij cztery zr\u00f3\u017cnicowane \u015bwiaty, wype\u0142nione unikalnymi wrogami i&nbsp;przeszkodami<br \/>\n Uzbr\u00f3j si\u0119 we wszechstronny arsena\u0142 ponad 25 niszczycielskich narz\u0119dzi<br \/>\n Odblokuj ponad 20 nietypowych pot\u0119\u017cnych umiej\u0119tno\u015bci, aby pokona\u0107 swoich wrog\u00f3w<br \/>\n Ulepszaj swoje mechy, korzystaj\u0105c z&nbsp;szerokiej gamy ponad 50 ulepsze\u0144, by walczy\u0107 dok\u0142adnie tak, jak lubisz.<\/p>\n<p> Wyrusz w pe\u0142n\u0105 adrenaliny podr\u00f3\u017c przez o\u015bwietlone neonami krainy Go Mecha Ball, gdzie chaos \u015bciera si\u0119 ze strategi\u0105 w futurystycznych starciach! Daj si\u0119 wci\u0105gn\u0105\u0107 w strzelanin\u0119 na dwa dr\u0105\u017cki, wykonuj akrobatyczne manewry na ekscytuj\u0105cych platformach 3D, a&nbsp;wszystko to przy dynamicznie generowanej i&nbsp;interaktywnej \u015bcie\u017cce d\u017awi\u0119kowej.<\/p>\n<p> Uwolnij moc czterech r\u00f3\u017cnych zbrojnych mech\u00f3w. Ka\u017cdy ma w\u0142asny unikalny arsena\u0142 broni, umiej\u0119tno\u015bci i&nbsp;ulepsze\u0144. Zanurz si\u0119 w chaosie, odkrywaj synergie, doskonal sw\u00f3j styl gry i&nbsp;przemierzaj stale ewoluuj\u0105cy krajobraz szalej\u0105cych robot\u00f3w, kolosalnych boss\u00f3w i&nbsp;wymagaj\u0105cych zr\u0119czno\u015bci przeszk\u00f3d.<\/p>\n<p> Wznie\u015b si\u0119 ponad chaos, wybijaj\u0105c si\u0119 z&nbsp;ramp, odbijaj\u0105c od \u017cywych zderzak\u00f3w lub&nbsp;unosz\u0105c na gigantycznych wentylatorach, dodaj\u0105c do swojej strategii dynamiczny ruch. Wystrzeliwuj roje pocisk\u00f3w, przywo\u0142uj pomocnych sojusznik\u00f3w lub&nbsp;wywo\u0142uj zak\u0142\u00f3cenia sejsmiczne, uderzaj\u0105c w ziemi\u0119 jak meteor \u2013 wyb\u00f3r nale\u017cy do ciebie.<\/p>\n<p> Maj\u0105c do dyspozycji ponad 25 narz\u0119dzi masowej destrukcji i&nbsp;ponad 20 nietypowych umiej\u0119tno\u015bci do opanowania, dostosuj swojego mecha, aby zdominowa\u0107 konkurencj\u0119. Eksploruj cztery wizualnie osza\u0142amiaj\u0105ce \u015bwiaty pe\u0142ne wrog\u00f3w i&nbsp;wyzwa\u0144, z&nbsp;kt\u00f3rych ka\u017cdy stanowi ekscytuj\u0105cy plac zabaw dla twoich balistycznych eskapad.<\/p>\n<p> Ka\u017cdy wystrza\u0142, uderzenie i&nbsp;interakcja to symfonia wyj\u0105tkowo\u015bci, dostosowana do sytuacji i&nbsp;nap\u0119dzana fizyk\u0105. To nie tylko gra; to audiowizualna podr\u00f3\u017c, w kt\u00f3rej ka\u017cde dzia\u0142anie ma swoje odbicie we wci\u0105gaj\u0105cym krajobrazie d\u017awi\u0119kowym.<\/p>\n<p> Czy jeste\u015b wdzi\u0119cznym motylem, niepowstrzyman\u0105 kul\u0105 niszcz\u0105c\u0105, czy precyzyjnym mistrzem skrytob\u00f3jstwa? Wybierz swoj\u0105 \u015bcie\u017ck\u0119 i&nbsp;zmierz si\u0119 z&nbsp;wadliwie dzia\u0142aj\u0105c\u0105 sztuczn\u0105 inteligencj\u0105, kt\u00f3ra za wszelk\u0105 cen\u0119 chce zamkn\u0105\u0107 portale \u0142\u0105cz\u0105ce tw\u00f3j \u015bwiat z&nbsp;t\u0105 ekscytuj\u0105c\u0105, zmechanizowan\u0105 krain\u0105 cud\u00f3w.<\/p>\n<p> Przygotuj si\u0119 na elektryzuj\u0105ce po\u0142\u0105czenie umiej\u0119tno\u015bci, strategii i&nbsp;chaosu w Go Mecha Ball \u2013 czeka ci\u0119 niezwyk\u0142a przygoda!<\/p>\n<p><\/p>","protected":false},"excerpt":{"rendered":"<p>\u0141aduj bro\u0144 i&nbsp;ruszaj do boju w tej strzelance na dwa dr\u0105\u017cki z&nbsp;progresj\u0105 roguelike! Przebijaj si\u0119 przez zr\u0119czno\u015bciowe poziomy, korzystaj\u0105c z&nbsp;praw fizyki flippera i&nbsp;arsena\u0142u niszczycielskich broni. Pokonuj fale wrogich bot\u00f3w, walcz z&nbsp;bossami i&nbsp;ulepszaj swojego mecha mi\u0119dzy kolejnymi podej\u015bciami G\u0142\u00f3wne cechy: Pe\u0142na akcji strzelanka na dwa dr\u0105\u017cki z&nbsp;elementami zr\u0119czno\u015bciowego roguelite Do\u015bwiadcz podw\u00f3jnej rozgrywki \u2013 chod\u017a i&nbsp;strzelaj jako [&hellip;]<\/p>\n","protected":false},"featured_media":705531,"comment_status":"closed","ping_status":"closed","template":"","meta":{"ub_ctt_via":""},"product_cat":[88,116],"product_tag":[218],"class_list":["post-705148","product","type-product","status-publish","has-post-thumbnail","hentry","product_cat-action","product_cat-shooter","product_tag-games","platform-steam-works"],"_links":{"self":[{"href":"https:\/\/neuvee.com\/pl\/wp-json\/wp\/v2\/product\/705148","targetHints":{"allow":["GET"]}}],"collection":[{"href":"https:\/\/neuvee.com\/pl\/wp-json\/wp\/v2\/product"}],"about":[{"href":"https:\/\/neuvee.com\/pl\/wp-json\/wp\/v2\/types\/product"}],"replies":[{"embeddable":true,"href":"https:\/\/neuvee.com\/pl\/wp-json\/wp\/v2\/comments?post=705148"}],"wp:featuredmedia":[{"embeddable":true,"href":"https:\/\/neuvee.com\/pl\/wp-json\/wp\/v2\/media\/705531"}],"wp:attachment":[{"href":"https:\/\/neuvee.com\/pl\/wp-json\/wp\/v2\/media?parent=705148"}],"wp:term":[{"taxonomy":"product_cat","embeddable":true,"href":"https:\/\/neuvee.com\/pl\/wp-json\/wp\/v2\/product_cat?post=705148"},{"taxonomy":"product_tag","embeddable":true,"href":"https:\/\/neuvee.com\/pl\/wp-json\/wp\/v2\/product_tag?post=705148"}],"curies":[{"name":"wp","href":"https:\/\/api.w.org\/{rel}","templated":true}]}}