{"id":705137,"date":"2024-02-17T19:19:08","date_gmt":"2024-02-17T19:19:08","guid":{"rendered":"https:\/\/neuvee.com\/?post_type=product&#038;p=705137"},"modified":"2025-05-19T14:10:28","modified_gmt":"2025-05-19T14:10:28","slug":"evolings-2","status":"publish","type":"product","link":"https:\/\/neuvee.com\/pl\/product\/evolings-2\/","title":{"rendered":"EVOLINGS"},"content":{"rendered":"<p>&#8221;\u2605 Dynamiczne eksplorowanie mapy:<br \/>\nPodczas ka\u017cdej rozgrywki grasz na zupe\u0142nie nowej, specjalnie wygenerowanej mapie, co zapewnia niesamowite emocje! Odkryj unikatowe Evolingi, zdobywaj rzadkie przedmioty, bierz udzia\u0142 w ekscytuj\u0105cych walkach i&nbsp;tw\u00f3rz niezwyk\u0142e historie. Ka\u017cda wyprawa jest wyj\u0105tkowa, dzi\u0119ki czemu za ka\u017cdym razem czekaj\u0105 ci\u0119 nieustanne niespodzianki i&nbsp;porywaj\u0105ce do\u015bwiadczenia!<\/p>\n<p>\u2605 Epicka walka turowa:<br \/>\nMy\u015bl strategicznie i&nbsp;stw\u00f3rz pot\u0119\u017cn\u0105 dru\u017cyn\u0119, by pokona\u0107 z\u0142e Evolingi. Bierz udzia\u0142 w turowych walkach, uroczych i&nbsp;pe\u0142nych emocji. Prowad\u017a swoje Evolingi i&nbsp;wykorzystaj zdolno\u015bci taktyczne, by zwyci\u0119\u017cy\u0107!<\/p>\n<p>\u2605 Czeka na ciebie \u015bwiat bez granic:<br \/>\nKa\u017cdy z&nbsp;trzech akt\u00f3w podr\u00f3\u017cy pe\u0142en jest wyj\u0105tkowych Evoling\u00f3w, fantastycznych przedmiot\u00f3w i&nbsp;czaruj\u0105cych poziom\u00f3w. Przygotuj si\u0119 na rozgrywk\u0119 pe\u0142n\u0105 nieko\u0144cz\u0105cej si\u0119 akcji i&nbsp;przyg\u00f3d! Podziwiaj fantastyczn\u0105 grafik\u0119 w stylu pixel art, s\u0142odkie przerywniki filmowe i&nbsp;\u015bcie\u017ck\u0119 d\u017awi\u0119kow\u0105 z&nbsp;muzyk\u0105 chiptune, kt\u00f3ra obudzi w tobie ducha walki!<\/p>\n<p>\u2605 Odkryj sekrety Evopedii:<br \/>\nSkorzystaj z&nbsp;wiedzy zawartej w Evopedii, encyklopedii, w kt\u00f3rej znajdziesz informacje o&nbsp;napotkanych Evolingach, w tym o&nbsp;ich b\u0142yszcz\u0105cych odmianach oraz&nbsp;o&nbsp;legendarnych t\u0119czowych Evolingach. Czytaj o&nbsp;ich tajnych cechach i&nbsp;umiej\u0119tno\u015bciach i&nbsp;dowiedz si\u0119 wszystkiego o&nbsp;tych fascynuj\u0105cych stworzonkach! Czy dasz rad\u0119 z\u0142apa\u0107 je wszystkie?<\/p>\n<p>\u2605 Wieczna chwa\u0142a dla najlepszych<br \/>\nTylko najwybitniejsi gracze, kt\u00f3rzy przejd\u0105 przez wszystkie trzy akty, doznaj\u0105 zaszczytu do\u0142\u0105czenia do Najlepszych z&nbsp;Najlepszych. Uwiecznij osi\u0105gni\u0119cia swoich zwyci\u0119skich Evoling\u00f3w. Przedstaw swoj\u0105 strategi\u0119 przyjacio\u0142om, wywo\u0142uj\u0105c \u017cywe dyskusje i&nbsp;budz\u0105c zazdro\u015b\u0107 w\u015br\u00f3d tych, kt\u00f3rzy sami jeszcze nie znaj\u0105 chwa\u0142y zwyci\u0119stwa!<\/p>\n<p><\/p>","protected":false},"excerpt":{"rendered":"<p>&#8221;\u2605 Dynamiczne eksplorowanie mapy: Podczas ka\u017cdej rozgrywki grasz na zupe\u0142nie nowej, specjalnie wygenerowanej mapie, co zapewnia niesamowite emocje! Odkryj unikatowe Evolingi, zdobywaj rzadkie przedmioty, bierz udzia\u0142 w ekscytuj\u0105cych walkach i&nbsp;tw\u00f3rz niezwyk\u0142e historie. Ka\u017cda wyprawa jest wyj\u0105tkowa, dzi\u0119ki czemu za ka\u017cdym razem czekaj\u0105 ci\u0119 nieustanne niespodzianki i&nbsp;porywaj\u0105ce do\u015bwiadczenia! \u2605 Epicka walka turowa: My\u015bl strategicznie i&nbsp;stw\u00f3rz pot\u0119\u017cn\u0105 [&hellip;]<\/p>\n","protected":false},"featured_media":705406,"comment_status":"closed","ping_status":"closed","template":"","meta":{"ub_ctt_via":""},"product_cat":[88,221,89],"product_tag":[218],"class_list":["post-705137","product","type-product","status-publish","has-post-thumbnail","hentry","product_cat-action","product_cat-indie","product_cat-rpg","product_tag-games","platform-steam-works"],"_links":{"self":[{"href":"https:\/\/neuvee.com\/pl\/wp-json\/wp\/v2\/product\/705137","targetHints":{"allow":["GET"]}}],"collection":[{"href":"https:\/\/neuvee.com\/pl\/wp-json\/wp\/v2\/product"}],"about":[{"href":"https:\/\/neuvee.com\/pl\/wp-json\/wp\/v2\/types\/product"}],"replies":[{"embeddable":true,"href":"https:\/\/neuvee.com\/pl\/wp-json\/wp\/v2\/comments?post=705137"}],"wp:featuredmedia":[{"embeddable":true,"href":"https:\/\/neuvee.com\/pl\/wp-json\/wp\/v2\/media\/705406"}],"wp:attachment":[{"href":"https:\/\/neuvee.com\/pl\/wp-json\/wp\/v2\/media?parent=705137"}],"wp:term":[{"taxonomy":"product_cat","embeddable":true,"href":"https:\/\/neuvee.com\/pl\/wp-json\/wp\/v2\/product_cat?post=705137"},{"taxonomy":"product_tag","embeddable":true,"href":"https:\/\/neuvee.com\/pl\/wp-json\/wp\/v2\/product_tag?post=705137"}],"curies":[{"name":"wp","href":"https:\/\/api.w.org\/{rel}","templated":true}]}}