{"id":704792,"date":"2024-02-17T19:05:08","date_gmt":"2024-02-17T19:05:08","guid":{"rendered":"https:\/\/neuvee.com\/?post_type=product&#038;p=704792"},"modified":"2025-05-19T14:13:16","modified_gmt":"2025-05-19T14:13:16","slug":"classified-france-44-the-overlord-edition-pre-order-5","status":"publish","type":"product","link":"https:\/\/neuvee.com\/pl\/product\/classified-france-44-the-overlord-edition-pre-order-5\/","title":{"rendered":"CLASSIFIED: FRANCE &#8217;44 : THE OVERLORD EDITION PRE-ORDER"},"content":{"rendered":"<p>Zam\u00f3w w przedsprzeda\u017cy Classified: France \u201944, aby otrzyma\u0107 nast\u0119puj\u0105ce przedmioty:<\/p>\n<p>Zestaw broni \u201eCie\u0144\u201d:<br \/>\nKarabinek M1 \u201eCie\u0144\u201d<br \/>\nLee Enfield \u201eCie\u0144\u201d<br \/>\nStrzelba okopowa \u201eCie\u0144\u201d<\/p>\n<p>Ubi\u00f3r ruchu oporu \u201eDuch\u201d:<br \/>\nCzapka ruchu oporu \u201cDuch\u201d<br \/>\nKurtka ruchu oporu \u201eDuch\u201d<br \/>\nSpodnie ruchu oporu \u201eDuch\u201d&#8221;<\/p>\n<p>Classified: France &#8217;44 w edycji Overlord zawiera:<br \/>\nClassified: France &#8217;44<br \/>\nClassified: France &#8217;44 &#8211; Season Pass<\/p>\n<p>Karnet sezonowy zawiera:<br \/>\nCa\u0142\u0105 zawarto\u015b\u0107 opublikowan\u0105 w 2024.<br \/>\n1. dodatek &#8211; Guerrilla Pack<br \/>\n2. dodatek zostanie og\u0142oszony p\u00f3\u017aniej<br \/>\n3. dodatek zostanie og\u0142oszony p\u00f3\u017aniej<br \/>\n4. dodatek zostanie og\u0142oszony p\u00f3\u017aniej<\/p>\n<p>Classified: France \u201844 to nowa, drugowojenna strategia turowa osadzona w rozpaczliwym okresie poprzedzaj\u0105cym alianck\u0105 inwazj\u0119 na Francj\u0119 w czerwcu 1944 roku.<\/p>\n<p>Obejmij dow\u00f3dztwo nad specjalnym zespo\u0142em alianckich komandos\u00f3w i&nbsp;francuskich bojownik\u00f3w ruchu oporu. Zbuduj dru\u017cyn\u0119 elitarnych operator\u00f3w, po czym we\u017a udzia\u0142 w szeroko zakrojonej kampanii sabota\u017cu i&nbsp;zniszczenia. Nawi\u0105\u017c wsp\u00f3\u0142prac\u0119 z&nbsp;rywalizuj\u0105cymi frakcjami, aby zbudowa\u0107 sie\u0107 ruchu oporu, a&nbsp;nast\u0119pnie wyeliminuj niemieckie cele po\u0142o\u017cone w g\u0142\u0119bi okupowanego terytorium. Niestety, im wi\u0119cej chaosu zasiejesz, tym wi\u0119ksz\u0105 uwag\u0119 zwr\u00f3c\u0105 na Ciebie bezlitosne, tajne s\u0142u\u017cby Gestapo.<\/p>\n<p>W ekscytuj\u0105cych misjach inspirowanych wyczynami aliant\u00f3w i&nbsp;Francuz\u00f3w gra wykorzystuje rozszerzone koncepcje taktycznej rozgrywki turowej, urzeczywistniaj\u0105c autentyczne walki z&nbsp;czas\u00f3w II wojny \u015bwiatowej. Gracz mo\u017ce kilkakrotnie rozegra\u0107 kampani\u0119, za ka\u017cdym razem przechodz\u0105c j\u0105 w inny spos\u00f3b. <\/p>\n<p>Ka\u017cdy strza\u0142 na znaczenie. W grze Classified: France \u201844 jest stosowany unikalny system morale, a&nbsp;ka\u017cdy strza\u0142 wp\u0142ywa na Ciebie lub&nbsp;Twoich wrog\u00f3w. Zd\u0142aw op\u00f3r i&nbsp;rozbij wroga, oskrzydlaj\u0105c go z&nbsp;obu stron, a&nbsp;nast\u0119pnie sko\u0144cz z&nbsp;nim.<\/p>\n<p>Kszta\u0142tuj losy bitwy. Przeprowad\u017a cich\u0105 akcj\u0119 i&nbsp;wyeliminuj najwa\u017cniejsze cele, a&nbsp;nast\u0119pnie zacznij walk\u0119 na w\u0142asnych warunkach. Jednak pami\u0119taj, \u017ce z&nbsp;ka\u017cdym wyeliminowanym wrogiem zwi\u0119ksza si\u0119 liczba przeciwnik\u00f3w, kt\u00f3rzy zaczynaj\u0105 co\u015b podejrzewa\u0107. Musisz uderzy\u0107 z&nbsp;zasadzki, zanim Ci\u0119 wykryj\u0105!<\/p>\n<p>Stw\u00f3rz dru\u017cyn\u0119. Odkryj mieszank\u0119 charakternych, autentycznych bohater\u00f3w, z&nbsp;kt\u00f3rych ka\u017cdy opowie Ci w\u0142asn\u0105 histori\u0105. Trenuj ich i&nbsp;personalizuj oraz&nbsp;wyposa\u017caj w coraz nowsze umiej\u0119tno\u015bci i&nbsp;uzbrojenie. Podno\u015b morale dru\u017cyny, przesiaduj\u0105c przy ognisku i&nbsp;poznaj\u0105c losy jej cz\u0142onk\u00f3w, oraz&nbsp;towarzysz im w walce na zniszczonych przez wojn\u0119 terenach okupowanej Francji.<\/p>\n<p>Poznaj histori\u0119. Realizuj wymagaj\u0105ce cele w 45 misjach, kt\u00f3re s\u0105 zlecane Twojej dru\u017cynie przez si\u0142y francuskie. Decyduj, kt\u00f3re zadania pasuj\u0105 do Twojej strategii organizowania oporu i&nbsp;pomog\u0105 Ci osi\u0105gn\u0105\u0107 ostateczne cele. Kieruj dru\u017cyn\u0105, wysy\u0142aj\u0105c j\u0105 na operacje strategiczne.<\/p>\n<p>D\u0142ugotrwa\u0142a walka. \u015awiat Classified: France \u201844 b\u0119dzie rozwijany w ramach aktualizacji i&nbsp;dodatk\u00f3w, kt\u00f3re urozmaic\u0105 walk\u0119 wyzwole\u0144cz\u0105 o&nbsp;nowe, atrakcyjne elementy. Dzi\u0119ki kreatorowi tajnych misji i&nbsp;narz\u0119dziom do modowania w grze zawsze b\u0119d\u0105 czeka\u0107 nowe tre\u015bci stworzone przez innych graczy.<\/p>\n<p>Id\u017a ku zwyci\u0119stwu. Gra Classified: France \u201844 jest pe\u0142na wyzwa\u0144. Opracuj optymaln\u0105, wielk\u0105 strategi\u0119, obud\u017a w sobie dusz\u0119 taktyka i&nbsp;odkryj r\u00f3\u017cne zako\u0144czenia rozgrywki. Jak potoczy si\u0119 Twoja operacja Neptun?<\/p>\n<p><\/p>","protected":false},"excerpt":{"rendered":"<p>Zam\u00f3w w przedsprzeda\u017cy Classified: France \u201944, aby otrzyma\u0107 nast\u0119puj\u0105ce przedmioty: Zestaw broni \u201eCie\u0144\u201d: Karabinek M1 \u201eCie\u0144\u201d Lee Enfield \u201eCie\u0144\u201d Strzelba okopowa \u201eCie\u0144\u201d Ubi\u00f3r ruchu oporu \u201eDuch\u201d: Czapka ruchu oporu \u201cDuch\u201d Kurtka ruchu oporu \u201eDuch\u201d Spodnie ruchu oporu \u201eDuch\u201d&#8221; Classified: France &#8217;44 w edycji Overlord zawiera: Classified: France &#8217;44 Classified: France &#8217;44 &#8211; Season Pass Karnet [&hellip;]<\/p>\n","protected":false},"featured_media":705273,"comment_status":"closed","ping_status":"closed","template":"","meta":{"ub_ctt_via":""},"product_cat":[222],"product_tag":[218],"class_list":["post-704792","product","type-product","status-publish","has-post-thumbnail","hentry","product_cat-strategy","product_tag-games","platform-steam-works"],"_links":{"self":[{"href":"https:\/\/neuvee.com\/pl\/wp-json\/wp\/v2\/product\/704792","targetHints":{"allow":["GET"]}}],"collection":[{"href":"https:\/\/neuvee.com\/pl\/wp-json\/wp\/v2\/product"}],"about":[{"href":"https:\/\/neuvee.com\/pl\/wp-json\/wp\/v2\/types\/product"}],"replies":[{"embeddable":true,"href":"https:\/\/neuvee.com\/pl\/wp-json\/wp\/v2\/comments?post=704792"}],"wp:featuredmedia":[{"embeddable":true,"href":"https:\/\/neuvee.com\/pl\/wp-json\/wp\/v2\/media\/705273"}],"wp:attachment":[{"href":"https:\/\/neuvee.com\/pl\/wp-json\/wp\/v2\/media?parent=704792"}],"wp:term":[{"taxonomy":"product_cat","embeddable":true,"href":"https:\/\/neuvee.com\/pl\/wp-json\/wp\/v2\/product_cat?post=704792"},{"taxonomy":"product_tag","embeddable":true,"href":"https:\/\/neuvee.com\/pl\/wp-json\/wp\/v2\/product_tag?post=704792"}],"curies":[{"name":"wp","href":"https:\/\/api.w.org\/{rel}","templated":true}]}}