{"id":704605,"date":"2024-02-17T18:49:32","date_gmt":"2024-02-17T18:49:32","guid":{"rendered":"https:\/\/neuvee.com\/?post_type=product&#038;p=704605"},"modified":"2025-05-19T14:17:40","modified_gmt":"2025-05-19T14:17:40","slug":"border-bots-vr-5","status":"publish","type":"product","link":"https:\/\/neuvee.com\/pl\/product\/border-bots-vr-5\/","title":{"rendered":"BORDER BOTS VR"},"content":{"rendered":"<p>Border Bots VR to symulator logiczny, kt\u00f3rego akcja toczy si\u0119 na zdominowanej przez sztuczn\u0105 inteligencj\u0119 Ziemi z&nbsp;przysz\u0142o\u015bci. Jako ludzki stra\u017cnik graniczny rozpoczynasz s\u0142u\u017cb\u0119 w budce na szlaku podr\u00f3\u017cnym SI. Sprawdzaj najrozmaitsze roboty i&nbsp;wchod\u017a z&nbsp;nimi w interakcj\u0119 podczas kontroli bezpiecze\u0144stwa. Niekt\u00f3re ich dokumenty mog\u0105 nie do ko\u0144ca spe\u0142nia\u0107 ustanowione standardy i&nbsp;to do Ciebie b\u0119dzie nale\u017ce\u0107 decyzja o&nbsp;ich zatwierdzeniu.<\/p>\n<p>Wst\u0105p do budki jako stra\u017cnik graniczny i&nbsp;sprawnie obs\u0142uguj roboty, kontroluj\u0105c ich dokumenty pod k\u0105tem rozbie\u017cno\u015bci, dziwactw, niezg\u0142oszonych modyfikacji i&nbsp;kontrabandy! <\/p>\n<p>Pokonuj wyzwania i&nbsp;zdobywaj punkty, za kt\u00f3re kupisz ulepszenia budki i&nbsp;wyprzedzisz konkurencj\u0119. Punkty mo\u017cesz wyda\u0107 r\u00f3wnie\u017c na personalizacj\u0119 mieszkania, aby tchn\u0105\u0107 w swoj\u0105 przestrze\u0144 troch\u0119 \u017cycia!<\/p>\n<p>Spotykaj i&nbsp;wchod\u017a w interakcj\u0119 z&nbsp;dziwacznymi robotami w budce i&nbsp;w\u0142asnym mieszkaniu! Obcuj bezpo\u015brednio z&nbsp;rozumnymi urz\u0105dzeniami, odkrywaj\u0105c ich nowatorsk\u0105 \u015bwiadomo\u015b\u0107 i&nbsp;barwne osobowo\u015bci.<\/p>\n<p>Wejd\u017a do wirtualnej rzeczywisto\u015bci i&nbsp;wykorzystaj r\u00f3\u017cne gad\u017cety reaguj\u0105ce na dotyk, aby bada\u0107 roboty w budce. W swojej pracy b\u0119dziesz potrzebowa\u0107 ca\u0142ej gamy narz\u0119dzi, mi\u0119dzy innymi drukarki 3D, wykrywacza kontrabandy, broni og\u0142uszaj\u0105cej i&nbsp;skanera kod\u00f3w kreskowych.<\/p>\n<p><\/p>","protected":false},"excerpt":{"rendered":"<p>Border Bots VR to symulator logiczny, kt\u00f3rego akcja toczy si\u0119 na zdominowanej przez sztuczn\u0105 inteligencj\u0119 Ziemi z&nbsp;przysz\u0142o\u015bci. Jako ludzki stra\u017cnik graniczny rozpoczynasz s\u0142u\u017cb\u0119 w budce na szlaku podr\u00f3\u017cnym SI. Sprawdzaj najrozmaitsze roboty i&nbsp;wchod\u017a z&nbsp;nimi w interakcj\u0119 podczas kontroli bezpiecze\u0144stwa. Niekt\u00f3re ich dokumenty mog\u0105 nie do ko\u0144ca spe\u0142nia\u0107 ustanowione standardy i&nbsp;to do Ciebie b\u0119dzie nale\u017ce\u0107 decyzja [&hellip;]<\/p>\n","protected":false},"featured_media":704827,"comment_status":"closed","ping_status":"closed","template":"","meta":{"ub_ctt_via":""},"product_cat":[267,127,221],"product_tag":[218],"class_list":["post-704605","product","type-product","status-publish","has-post-thumbnail","hentry","product_cat-vr","product_cat-adventure","product_cat-indie","product_tag-games","platform-steam-works"],"_links":{"self":[{"href":"https:\/\/neuvee.com\/pl\/wp-json\/wp\/v2\/product\/704605","targetHints":{"allow":["GET"]}}],"collection":[{"href":"https:\/\/neuvee.com\/pl\/wp-json\/wp\/v2\/product"}],"about":[{"href":"https:\/\/neuvee.com\/pl\/wp-json\/wp\/v2\/types\/product"}],"replies":[{"embeddable":true,"href":"https:\/\/neuvee.com\/pl\/wp-json\/wp\/v2\/comments?post=704605"}],"wp:featuredmedia":[{"embeddable":true,"href":"https:\/\/neuvee.com\/pl\/wp-json\/wp\/v2\/media\/704827"}],"wp:attachment":[{"href":"https:\/\/neuvee.com\/pl\/wp-json\/wp\/v2\/media?parent=704605"}],"wp:term":[{"taxonomy":"product_cat","embeddable":true,"href":"https:\/\/neuvee.com\/pl\/wp-json\/wp\/v2\/product_cat?post=704605"},{"taxonomy":"product_tag","embeddable":true,"href":"https:\/\/neuvee.com\/pl\/wp-json\/wp\/v2\/product_tag?post=704605"}],"curies":[{"name":"wp","href":"https:\/\/api.w.org\/{rel}","templated":true}]}}