{"id":704598,"date":"2024-02-17T18:47:00","date_gmt":"2024-02-17T18:47:00","guid":{"rendered":"https:\/\/neuvee.com\/?post_type=product&#038;p=704598"},"modified":"2025-05-19T14:26:38","modified_gmt":"2025-05-19T14:26:38","slug":"astronimo","status":"publish","type":"product","link":"https:\/\/neuvee.com\/pl\/product\/astronimo\/","title":{"rendered":"ASTRONIMO"},"content":{"rendered":"<p>Astronimo to skupiona na budowaniu platformowa gra logiczna, kt\u00f3rej celem jest nieskr\u0119powana, szalona zabawa w kosmosie!<br \/>\nW trakcie pozyskiwania minera\u0142\u00f3w na rubie\u017cach galaktyki czw\u00f3rka pracownik\u00f3w korporacji Hypergiant Inc. l\u0105duje awaryjnie na ma\u0142ej planecie bez szansy na ratunek.<br \/>\nPom\u00f3\u017c tym biedakom wr\u00f3ci\u0107 do rodzimej floty, wspieraj\u0105c ich w odkrywaniu zak\u0105tk\u00f3w planety, kreatywnym rozwi\u0105zywaniu \u0142amig\u0142\u00f3wek oraz&nbsp;budowie i&nbsp;nap\u0119dzeniu rakiety, kt\u00f3r\u0105 poszybuj\u0105 z&nbsp;powrotem w kosmos.<br \/>\nAstronimo przenosi gatunek logicznych platform\u00f3wek na aren\u0119 mi\u0119dzygwiezdn\u0105 (i nie tylko), oferuj\u0105c dziwacznie zabawn\u0105 kampani\u0119 oraz&nbsp;szereg narz\u0119dzi do personalizacji, kt\u00f3re poszerz\u0105 granice twojej wyobra\u017ani.<br \/>\nZbadaj ca\u0142\u0105 galaktyk\u0119<br \/>\nWe\u017a udzia\u0142 w pe\u0142nej humoru kampanii, zwiedzaj\u0105c planety Turilia i&nbsp;Acara oraz&nbsp;trzy mini ksi\u0119\u017cyce. Wprowadzimy do gry jeszcze wi\u0119cej planet i&nbsp;ksi\u0119\u017cyc\u00f3w do odkrycia!<br \/>\nBaw si\u0119 ze znajomymi bez ko\u0144ca<br \/>\nGraj w lokalnym lub&nbsp;sieciowym trybie kooperacji z&nbsp;nawet tr\u00f3jk\u0105 znajomych! Zwiedzajcie planety, odkrywajcie ich sekrety i&nbsp;tw\u00f3rzcie dziwaczne konstrukcje, staraj\u0105c si\u0119 wr\u00f3ci\u0107 do domu.<br \/>\nMachaj. Puszczaj muzyk\u0119. Wciel si\u0119 w psiego astronaut\u0119. Tw\u00f3rz zabawne wspomnienia ze starymi i&nbsp;nowymi znajomymi. W\u0142a\u015bnie o&nbsp;to chodzi w Astronimo!<br \/>\nKszta\u0142tuj kosmos<br \/>\nEdytor \u015bwiata oferuje zaawansowane narz\u0119dzia, dzi\u0119ki kt\u00f3rym mo\u017cna budowa\u0107 i&nbsp;zasiedla\u0107 w\u0142asne, niezwykle szczeg\u00f3\u0142owe planety. Pu\u015b\u0107 wodze fantazji i&nbsp;dziel si\u0119 swoimi dzie\u0142ami poprzez Warsztat Steam!<br \/>\nPrzeci\u0105gaj, upuszczaj i&nbsp;udost\u0119pniaj<br \/>\nTworzenie za pomoc\u0105 warsztat\u00f3w jest niewiarygodnie proste. Je\u015bli potrafisz sobie co\u015b wyobrazi\u0107, to w Astronimo mo\u017cesz to r\u00f3wnie\u017c zbudowa\u0107!<\/p>\n<p><\/p>","protected":false},"excerpt":{"rendered":"<p>Astronimo to skupiona na budowaniu platformowa gra logiczna, kt\u00f3rej celem jest nieskr\u0119powana, szalona zabawa w kosmosie! W trakcie pozyskiwania minera\u0142\u00f3w na rubie\u017cach galaktyki czw\u00f3rka pracownik\u00f3w korporacji Hypergiant Inc. l\u0105duje awaryjnie na ma\u0142ej planecie bez szansy na ratunek. Pom\u00f3\u017c tym biedakom wr\u00f3ci\u0107 do rodzimej floty, wspieraj\u0105c ich w odkrywaniu zak\u0105tk\u00f3w planety, kreatywnym rozwi\u0105zywaniu \u0142amig\u0142\u00f3wek oraz&nbsp;budowie i&nbsp;nap\u0119dzeniu [&hellip;]<\/p>\n","protected":false},"featured_media":705079,"comment_status":"closed","ping_status":"closed","template":"","meta":{"ub_ctt_via":""},"product_cat":[15],"product_tag":[218],"class_list":["post-704598","product","type-product","status-publish","has-post-thumbnail","hentry","product_cat-uncategorized","product_tag-games","platform-steam-works"],"_links":{"self":[{"href":"https:\/\/neuvee.com\/pl\/wp-json\/wp\/v2\/product\/704598","targetHints":{"allow":["GET"]}}],"collection":[{"href":"https:\/\/neuvee.com\/pl\/wp-json\/wp\/v2\/product"}],"about":[{"href":"https:\/\/neuvee.com\/pl\/wp-json\/wp\/v2\/types\/product"}],"replies":[{"embeddable":true,"href":"https:\/\/neuvee.com\/pl\/wp-json\/wp\/v2\/comments?post=704598"}],"wp:featuredmedia":[{"embeddable":true,"href":"https:\/\/neuvee.com\/pl\/wp-json\/wp\/v2\/media\/705079"}],"wp:attachment":[{"href":"https:\/\/neuvee.com\/pl\/wp-json\/wp\/v2\/media?parent=704598"}],"wp:term":[{"taxonomy":"product_cat","embeddable":true,"href":"https:\/\/neuvee.com\/pl\/wp-json\/wp\/v2\/product_cat?post=704598"},{"taxonomy":"product_tag","embeddable":true,"href":"https:\/\/neuvee.com\/pl\/wp-json\/wp\/v2\/product_tag?post=704598"}],"curies":[{"name":"wp","href":"https:\/\/api.w.org\/{rel}","templated":true}]}}