{"id":704592,"date":"2024-02-17T18:32:05","date_gmt":"2024-02-17T18:32:05","guid":{"rendered":"https:\/\/neuvee.com\/?post_type=product&#038;p=704592"},"modified":"2025-05-19T14:04:04","modified_gmt":"2025-05-19T14:04:04","slug":"apollo-justice-ace-attorney-trilogy-3","status":"publish","type":"product","link":"https:\/\/neuvee.com\/pl\/product\/apollo-justice-ace-attorney-trilogy-3\/","title":{"rendered":"APOLLO JUSTICE: ACE ATTORNEY TRILOGY"},"content":{"rendered":"<p>Prawnicza przygoda Apolla Justice\u2019a rozpoczyna si\u0119 na nowo!<br \/>\nOdkryj kolekcj\u0119 3 gier i&nbsp;do\u0142\u0105cz do \u015bwie\u017co upieczonego adwokata Apolla Justice\u2019a oraz&nbsp;jego mentora, legendarnego Phoeniksa Wrighta. Zestaw zawiera 14 odcink\u00f3w \u201eApollo Justice: Ace Attorney\u201d, \u201ePhoenix Wright: Ace Attorney &#8211; Dual Destinies\u201d i&nbsp;\u201ePhoenix Wright: Ace Attorney &#8211; Spirit of Justice\u201d oraz&nbsp;2 odcinki specjalne dost\u0119pne wcze\u015bniej wy\u0142\u0105cznie w ramach dodatk\u00f3w DLC, czyli&nbsp;\u0142\u0105cznie a\u017c 16 odcink\u00f3w!<br \/>\nPoza tym kolekcja obejmuje mn\u00f3stwo dodatkowych tre\u015bci, kt\u00f3re bez dw\u00f3ch zda\u0144 zadowol\u0105 ka\u017cdego fana serii Ace Attorney.<\/p>\n<p>&#8211; Sala koncertowa: s\u0142uchaj muzyki odtwarzanej podczas rozgrywki w tle i&nbsp;wybieraj spo\u015br\u00f3d r\u00f3\u017cnych aran\u017cacji orkiestrowych.<\/p>\n<p>&#8211; Galeria sztuki: przegl\u0105daj ilustracje, specyfikacje projektowe, zlecone dzie\u0142a, a&nbsp;nawet specjalne anime-prolog Spirit of Justice!<\/p>\n<p>&#8211; Studio animacji: eksperymentuj z&nbsp;animacjami postaci i&nbsp;odtwarzaj ulubione sceny!<br \/>\nKolekcja jest dost\u0119pna w j\u0119zyku angielskim, francuskim, niemieckim, japo\u0144skim, korea\u0144skim, chi\u0144skim tradycyjnym i&nbsp;chi\u0144skim uproszczonym.<br \/>\nWkrocz do \u015bwiata tej wspania\u0142ej kolekcji gier i&nbsp;krzycz \u201esprzeciw!\u201d na nowo odrestaurowanych salach s\u0105dowych.<br \/>\nW celu zapewnienia zgodno\u015bci z&nbsp;form\u0105 oryginaln\u0105 niekt\u00f3ra zawarto\u015b\u0107 gier w kolekcji jest prezentowana w wersji z&nbsp;dnia premiery.<\/p>\n<p><\/p>","protected":false},"excerpt":{"rendered":"<p>Prawnicza przygoda Apolla Justice\u2019a rozpoczyna si\u0119 na nowo! Odkryj kolekcj\u0119 3 gier i&nbsp;do\u0142\u0105cz do \u015bwie\u017co upieczonego adwokata Apolla Justice\u2019a oraz&nbsp;jego mentora, legendarnego Phoeniksa Wrighta. Zestaw zawiera 14 odcink\u00f3w \u201eApollo Justice: Ace Attorney\u201d, \u201ePhoenix Wright: Ace Attorney &#8211; Dual Destinies\u201d i&nbsp;\u201ePhoenix Wright: Ace Attorney &#8211; Spirit of Justice\u201d oraz&nbsp;2 odcinki specjalne dost\u0119pne wcze\u015bniej wy\u0142\u0105cznie w ramach [&hellip;]<\/p>\n","protected":false},"featured_media":704669,"comment_status":"closed","ping_status":"closed","template":"","meta":{"ub_ctt_via":""},"product_cat":[127],"product_tag":[218],"class_list":["post-704592","product","type-product","status-publish","has-post-thumbnail","hentry","product_cat-adventure","product_tag-games","platform-steam-works"],"_links":{"self":[{"href":"https:\/\/neuvee.com\/pl\/wp-json\/wp\/v2\/product\/704592","targetHints":{"allow":["GET"]}}],"collection":[{"href":"https:\/\/neuvee.com\/pl\/wp-json\/wp\/v2\/product"}],"about":[{"href":"https:\/\/neuvee.com\/pl\/wp-json\/wp\/v2\/types\/product"}],"replies":[{"embeddable":true,"href":"https:\/\/neuvee.com\/pl\/wp-json\/wp\/v2\/comments?post=704592"}],"wp:featuredmedia":[{"embeddable":true,"href":"https:\/\/neuvee.com\/pl\/wp-json\/wp\/v2\/media\/704669"}],"wp:attachment":[{"href":"https:\/\/neuvee.com\/pl\/wp-json\/wp\/v2\/media?parent=704592"}],"wp:term":[{"taxonomy":"product_cat","embeddable":true,"href":"https:\/\/neuvee.com\/pl\/wp-json\/wp\/v2\/product_cat?post=704592"},{"taxonomy":"product_tag","embeddable":true,"href":"https:\/\/neuvee.com\/pl\/wp-json\/wp\/v2\/product_tag?post=704592"}],"curies":[{"name":"wp","href":"https:\/\/api.w.org\/{rel}","templated":true}]}}