{"id":704586,"date":"2024-02-17T18:29:40","date_gmt":"2024-02-17T18:29:40","guid":{"rendered":"https:\/\/neuvee.com\/?post_type=product&#038;p=704586"},"modified":"2025-05-19T13:23:44","modified_gmt":"2025-05-19T13:23:44","slug":"against-the-storm-supporter-pack-3","status":"publish","type":"product","link":"https:\/\/neuvee.com\/pl\/product\/against-the-storm-supporter-pack-3\/","title":{"rendered":"AGAINST THE STORM &#8211; SUPPORTER PACK"},"content":{"rendered":"<p>Staw czo\u0142a burzy z&nbsp;dodatkami z&nbsp;pakietu Against the Storm Supporter Pack, w\u015br\u00f3d kt\u00f3rych znajduj\u0105 si\u0119:<br \/>\n\u2022 Oryginalna \u015bcie\u017cka d\u017awi\u0119kowa oferuj\u0105ca 140 minut muzyki z&nbsp;gry skomponowanej przez Miko\u0142aja Kurpiosa (w tym nieskompresowane pliki WAV i&nbsp;skompresowane bezstratnie pliki FLAC)<br \/>\n\u2022 9 tapet w rozdzielczo\u015bci 4K<br \/>\n\u2022 13 grafik profilowych do wykorzystania na r\u00f3\u017cnych platformach<br \/>\n\u2022 42 emoji umo\u017cliwiaj\u0105cych wyra\u017cenie swoich emocji<br \/>\n\u2022 3 arkusze grafik koncepcyjnych zawieraj\u0105ce materia\u0142y zza kulis tworzenia gry Against the Storm<\/p>\n<p><\/p>","protected":false},"excerpt":{"rendered":"<p>Staw czo\u0142a burzy z&nbsp;dodatkami z&nbsp;pakietu Against the Storm Supporter Pack, w\u015br\u00f3d kt\u00f3rych znajduj\u0105 si\u0119: \u2022 Oryginalna \u015bcie\u017cka d\u017awi\u0119kowa oferuj\u0105ca 140 minut muzyki z&nbsp;gry skomponowanej przez Miko\u0142aja Kurpiosa (w tym nieskompresowane pliki WAV i&nbsp;skompresowane bezstratnie pliki FLAC) \u2022 9 tapet w rozdzielczo\u015bci 4K \u2022 13 grafik profilowych do wykorzystania na r\u00f3\u017cnych platformach \u2022 42 emoji umo\u017cliwiaj\u0105cych [&hellip;]<\/p>\n","protected":false},"featured_media":704716,"comment_status":"closed","ping_status":"closed","template":"","meta":{"ub_ctt_via":""},"product_cat":[230,231,78,222],"product_tag":[218],"class_list":["post-704586","product","type-product","status-publish","has-post-thumbnail","hentry","product_cat-city-builder","product_cat-roguelite","product_cat-simulation","product_cat-strategy","product_tag-games","platform-steam-works"],"_links":{"self":[{"href":"https:\/\/neuvee.com\/pl\/wp-json\/wp\/v2\/product\/704586","targetHints":{"allow":["GET"]}}],"collection":[{"href":"https:\/\/neuvee.com\/pl\/wp-json\/wp\/v2\/product"}],"about":[{"href":"https:\/\/neuvee.com\/pl\/wp-json\/wp\/v2\/types\/product"}],"replies":[{"embeddable":true,"href":"https:\/\/neuvee.com\/pl\/wp-json\/wp\/v2\/comments?post=704586"}],"wp:featuredmedia":[{"embeddable":true,"href":"https:\/\/neuvee.com\/pl\/wp-json\/wp\/v2\/media\/704716"}],"wp:attachment":[{"href":"https:\/\/neuvee.com\/pl\/wp-json\/wp\/v2\/media?parent=704586"}],"wp:term":[{"taxonomy":"product_cat","embeddable":true,"href":"https:\/\/neuvee.com\/pl\/wp-json\/wp\/v2\/product_cat?post=704586"},{"taxonomy":"product_tag","embeddable":true,"href":"https:\/\/neuvee.com\/pl\/wp-json\/wp\/v2\/product_tag?post=704586"}],"curies":[{"name":"wp","href":"https:\/\/api.w.org\/{rel}","templated":true}]}}