{"id":702693,"date":"2023-12-02T15:55:24","date_gmt":"2023-12-02T15:55:24","guid":{"rendered":"https:\/\/neuvee.com\/?post_type=product&#038;p=702693"},"modified":"2025-05-19T13:27:33","modified_gmt":"2025-05-19T13:27:33","slug":"universe-for-sale","status":"publish","type":"product","link":"https:\/\/neuvee.com\/pl\/product\/universe-for-sale\/","title":{"rendered":"UNIVERSE FOR SALE"},"content":{"rendered":"<p>Na kuriozalny kiermasz przyby\u0142a zatroskana kobieta, kt\u00f3ra w\u0142asnymi d\u0142o\u0144mi tworzy ca\u0142e wszech\u015bwiaty.<\/p>\n<p>Universe for Sale to r\u0119cznie rysowana gra przygodowa maj\u0105ca miejsce w g\u0119stych chmurach Jowisza, gdzie rozumne orangutany pracuj\u0105 jako dokerzy, a&nbsp;tajemniczy cz\u0142onkowie sekty obdzieraj\u0105 swoje cia\u0142a do ko\u015bci, by osi\u0105gn\u0105\u0107 o\u015bwiecenie.<\/p>\n<p>Odkryj ka\u017cdy zakamarek rozsypuj\u0105cej si\u0119 osady na Jowiszu. Rozklekotane herbaciarnie, dziwne sklepy z&nbsp;osobliwo\u015bciami i&nbsp;warsztaty przepracowanych mechanik\u00f3w. To wszystko w malowniczych, lecz&nbsp;owianych z\u0142\u0105 s\u0142aw\u0105 slumsach, kt\u00f3re utworzy\u0142y si\u0119 wok\u00f3\u0142 opuszczonej kopalni. Ka\u017cda nowa twarz \u2013 cz\u0142owiek, ma\u0142pa, ko\u015bciotrup czy robot \u2013 ma do przekazania wyj\u0105tkow\u0105 histori\u0119 towarzysz\u0105c\u0105 codziennej walce o&nbsp;przetrwanie po\u015br\u00f3d lej\u0105cych si\u0119 z&nbsp;nieba kwa\u015bnych deszczy.<\/p>\n<p>Zaintrygowany opowie\u015bciami o&nbsp;kim\u015b tworz\u0105cym wszech\u015bwiaty bezimienny mistrz pewnej deszczowej nocy znajduje Lil\u0119, by porozmawia\u0107 na temat tej wyj\u0105tkowej umiej\u0119tno\u015bci. Mimo \u017ce jest tak niesamowita, dziewczyna t\u0142umaczy j\u0105 tak, jakby wyja\u015bnia\u0142a parzenie kawy. Okazuje si\u0119, \u017ce nie tylko mistrz pr\u00f3buje dowiedzie\u0107 si\u0119 czego\u015b wi\u0119cej o&nbsp;Lili. Jej talent mo\u017ce ujawni\u0107 tajemnic\u0119 kryj\u0105c\u0105 si\u0119 u podstaw \u015bwiata Universe for Sale.<\/p>\n<p>Wybierz fili\u017cank\u0119 i&nbsp;znajd\u017a sk\u0142adniki, a&nbsp;Lila stworzy dla ciebie dok\u0142adnie taki wszech\u015bwiat, jaki jej opiszesz. Pozostaje tylko jedno pytanie: kupujesz?<\/p>\n<p>&#8211; R\u0119cznie rysowane animacje \u2013 zanurz si\u0119 w eleganckim stylu graficznym przygotowanym przez weteran\u00f3w \u015bwiata niezale\u017cnych europejskich komiks\u00f3w.<br \/>\n&#8211; Intryguj\u0105ca tajemnica \u2013 w opuszczonej osadzie g\u00f3rniczej w chmurach Jowisza nie wszystko jest takie, jakie si\u0119 wydaje. Czy potrafisz doj\u015b\u0107 do prawdy?<br \/>\n&#8211; Pomys\u0142owy \u015bwiat \u2013 przemykaj\u0105c przez zawi\u0142e alejki i&nbsp;rozpadaj\u0105ce si\u0119 slumsy, napotkasz wszelkiego rodzaju barwne postaci b\u0119d\u0105ce cz\u0119\u015bci\u0105 tego \u015bwiata.<br \/>\n&#8211; Tw\u00f3j w\u0142asny wszech\u015bwiat \u2013 stw\u00f3rz wszech\u015bwiat w ceramicznej fili\u017cance i&nbsp;wyka\u017c si\u0119 w unikalnej, pomys\u0142owej minigrze.<br \/>\n&#8211; Relaksuj\u0105ca \u015bcie\u017cka d\u017awi\u0119kowa \u2013 odpr\u0119\u017caj\u0105ca, oryginalna \u015bcie\u017cka d\u017awi\u0119kowa stworzona przez utalentowanego Guglielma Dian\u0119.<\/p>","protected":false},"excerpt":{"rendered":"<p>Na kuriozalny kiermasz przyby\u0142a zatroskana kobieta, kt\u00f3ra w\u0142asnymi d\u0142o\u0144mi tworzy ca\u0142e wszech\u015bwiaty. Universe for Sale to r\u0119cznie rysowana gra przygodowa maj\u0105ca miejsce w g\u0119stych chmurach Jowisza, gdzie rozumne orangutany pracuj\u0105 jako dokerzy, a&nbsp;tajemniczy cz\u0142onkowie sekty obdzieraj\u0105 swoje cia\u0142a do ko\u015bci, by osi\u0105gn\u0105\u0107 o\u015bwiecenie. Odkryj ka\u017cdy zakamarek rozsypuj\u0105cej si\u0119 osady na Jowiszu. Rozklekotane herbaciarnie, dziwne sklepy [&hellip;]<\/p>\n","protected":false},"featured_media":703002,"comment_status":"closed","ping_status":"closed","template":"","meta":{"ub_ctt_via":""},"product_cat":[253,127],"product_tag":[218],"class_list":["post-702693","product","type-product","status-publish","has-post-thumbnail","hentry","product_cat-point-and-click","product_cat-adventure","product_tag-games","platform-steam-works"],"_links":{"self":[{"href":"https:\/\/neuvee.com\/pl\/wp-json\/wp\/v2\/product\/702693","targetHints":{"allow":["GET"]}}],"collection":[{"href":"https:\/\/neuvee.com\/pl\/wp-json\/wp\/v2\/product"}],"about":[{"href":"https:\/\/neuvee.com\/pl\/wp-json\/wp\/v2\/types\/product"}],"replies":[{"embeddable":true,"href":"https:\/\/neuvee.com\/pl\/wp-json\/wp\/v2\/comments?post=702693"}],"wp:featuredmedia":[{"embeddable":true,"href":"https:\/\/neuvee.com\/pl\/wp-json\/wp\/v2\/media\/703002"}],"wp:attachment":[{"href":"https:\/\/neuvee.com\/pl\/wp-json\/wp\/v2\/media?parent=702693"}],"wp:term":[{"taxonomy":"product_cat","embeddable":true,"href":"https:\/\/neuvee.com\/pl\/wp-json\/wp\/v2\/product_cat?post=702693"},{"taxonomy":"product_tag","embeddable":true,"href":"https:\/\/neuvee.com\/pl\/wp-json\/wp\/v2\/product_tag?post=702693"}],"curies":[{"name":"wp","href":"https:\/\/api.w.org\/{rel}","templated":true}]}}