{"id":702692,"date":"2023-12-02T15:54:27","date_gmt":"2023-12-02T15:54:27","guid":{"rendered":"https:\/\/neuvee.com\/?post_type=product&#038;p=702692"},"modified":"2025-05-19T14:01:11","modified_gmt":"2025-05-19T14:01:11","slug":"tram-simulator-urban-transit","status":"publish","type":"product","link":"https:\/\/neuvee.com\/pl\/product\/tram-simulator-urban-transit\/","title":{"rendered":"TRAM SIMULATOR URBAN TRANSIT"},"content":{"rendered":"<p>W grze Tram Simulator Urban Transit wcielasz si\u0119 w rol\u0119 motorniczego i&nbsp;dyrektora sp\u00f3\u0142ki tramwajowej w Angel Shores, p\u00f3\u0142nocnoameryka\u0144skim mie\u015bcie z&nbsp;popularnego symulatora autobusu Bus Simulator 21 Next Stop. Poprowad\u017a 6 wyj\u0105tkowych modeli tramwaj\u00f3w, ka\u017cdy o&nbsp;niepowtarzalnym stylu \u2013 od nowoczesnych, eleganckich tramwaj\u00f3w po klasyczne modele o&nbsp;ponadczasowym uroku \u2013 jad\u0105c po t\u0119tni\u0105cym \u017cyciem mie\u015bcie i&nbsp;podziwiaj\u0105c po drodze liczne atrakcje. Przew\u00f3\u017a pasa\u017cer\u00f3w swoimi tramwajami, kursuj\u0105c mi\u0119dzy wieloma przystankami. Planuj w\u0142asne trasy, uwa\u017cnie zarz\u0105dzaj rozk\u0142adami jazdy i&nbsp;powi\u0119kszaj sie\u0107 tramwaj\u00f3w.<\/p>\n<p><\/p>","protected":false},"excerpt":{"rendered":"<p>W grze Tram Simulator Urban Transit wcielasz si\u0119 w rol\u0119 motorniczego i&nbsp;dyrektora sp\u00f3\u0142ki tramwajowej w Angel Shores, p\u00f3\u0142nocnoameryka\u0144skim mie\u015bcie z&nbsp;popularnego symulatora autobusu Bus Simulator 21 Next Stop. Poprowad\u017a 6 wyj\u0105tkowych modeli tramwaj\u00f3w, ka\u017cdy o&nbsp;niepowtarzalnym stylu \u2013 od nowoczesnych, eleganckich tramwaj\u00f3w po klasyczne modele o&nbsp;ponadczasowym uroku \u2013 jad\u0105c po t\u0119tni\u0105cym \u017cyciem mie\u015bcie i&nbsp;podziwiaj\u0105c po drodze liczne [&hellip;]<\/p>\n","protected":false},"featured_media":703124,"comment_status":"closed","ping_status":"closed","template":"","meta":{"ub_ctt_via":""},"product_cat":[78],"product_tag":[218],"class_list":["post-702692","product","type-product","status-publish","has-post-thumbnail","hentry","product_cat-simulation","product_tag-games","platform-steam-works"],"_links":{"self":[{"href":"https:\/\/neuvee.com\/pl\/wp-json\/wp\/v2\/product\/702692","targetHints":{"allow":["GET"]}}],"collection":[{"href":"https:\/\/neuvee.com\/pl\/wp-json\/wp\/v2\/product"}],"about":[{"href":"https:\/\/neuvee.com\/pl\/wp-json\/wp\/v2\/types\/product"}],"replies":[{"embeddable":true,"href":"https:\/\/neuvee.com\/pl\/wp-json\/wp\/v2\/comments?post=702692"}],"wp:featuredmedia":[{"embeddable":true,"href":"https:\/\/neuvee.com\/pl\/wp-json\/wp\/v2\/media\/703124"}],"wp:attachment":[{"href":"https:\/\/neuvee.com\/pl\/wp-json\/wp\/v2\/media?parent=702692"}],"wp:term":[{"taxonomy":"product_cat","embeddable":true,"href":"https:\/\/neuvee.com\/pl\/wp-json\/wp\/v2\/product_cat?post=702692"},{"taxonomy":"product_tag","embeddable":true,"href":"https:\/\/neuvee.com\/pl\/wp-json\/wp\/v2\/product_tag?post=702692"}],"curies":[{"name":"wp","href":"https:\/\/api.w.org\/{rel}","templated":true}]}}