{"id":702687,"date":"2023-12-02T15:51:54","date_gmt":"2023-12-02T15:51:54","guid":{"rendered":"https:\/\/neuvee.com\/?post_type=product&#038;p=702687"},"modified":"2025-05-19T14:27:06","modified_gmt":"2025-05-19T14:27:06","slug":"the-last-faith-3","status":"publish","type":"product","link":"https:\/\/neuvee.com\/pl\/product\/the-last-faith-3\/","title":{"rendered":"THE LAST FAITH"},"content":{"rendered":"<p>I przekl\u0119ci, i&nbsp;b\u0142ogos\u0142awieni zostan\u0105 os\u0105dzeni. Nie pozw\u00f3l niczemu ci\u0119 powstrzyma\u0107.<\/p>\n<p>Nierzadko brutalna, zawsze daj\u0105ca poczucie pot\u0119gi gra The Last Faith to blu\u017aniercze scalenie styl\u00f3w metroidvania i&nbsp;soulslike.<\/p>\n<p>The Last Faith opiera si\u0119 na bezlitosnej i&nbsp;precyzyjnej walce, oferuj\u0105c olbrzymi\u0105 gam\u0119 wyj\u0105tkowych egzekucji do wykonania.<\/p>\n<p>Poznaj mocarny arsena\u0142 broni do walki wr\u0119cz, tajemn\u0105 magi\u0119 i&nbsp;dalekosi\u0119\u017cn\u0105 bro\u0144 paln\u0105 \u2013 ka\u017cde z&nbsp;nich pozwoli ci na pod\u0105\u017cenie wybran\u0105 \u015bcie\u017ck\u0105 zniszczenia.<\/p>\n<p>Nieliniowa eksploracja stanowi rdze\u0144 rozgrywki w The Last Faith. Przepi\u0119kna, pe\u0142na pikseli grafika przedstawia imponuj\u0105cy gotycki krajobraz. Podr\u00f3\u017cuj po\u015br\u00f3d pokrytych \u015bniegiem szczyt\u00f3w i&nbsp;zamczysk sk\u0105panych w \u015bwietle ksi\u0119\u017cyca. Znajd\u017a i&nbsp;ulepsz mocarny arsena\u0142 narz\u0119dzi destrukcji.<\/p>\n<p>Wkrocz w sponiewierany \u015bwiat The Last Faith jako Eric, kt\u00f3ry budzi si\u0119 pozbawiony swych niedawnych wspomnie\u0144. Wkr\u00f3tce orientuje si\u0119, \u017ce \u015bciga si\u0119 z&nbsp;czasem i&nbsp;pogarszaj\u0105cym si\u0119 stanem umys\u0142u i&nbsp;\u015bwiadomo\u015bci. Pragnienie unikni\u0119cia ponurego losu popycha go ku przekl\u0119tej misji wype\u0142nionej staro\u017cytnymi religiami i&nbsp;b\u00f3stwami.<\/p>\n<p><\/p>","protected":false},"excerpt":{"rendered":"<p>I przekl\u0119ci, i&nbsp;b\u0142ogos\u0142awieni zostan\u0105 os\u0105dzeni. Nie pozw\u00f3l niczemu ci\u0119 powstrzyma\u0107. Nierzadko brutalna, zawsze daj\u0105ca poczucie pot\u0119gi gra The Last Faith to blu\u017aniercze scalenie styl\u00f3w metroidvania i&nbsp;soulslike. The Last Faith opiera si\u0119 na bezlitosnej i&nbsp;precyzyjnej walce, oferuj\u0105c olbrzymi\u0105 gam\u0119 wyj\u0105tkowych egzekucji do wykonania. Poznaj mocarny arsena\u0142 broni do walki wr\u0119cz, tajemn\u0105 magi\u0119 i&nbsp;dalekosi\u0119\u017cn\u0105 bro\u0144 paln\u0105 \u2013 [&hellip;]<\/p>\n","protected":false},"featured_media":703340,"comment_status":"closed","ping_status":"closed","template":"","meta":{"ub_ctt_via":""},"product_cat":[88,127,221],"product_tag":[218],"class_list":["post-702687","product","type-product","status-publish","has-post-thumbnail","hentry","product_cat-action","product_cat-adventure","product_cat-indie","product_tag-games","platform-steam-works"],"_links":{"self":[{"href":"https:\/\/neuvee.com\/pl\/wp-json\/wp\/v2\/product\/702687","targetHints":{"allow":["GET"]}}],"collection":[{"href":"https:\/\/neuvee.com\/pl\/wp-json\/wp\/v2\/product"}],"about":[{"href":"https:\/\/neuvee.com\/pl\/wp-json\/wp\/v2\/types\/product"}],"replies":[{"embeddable":true,"href":"https:\/\/neuvee.com\/pl\/wp-json\/wp\/v2\/comments?post=702687"}],"wp:featuredmedia":[{"embeddable":true,"href":"https:\/\/neuvee.com\/pl\/wp-json\/wp\/v2\/media\/703340"}],"wp:attachment":[{"href":"https:\/\/neuvee.com\/pl\/wp-json\/wp\/v2\/media?parent=702687"}],"wp:term":[{"taxonomy":"product_cat","embeddable":true,"href":"https:\/\/neuvee.com\/pl\/wp-json\/wp\/v2\/product_cat?post=702687"},{"taxonomy":"product_tag","embeddable":true,"href":"https:\/\/neuvee.com\/pl\/wp-json\/wp\/v2\/product_tag?post=702687"}],"curies":[{"name":"wp","href":"https:\/\/api.w.org\/{rel}","templated":true}]}}