{"id":702675,"date":"2023-12-02T15:57:08","date_gmt":"2023-12-02T15:57:08","guid":{"rendered":"https:\/\/neuvee.com\/?post_type=product&#038;p=702675"},"modified":"2025-05-19T14:16:20","modified_gmt":"2025-05-19T14:16:20","slug":"worldless","status":"publish","type":"product","link":"https:\/\/neuvee.com\/pl\/product\/worldless\/","title":{"rendered":"WORLDLESS"},"content":{"rendered":"<p>Akcja Worldless osadzona jest w nowo narodzonym wszech\u015bwiecie i&nbsp;opiera si\u0119 na wiecznym konflikcie byt\u00f3w o&nbsp;polaryzuj\u0105cej naturze przyci\u0105gania. Te interakcje mog\u0105 doprowadzi\u0107 do zmian w polaryzacji, jednak&nbsp;sam proces jest niestabilny, a&nbsp;kto wie, czym mo\u017ce skutkowa\u0107\u2026<\/p>\n<p>W tej aktywnej, turowej platform\u00f3wce 2D b\u0119dziesz eksplorowa\u0107 skomplikowane obszary pe\u0142ne sekret\u00f3w i&nbsp;tajemnic do odkrycia, w czym pomo\u017ce ci wiele umiej\u0119tno\u015bci, takich jak szybowanie czy skakanie po \u015bcianach.<\/p>\n<p>W trakcie przygody napotkasz r\u00f3\u017cne istoty, kt\u00f3re spr\u00f3buj\u0105 ci\u0119 powstrzyma\u0107 w drodze do odnalezienia swojego miejsca w tym wszech\u015bwiecie. Turowa rozgrywka, potyczki \u0142\u0105cz\u0105ce tradycyjne starcia z&nbsp;aktywnym systemem walki zapewni\u0105 pe\u0142ne emocji strategiczne pojedynki, poddaj\u0105c pr\u00f3bie twoj\u0105 znajomo\u015b\u0107 mechanik gry i&nbsp;umiej\u0119tno\u015bci.<\/p>\n<p>Okre\u015bl to, co niezdefiniowane<br \/>\n&#8211; Niewyobra\u017calne mo\u017cliwo\u015bci \u2013 Skacz i&nbsp;p\u0119d\u017a przez abstrakcyjne obszary w pogoni za swym przeznaczeniem<\/p>\n<p>Ro\u015bnij w si\u0142\u0119, by przetrwa\u0107<br \/>\n&#8211; Ulepszaj swoje umiej\u0119tno\u015bci, korzystaj\u0105c ze zniuansowanego schematu talent\u00f3w<br \/>\n&#8211; Przygotuj si\u0119 \u2013 We\u017a udzia\u0142 w aktywnych, turowych starciach, wykonuj\u0105c kombinacje cios\u00f3w w odpowiednich momentach i&nbsp;szlifuj\u0105c obron\u0119 do perfekcji, by zmia\u017cd\u017cy\u0107 swoich wrog\u00f3w.i<\/p>\n<p>Daj si\u0119 oczarowa\u0107<br \/>\n&#8211; Rzewne melodie \u2013 Dzi\u0119ki przejmuj\u0105cej, pi\u0119knej \u015bcie\u017cce d\u017awi\u0119kowej poczujesz jeszcze g\u0142\u0119bsz\u0105 wi\u0119\u017a ze \u015bwiatem Worldless<br \/>\n&#8211; Radosne momenty \u2013 Zdefiniuj \u015bwiat przedstawiony po swojemu i&nbsp;rozwik\u0142aj jego sekrety, odkrywaj\u0105c tajemnicz\u0105, wci\u0105gaj\u0105c\u0105 fabu\u0142\u0119.<\/p>\n<p><\/p>","protected":false},"excerpt":{"rendered":"<p>Akcja Worldless osadzona jest w nowo narodzonym wszech\u015bwiecie i&nbsp;opiera si\u0119 na wiecznym konflikcie byt\u00f3w o&nbsp;polaryzuj\u0105cej naturze przyci\u0105gania. Te interakcje mog\u0105 doprowadzi\u0107 do zmian w polaryzacji, jednak&nbsp;sam proces jest niestabilny, a&nbsp;kto wie, czym mo\u017ce skutkowa\u0107\u2026 W tej aktywnej, turowej platform\u00f3wce 2D b\u0119dziesz eksplorowa\u0107 skomplikowane obszary pe\u0142ne sekret\u00f3w i&nbsp;tajemnic do odkrycia, w czym pomo\u017ce ci wiele umiej\u0119tno\u015bci, [&hellip;]<\/p>\n","protected":false},"featured_media":703473,"comment_status":"closed","ping_status":"closed","template":"","meta":{"ub_ctt_via":""},"product_cat":[225,262,88,127,222],"product_tag":[218],"class_list":["post-702675","product","type-product","status-publish","has-post-thumbnail","hentry","product_cat-role-playing","product_cat-steam-deck-compatibility-verified","product_cat-action","product_cat-adventure","product_cat-strategy","product_tag-games","platform-steam-works"],"_links":{"self":[{"href":"https:\/\/neuvee.com\/pl\/wp-json\/wp\/v2\/product\/702675","targetHints":{"allow":["GET"]}}],"collection":[{"href":"https:\/\/neuvee.com\/pl\/wp-json\/wp\/v2\/product"}],"about":[{"href":"https:\/\/neuvee.com\/pl\/wp-json\/wp\/v2\/types\/product"}],"replies":[{"embeddable":true,"href":"https:\/\/neuvee.com\/pl\/wp-json\/wp\/v2\/comments?post=702675"}],"wp:featuredmedia":[{"embeddable":true,"href":"https:\/\/neuvee.com\/pl\/wp-json\/wp\/v2\/media\/703473"}],"wp:attachment":[{"href":"https:\/\/neuvee.com\/pl\/wp-json\/wp\/v2\/media?parent=702675"}],"wp:term":[{"taxonomy":"product_cat","embeddable":true,"href":"https:\/\/neuvee.com\/pl\/wp-json\/wp\/v2\/product_cat?post=702675"},{"taxonomy":"product_tag","embeddable":true,"href":"https:\/\/neuvee.com\/pl\/wp-json\/wp\/v2\/product_tag?post=702675"}],"curies":[{"name":"wp","href":"https:\/\/api.w.org\/{rel}","templated":true}]}}