{"id":702662,"date":"2023-12-02T15:28:50","date_gmt":"2023-12-02T15:28:50","guid":{"rendered":"https:\/\/neuvee.com\/?post_type=product&#038;p=702662"},"modified":"2025-05-19T13:42:18","modified_gmt":"2025-05-19T13:42:18","slug":"street-fighter-6-6","status":"publish","type":"product","link":"https:\/\/neuvee.com\/pl\/product\/street-fighter-6-6\/","title":{"rendered":"STREET FIGHTER\u2122 6"},"content":{"rendered":"<p>Nadchodzi nowo\u015b\u0107 od Capcom! Ju\u017c 2 czerwca 2023 roku odb\u0119dzie si\u0119 \u015bwiatowa premiera Street Fighter\u2122 6, kolejnej ods\u0142ony kultowej gry.<br \/>\nW opartej na autorskim silniku Capcom RE ENGINE grze Street Fighter 6 masz do wyboru trzy tryby: World Tour, Fighting Ground i&nbsp;Battle Hub.<br \/>\n18 zr\u00f3\u017cnicowanych zawodnik\u00f3w<br \/>\nGraj legendarnymi mistrzami lub&nbsp;nowymi postaciami. W najnowszej ods\u0142onie gry czekaj\u0105 na Ciebie Ryu, Chun-Li, Luke, Jamie, Kimberly i&nbsp;inni. Ka\u017cdy z&nbsp;zawodnik\u00f3w zosta\u0142 udoskonalony i&nbsp;wyposa\u017cony w efektowne funkcje.<br \/>\nZosta\u0144 mistrzem areny<br \/>\nGra Street Fighter 6 oferuje zaawansowany system pojedynk\u00f3w z&nbsp;trzema rodzajami sterowania \u2013 klasycznym, nowoczesnym i&nbsp;dynamicznym \u2013 kt\u00f3re umo\u017cliwiaj\u0105 dostosowanie rozgrywki do poziomu umiej\u0119tno\u015bci.<br \/>\nFunkcja komentowania w czasie rzeczywistym daje poczucie uczestnictwa w rzeczywistej walce i&nbsp;obja\u015bnia przebieg rozgrywki.<br \/>\nWska\u017anik Drive Gauge to nowy system zarz\u0105dzania zasobami. Korzystaj z&nbsp;niego m\u0105drze, aby zapewni\u0107 sobie zwyci\u0119stwo.<br \/>\nPrzemierzaj ulice miasta w trybie World Tour<br \/>\nPrzekonaj si\u0119, co znaczy si\u0142a, graj\u0105c w trybie World Tour \u2013 anga\u017cuj\u0105cej grze w trybie jednoosobowym. Zabierz swojego awatara na wypraw\u0119 po mie\u015bcie Metro City i&nbsp;poza jego granicami. Poznaj mistrz\u00f3w, kt\u00f3rzy wezm\u0105 Ci\u0119 pod swoje skrzyd\u0142a oraz&nbsp;naucz\u0105 w\u0142asnego stylu i&nbsp;technik walki.<br \/>\nSzukaj rywali w trybie Battle Hub<br \/>\nBattle Hub to podstawowy tryb gry Street Fighter 6, w kt\u00f3rym gracze mog\u0105 si\u0119 gromadzi\u0107, komunikowa\u0107 i&nbsp;wsp\u00f3lnie rozwija\u0107. Za pomoc\u0105 awatara utworzonego w trybie World Tour przeszukaj szafki na poziomie Battle Hub i&nbsp;graj przeciwko innym lub&nbsp;przejd\u017a do Centrum gry i&nbsp;pograj w klasyczne gry zr\u0119czno\u015bciowe od Capcom.<br \/>\nTu zaczyna si\u0119 Twoja droga do stania si\u0119 \u015awiatowym Wojownikiem.<\/p>\n<p><\/p>","protected":false},"excerpt":{"rendered":"<p>Nadchodzi nowo\u015b\u0107 od Capcom! Ju\u017c 2 czerwca 2023 roku odb\u0119dzie si\u0119 \u015bwiatowa premiera Street Fighter\u2122 6, kolejnej ods\u0142ony kultowej gry. W opartej na autorskim silniku Capcom RE ENGINE grze Street Fighter 6 masz do wyboru trzy tryby: World Tour, Fighting Ground i&nbsp;Battle Hub. 18 zr\u00f3\u017cnicowanych zawodnik\u00f3w Graj legendarnymi mistrzami lub&nbsp;nowymi postaciami. W najnowszej ods\u0142onie gry [&hellip;]<\/p>\n","protected":false},"featured_media":702829,"comment_status":"closed","ping_status":"closed","template":"","meta":{"ub_ctt_via":""},"product_cat":[262,220],"product_tag":[218],"class_list":["post-702662","product","type-product","status-publish","has-post-thumbnail","hentry","product_cat-steam-deck-compatibility-verified","product_cat-fighting","product_tag-games","platform-steam-works"],"_links":{"self":[{"href":"https:\/\/neuvee.com\/pl\/wp-json\/wp\/v2\/product\/702662","targetHints":{"allow":["GET"]}}],"collection":[{"href":"https:\/\/neuvee.com\/pl\/wp-json\/wp\/v2\/product"}],"about":[{"href":"https:\/\/neuvee.com\/pl\/wp-json\/wp\/v2\/types\/product"}],"replies":[{"embeddable":true,"href":"https:\/\/neuvee.com\/pl\/wp-json\/wp\/v2\/comments?post=702662"}],"wp:featuredmedia":[{"embeddable":true,"href":"https:\/\/neuvee.com\/pl\/wp-json\/wp\/v2\/media\/702829"}],"wp:attachment":[{"href":"https:\/\/neuvee.com\/pl\/wp-json\/wp\/v2\/media?parent=702662"}],"wp:term":[{"taxonomy":"product_cat","embeddable":true,"href":"https:\/\/neuvee.com\/pl\/wp-json\/wp\/v2\/product_cat?post=702662"},{"taxonomy":"product_tag","embeddable":true,"href":"https:\/\/neuvee.com\/pl\/wp-json\/wp\/v2\/product_tag?post=702662"}],"curies":[{"name":"wp","href":"https:\/\/api.w.org\/{rel}","templated":true}]}}