{"id":702074,"date":"2023-12-02T13:55:39","date_gmt":"2023-12-02T13:55:39","guid":{"rendered":"https:\/\/neuvee.com\/?post_type=product&#038;p=702074"},"modified":"2025-05-19T13:43:05","modified_gmt":"2025-05-19T13:43:05","slug":"howl","status":"publish","type":"product","link":"https:\/\/neuvee.com\/pl\/product\/howl\/","title":{"rendered":"HOWL"},"content":{"rendered":"<p>Howl to taktyczna gra turowa osadzona w \u015bredniowiecznym ba\u015bniowym \u015bwiecie. Z\u0142owroga &#8222;wyj\u0105ca plaga&#8221; dewastuje ziemie, zamienijaj\u0105c ka\u017cdego kto j\u0105 us\u0142yszy w oszala\u0142e bestie. Wcielasz si\u0119 w rol\u0119 g\u0142uchej bohaterki rzucaj\u0105cej si\u0119 w wir niebezpiecze\u0144stw w poszukiwaniu lekarstwa.<br \/>\nPlanuj do sze\u015bciu krok\u00f3w naprz\u00f3d, aby przechytrzy\u0107 przeciwnik\u00f3w \u2013 wilki opanowane przez g\u0142\u00f3d i&nbsp;sza\u0142. W ciemno\u015bci czyhaj\u0105 r\u00f3\u017cne rodzaje wrog\u00f3w. Ka\u017cdy z&nbsp;nich posiada okre\u015blony poziom \u017cywotno\u015bci i&nbsp;r\u00f3\u017cne zdolno\u015bci, wi\u0119c&nbsp;musisz starannie opracowa\u0107 strategi\u0119, aby ich pokona\u0107.<br \/>\nW walce wykorzystujesz nie tylko spryt, ale r\u00f3wnie\u017c szereg zdolno\u015bci. W miar\u0119 zabijania kolejnych wilk\u00f3w nab\u0119dziesz umiej\u0119tno\u015bci takie jak przeskok, bomba dymna i&nbsp;przebijaj\u0105cy strza\u0142. Czy\u0144 post\u0119py podczas swojej podr\u00f3\u017cy, aby ulepsza\u0107 umiej\u0119tno\u015bci, odblokowa\u0107 wi\u0119cej gniazd dzia\u0142a\u0144 i&nbsp;punkt\u00f3w cofania wszystkich dzia\u0142a\u0144 w rundzie. Opracowuj\u0105c w\u0142asny plan ataku, tworzysz r\u00f3wnie\u017c swoj\u0105 przepowiedni\u0119, tkaj\u0105c manuskrypt podczas walki.<br \/>\nWizualna oprawa zosta\u0142a stworzona przy pomocy '\u017cyj\u0105cego atramentu&#8217;, stylu kt\u00f3ry barwnie maluje historie podczas gry. Przedzieraj si\u0119 przez mroczny ba\u015bniowy \u015bwiat z\u0142o\u017cony z&nbsp;tajemniczych, magicznych miejsc, w kt\u00f3rych b\u0119dziesz walczy\u0107 i&nbsp;pisa\u0107, aby pozby\u0107 si\u0119 plagi. <\/p>\n<p>Zawarto\u015b\u0107<br \/>\n\u2022\tPrzewiduj dzia\u0142ania przeciwnik\u00f3w w trakcie taktycznych turowych star\u0107<br \/>\n\u2022\tPrzechytrz r\u00f3\u017cne gatunki wilk\u00f3w \u2013 od szybkich drapie\u017cnik\u00f3w po du\u017cych przyw\u00f3dc\u00f3w stada<br \/>\n\u2022\tPi\u0119knie zilustrowane unikalnym, stylem artystycznym \u017cyj\u0105cego atramentu<br \/>\n\u2022\tOdblokuj i&nbsp;ulepszaj nowe umiej\u0119tno\u015bci, takie jak krok w cie\u0144, eksploduj\u0105cy strza\u0142 i&nbsp;nie tylko<br \/>\n\u2022\tRatuj wie\u015bniak\u00f3w przed pazurami &#8211; lub&nbsp;wyciem &#8211; wilk\u00f3w<br \/>\n\u2022\tRozegraj 60 poziom\u00f3w w 4 rozdzia\u0142ach<br \/>\n\u2022\tRozplanuj swoj\u0105 tras\u0119 na mapie \u015bwiata aby odkry\u0107 nowe umiej\u0119tno\u015bci i&nbsp;sekretne \u015bcie\u017cki<\/p>\n<p><\/p>","protected":false},"excerpt":{"rendered":"<p>Howl to taktyczna gra turowa osadzona w \u015bredniowiecznym ba\u015bniowym \u015bwiecie. Z\u0142owroga &#8222;wyj\u0105ca plaga&#8221; dewastuje ziemie, zamienijaj\u0105c ka\u017cdego kto j\u0105 us\u0142yszy w oszala\u0142e bestie. Wcielasz si\u0119 w rol\u0119 g\u0142uchej bohaterki rzucaj\u0105cej si\u0119 w wir niebezpiecze\u0144stw w poszukiwaniu lekarstwa. Planuj do sze\u015bciu krok\u00f3w naprz\u00f3d, aby przechytrzy\u0107 przeciwnik\u00f3w \u2013 wilki opanowane przez g\u0142\u00f3d i&nbsp;sza\u0142. W ciemno\u015bci czyhaj\u0105 r\u00f3\u017cne [&hellip;]<\/p>\n","protected":false},"featured_media":702409,"comment_status":"closed","ping_status":"closed","template":"","meta":{"ub_ctt_via":""},"product_cat":[127,221,222],"product_tag":[218],"class_list":["post-702074","product","type-product","status-publish","has-post-thumbnail","hentry","product_cat-adventure","product_cat-indie","product_cat-strategy","product_tag-games","platform-steam-works"],"_links":{"self":[{"href":"https:\/\/neuvee.com\/pl\/wp-json\/wp\/v2\/product\/702074","targetHints":{"allow":["GET"]}}],"collection":[{"href":"https:\/\/neuvee.com\/pl\/wp-json\/wp\/v2\/product"}],"about":[{"href":"https:\/\/neuvee.com\/pl\/wp-json\/wp\/v2\/types\/product"}],"replies":[{"embeddable":true,"href":"https:\/\/neuvee.com\/pl\/wp-json\/wp\/v2\/comments?post=702074"}],"wp:featuredmedia":[{"embeddable":true,"href":"https:\/\/neuvee.com\/pl\/wp-json\/wp\/v2\/media\/702409"}],"wp:attachment":[{"href":"https:\/\/neuvee.com\/pl\/wp-json\/wp\/v2\/media?parent=702074"}],"wp:term":[{"taxonomy":"product_cat","embeddable":true,"href":"https:\/\/neuvee.com\/pl\/wp-json\/wp\/v2\/product_cat?post=702074"},{"taxonomy":"product_tag","embeddable":true,"href":"https:\/\/neuvee.com\/pl\/wp-json\/wp\/v2\/product_tag?post=702074"}],"curies":[{"name":"wp","href":"https:\/\/api.w.org\/{rel}","templated":true}]}}