{"id":702067,"date":"2023-12-02T13:31:13","date_gmt":"2023-12-02T13:31:13","guid":{"rendered":"https:\/\/neuvee.com\/?post_type=product&#038;p=702067"},"modified":"2025-05-19T13:45:38","modified_gmt":"2025-05-19T13:45:38","slug":"farming-simulator-22-premium-edition","status":"publish","type":"product","link":"https:\/\/neuvee.com\/pl\/product\/farming-simulator-22-premium-edition\/","title":{"rendered":"FARMING SIMULATOR 22 &#8211; PREMIUM EDITION"},"content":{"rendered":"<p>Zawarto\u015b\u0107 w skali Premium: gra + 7 pakiet\u00f3w + 2 dodatki<\/p>\n<p>Edycja Premium Farming Simulator 22 zawiera wymarzon\u0105 r\u00f3\u017cnorodno\u015b\u0107 rolniczych dobroci \u2013 sze\u015b\u0107 map i&nbsp;gigantyczn\u0105 flot\u0119 setek realistycznych maszyn!<\/p>\n<p>Nagrodzona w wielu krajach gra podstawowa, wraz z&nbsp;siedmioma pakietami zawarto\u015bci i&nbsp;dwoma dodatkami, pozwala pocz\u0105tkuj\u0105cym i&nbsp;powracaj\u0105cym na pola zazna\u0107 praktycznie niesko\u0144czonej ilo\u015bci przyjaznej dla rodziny zabawy w ramach rolniczej wsp\u00f3\u0142pracy i&nbsp;konkurencji.<\/p>\n<p>Nowo\u015b\u0107: dodatek Premium Expansion dodaje plony, mapy i&nbsp;maszyny<\/p>\n<p>Dodatek Premium Expansion, dost\u0119pny r\u00f3wnie\u017c osobno, stanowi cz\u0119\u015b\u0107 tej edycji i&nbsp;zaproszenie do Zielonki \u2013 nowej okolicy w Europie \u015arodkowej, doskonale nadaj\u0105cej si\u0119 pod upraw\u0119 warzyw: marchwi, pasternaku i&nbsp;buraka czerwonego, kt\u00f3rych dost\u0119pno\u015b\u0107 rozszerza list\u0119 20 dost\u0119pnych plon\u00f3w i&nbsp;zak\u0142ad\u00f3w przetw\u00f3rczych.<\/p>\n<p>Dodatek Premium Expansion oferuje niespotykany dotychczas poziom szczeg\u00f3\u0142owo\u015bci oraz&nbsp;35 pojazd\u00f3w i&nbsp;narz\u0119dzi. W serii pojawiaj\u0105 si\u0119 po raz pierwszy marki Dewulf, Gorenc, Agrio i&nbsp;WIFO, a&nbsp;na dok\u0142adk\u0119 dochodz\u0105 nowe maszyny marek BEDNAR, Fiat, GRIMME, Kverneland, SaMASZ i&nbsp;nie tylko.<\/p>\n<p>Zawarto\u015b\u0107 przepustek sezonowych 1. i&nbsp;2. roku!<\/p>\n<p>Ta edycja gry Farming Simulator 22 zawiera r\u00f3wnie\u017c nast\u0119puj\u0105ce pakiety: pakiet Antonio Carraro, pakiet Kubota, pakiet Vermeer, pakiet G\u00f6weil, pakiet Hay &#038; Forage oraz&nbsp;dwa dodatkowe, jeszcze nieznane pakiety. Zawiera r\u00f3wnie\u017c dodatek Platinum Expansion o&nbsp;le\u015bnictwie, w kt\u00f3rym zadebiutowa\u0142a marka Volvo, oferuj\u0105cy ponadto wiele innych marek, nowych mechanik rozgrywki oraz&nbsp;now\u0105 map\u0119.<\/p>\n<p><\/p>","protected":false},"excerpt":{"rendered":"<p>Zawarto\u015b\u0107 w skali Premium: gra + 7 pakiet\u00f3w + 2 dodatki Edycja Premium Farming Simulator 22 zawiera wymarzon\u0105 r\u00f3\u017cnorodno\u015b\u0107 rolniczych dobroci \u2013 sze\u015b\u0107 map i&nbsp;gigantyczn\u0105 flot\u0119 setek realistycznych maszyn! Nagrodzona w wielu krajach gra podstawowa, wraz z&nbsp;siedmioma pakietami zawarto\u015bci i&nbsp;dwoma dodatkami, pozwala pocz\u0105tkuj\u0105cym i&nbsp;powracaj\u0105cym na pola zazna\u0107 praktycznie niesko\u0144czonej ilo\u015bci przyjaznej dla rodziny zabawy w [&hellip;]<\/p>\n","protected":false},"featured_media":702310,"comment_status":"closed","ping_status":"closed","template":"","meta":{"ub_ctt_via":""},"product_cat":[78],"product_tag":[218],"class_list":["post-702067","product","type-product","status-publish","has-post-thumbnail","hentry","product_cat-simulation","product_tag-games","platform-steam-works"],"_links":{"self":[{"href":"https:\/\/neuvee.com\/pl\/wp-json\/wp\/v2\/product\/702067","targetHints":{"allow":["GET"]}}],"collection":[{"href":"https:\/\/neuvee.com\/pl\/wp-json\/wp\/v2\/product"}],"about":[{"href":"https:\/\/neuvee.com\/pl\/wp-json\/wp\/v2\/types\/product"}],"replies":[{"embeddable":true,"href":"https:\/\/neuvee.com\/pl\/wp-json\/wp\/v2\/comments?post=702067"}],"wp:featuredmedia":[{"embeddable":true,"href":"https:\/\/neuvee.com\/pl\/wp-json\/wp\/v2\/media\/702310"}],"wp:attachment":[{"href":"https:\/\/neuvee.com\/pl\/wp-json\/wp\/v2\/media?parent=702067"}],"wp:term":[{"taxonomy":"product_cat","embeddable":true,"href":"https:\/\/neuvee.com\/pl\/wp-json\/wp\/v2\/product_cat?post=702067"},{"taxonomy":"product_tag","embeddable":true,"href":"https:\/\/neuvee.com\/pl\/wp-json\/wp\/v2\/product_tag?post=702067"}],"curies":[{"name":"wp","href":"https:\/\/api.w.org\/{rel}","templated":true}]}}