{"id":702066,"date":"2023-12-02T13:30:36","date_gmt":"2023-12-02T13:30:36","guid":{"rendered":"https:\/\/neuvee.com\/?post_type=product&#038;p=702066"},"modified":"2025-05-19T14:10:50","modified_gmt":"2025-05-19T14:10:50","slug":"farming-simulator-22-case-ih-farmall-anniversary-pack","status":"publish","type":"product","link":"https:\/\/neuvee.com\/pl\/product\/farming-simulator-22-case-ih-farmall-anniversary-pack\/","title":{"rendered":"FARMING SIMULATOR 22 &#8211; CASE IH FARMALL ANNIVERSARY PACK"},"content":{"rendered":"<p>Z okazji stulecia firmy Farmall otrzymujesz dwa kultowe ci\u0105gniki serii Farmall marki Case IH z&nbsp;dw\u00f3ch ekscytuj\u0105cych epok rolnictwa. Maszyny zosta\u0142y wiernie zdigitalizowane do u\u017cytku w Farming Simulator 22.<\/p>\n<p>Case IH Farmall 1066 Hydro<\/p>\n<p>Ten klasyczny sze\u015bciocylindrowy ci\u0105gnik z&nbsp;silnikiem diesla by\u0142 produkowany od 1971 do 1976 roku przez firm\u0119 International Harvester i&nbsp;do dzisiaj pozostaje popularn\u0105 maszyn\u0105 dla wielu rolnik\u00f3w, pomimo up\u0142ywu ponad pi\u0119\u0107dziesi\u0119ciu lat. To ci\u0105gnik, z&nbsp;kt\u00f3rym dorasta\u0142o wiele os\u00f3b pracuj\u0105cych na roli. Maszyna, kt\u00f3ra jest tak \u017cywa w ich pami\u0119ci, jak czerwie\u0144 \u015bwie\u017cego lakieru na dobrze zachowanym ci\u0105gniku Case IH Farmall 1066 Hydro. Jego niesamowite dziedzictwo trwa w Farming Simulator 22.<\/p>\n<p>Case IH Farmall 120C<\/p>\n<p>Sprawdzona i&nbsp;niezawodna maszyna: niezale\u017cnie od zastosowania, czerwony rumak Farmall serii C marki Case IH o&nbsp;wielu talentach oferuje do 120 koni mechanicznych! Dlatego ci\u0105gnik Case IH Farmall 120C jest powszechnie stosowany do  uprawy \u0142\u0105k, intensywnej pracy w polu lub&nbsp;ci\u0119\u017ckich zada\u0144 zwi\u0105zanych z&nbsp;za\u0142adunkiem. To wszechstronny i&nbsp;doskona\u0142y sprz\u0119t w prawdziwych i&nbsp;wirtualnych gospodarstwach!<\/p>\n<p><\/p>","protected":false},"excerpt":{"rendered":"<p>Z okazji stulecia firmy Farmall otrzymujesz dwa kultowe ci\u0105gniki serii Farmall marki Case IH z&nbsp;dw\u00f3ch ekscytuj\u0105cych epok rolnictwa. Maszyny zosta\u0142y wiernie zdigitalizowane do u\u017cytku w Farming Simulator 22. Case IH Farmall 1066 Hydro Ten klasyczny sze\u015bciocylindrowy ci\u0105gnik z&nbsp;silnikiem diesla by\u0142 produkowany od 1971 do 1976 roku przez firm\u0119 International Harvester i&nbsp;do dzisiaj pozostaje popularn\u0105 maszyn\u0105 [&hellip;]<\/p>\n","protected":false},"featured_media":702360,"comment_status":"closed","ping_status":"closed","template":"","meta":{"ub_ctt_via":""},"product_cat":[78],"product_tag":[218],"class_list":["post-702066","product","type-product","status-publish","has-post-thumbnail","hentry","product_cat-simulation","product_tag-games","platform-steam-works"],"_links":{"self":[{"href":"https:\/\/neuvee.com\/pl\/wp-json\/wp\/v2\/product\/702066","targetHints":{"allow":["GET"]}}],"collection":[{"href":"https:\/\/neuvee.com\/pl\/wp-json\/wp\/v2\/product"}],"about":[{"href":"https:\/\/neuvee.com\/pl\/wp-json\/wp\/v2\/types\/product"}],"replies":[{"embeddable":true,"href":"https:\/\/neuvee.com\/pl\/wp-json\/wp\/v2\/comments?post=702066"}],"wp:featuredmedia":[{"embeddable":true,"href":"https:\/\/neuvee.com\/pl\/wp-json\/wp\/v2\/media\/702360"}],"wp:attachment":[{"href":"https:\/\/neuvee.com\/pl\/wp-json\/wp\/v2\/media?parent=702066"}],"wp:term":[{"taxonomy":"product_cat","embeddable":true,"href":"https:\/\/neuvee.com\/pl\/wp-json\/wp\/v2\/product_cat?post=702066"},{"taxonomy":"product_tag","embeddable":true,"href":"https:\/\/neuvee.com\/pl\/wp-json\/wp\/v2\/product_tag?post=702066"}],"curies":[{"name":"wp","href":"https:\/\/api.w.org\/{rel}","templated":true}]}}