{"id":701929,"date":"2023-12-02T11:25:52","date_gmt":"2023-12-02T11:25:52","guid":{"rendered":"https:\/\/neuvee.com\/?post_type=product&#038;p=701929"},"modified":"2025-05-19T13:56:52","modified_gmt":"2025-05-19T13:56:52","slug":"dragons-dogma-2-pre-order-3","status":"publish","type":"product","link":"https:\/\/neuvee.com\/pl\/product\/dragons-dogma-2-pre-order-3\/","title":{"rendered":"DRAGON&#8217;S DOGMA 2"},"content":{"rendered":"<p>BONUS ZA ZAKUP W PRZEDSPRZEDA\u017bY<br \/>\nBonus za zakup edycji standardowej w przedsprzeda\u017cy:<br \/>\n&#8211; Kwartet doskona\u0142ych broni<br \/>\nO TEJ GRZE<br \/>\nUwaga: dost\u0119pne s\u0105 r\u00f3wnie\u017c inne zestawy zawieraj\u0105ce ten przedmiot.<\/p>\n<p>Wyrusz na wielk\u0105 przygod\u0119, Powsta\u0142y!<\/p>\n<p>Dragon\u2019s Dogma to fabularna gra akcji i&nbsp;RPG dla pojedynczego gracza, w kt\u00f3rej gracze decyduj\u0105 o&nbsp;wszystkich aspektach rozgrywki \u2013 od wygl\u0105du ich Powsta\u0142ego, jego zawodu i&nbsp;dru\u017cyny po spos\u00f3b, w jaki podchodz\u0105 do r\u00f3\u017cnych sytuacji. Dragon&#8217;s Dogma 2 jest d\u0142ugo wyczekiwan\u0105 kontynuacj\u0119 tego tytu\u0142u, w kt\u00f3rej na odkrycie czeka bogaty \u015bwiat fantasy.<\/p>\n<p>W trakcie podr\u00f3\u017cy do\u0142\u0105cz\u0105 do Ciebie Pionki, tajemnicze nieziemskie istoty, dzi\u0119ki kt\u00f3rym poczujesz si\u0119, jakby podczas przygody towarzyszyli Ci inni gracze.<\/p>\n<p>Elementy te uzupe\u0142nia technologia fizyki, sztucznej inteligencji (SI) i&nbsp;nowoczesna grafika, dzi\u0119ki kt\u00f3rym \u015bwiat fantasy Dragon&#8217;s Dogma 2 jest nies\u0142ychanie realistyczny.<\/p>\n<p>Akcja, kt\u00f3ra rzuca wyzwanie kreatywno\u015bci<\/p>\n<p>Chwy\u0107 za miecz lub&nbsp;\u0142uk, albo&nbsp;postaw na magi\u0119.<br \/>\nDzi\u0119ki dost\u0119pno\u015bci r\u00f3\u017cnych klas w grze Dragon\u2019s Dogma 2 mo\u017cesz walczy\u0107 tak, jak chcesz.<\/p>\n<p>Towarzystwo w grze jednoosobowej<\/p>\n<p>Gracze mog\u0105 dostosowa\u0107 cechy w\u0142asnego Pionka, kt\u00f3ry zawsze b\u0119dzie towarzyszy\u0107 Powsta\u0142emu,<br \/>\na tak\u017ce zawrze\u0107 przymierze z&nbsp;nawet 2 dodatkowymi Pionkami innych graczy przez sie\u0107.<\/p>\n<p>Walka z&nbsp;potworami<\/p>\n<p>Poza murami miasta napotkasz rozmaite potwory zamieszkuj\u0105ce te ziemie.<br \/>\nSamodzielnie podejmiesz decyzj\u0119, czy ruszy\u0107 w b\u00f3j, czy poszuka\u0107 innych rozwi\u0105za\u0144.<br \/>\nWe\u017a pod uwag\u0119 sk\u0142ad swojej dru\u017cyny, ukszta\u0142towanie terenu i&nbsp;napotkane potwory.<\/p>\n<p>Mieszka\u0144cy \u015bwiata<\/p>\n<p>Podr\u00f3\u017cnicy, kupcy, \u017co\u0142nierze i&nbsp;inni mieszka\u0144cy maj\u0105 swoje codzienne obowi\u0105zki.<br \/>\nKa\u017cdy z&nbsp;nich ma swoje w\u0142asne cele i&nbsp;motywy, a&nbsp;tak\u017ce wyra\u017ca inne emocje.<br \/>\nPostacie niezale\u017cne mog\u0105 Ci\u0119 czasami doprowadzi\u0107 do zadania lub&nbsp;poprosi\u0107 o&nbsp;przys\u0142ug\u0119.<\/p>\n<p>OPIS DOTYCZ\u0104CY TRE\u015aCI DLA DOROS\u0141YCH<br \/>\nProducenci opisuj\u0105 te tre\u015bci w nast\u0119puj\u0105cy spos\u00f3b:<\/p>\n<p>Ta gra mo\u017ce zawiera\u0107 tre\u015bci nieodpowiednie dla wszystkich grup wiekowych lub&nbsp;nie nadawa\u0107 si\u0119 do ogl\u0105dania w pracy: Tre\u015bci przeznaczone dla doros\u0142ych<\/p>\n<p><\/p>","protected":false},"excerpt":{"rendered":"<p>BONUS ZA ZAKUP W PRZEDSPRZEDA\u017bY Bonus za zakup edycji standardowej w przedsprzeda\u017cy: &#8211; Kwartet doskona\u0142ych broni O TEJ GRZE Uwaga: dost\u0119pne s\u0105 r\u00f3wnie\u017c inne zestawy zawieraj\u0105ce ten przedmiot. Wyrusz na wielk\u0105 przygod\u0119, Powsta\u0142y! Dragon\u2019s Dogma to fabularna gra akcji i&nbsp;RPG dla pojedynczego gracza, w kt\u00f3rej gracze decyduj\u0105 o&nbsp;wszystkich aspektach rozgrywki \u2013 od wygl\u0105du ich Powsta\u0142ego, [&hellip;]<\/p>\n","protected":false},"featured_media":702175,"comment_status":"closed","ping_status":"closed","template":"","meta":{"ub_ctt_via":""},"product_cat":[88,89],"product_tag":[218],"class_list":["post-701929","product","type-product","status-publish","has-post-thumbnail","hentry","product_cat-action","product_cat-rpg","product_tag-games","platform-steam-works"],"_links":{"self":[{"href":"https:\/\/neuvee.com\/pl\/wp-json\/wp\/v2\/product\/701929","targetHints":{"allow":["GET"]}}],"collection":[{"href":"https:\/\/neuvee.com\/pl\/wp-json\/wp\/v2\/product"}],"about":[{"href":"https:\/\/neuvee.com\/pl\/wp-json\/wp\/v2\/types\/product"}],"replies":[{"embeddable":true,"href":"https:\/\/neuvee.com\/pl\/wp-json\/wp\/v2\/comments?post=701929"}],"wp:featuredmedia":[{"embeddable":true,"href":"https:\/\/neuvee.com\/pl\/wp-json\/wp\/v2\/media\/702175"}],"wp:attachment":[{"href":"https:\/\/neuvee.com\/pl\/wp-json\/wp\/v2\/media?parent=701929"}],"wp:term":[{"taxonomy":"product_cat","embeddable":true,"href":"https:\/\/neuvee.com\/pl\/wp-json\/wp\/v2\/product_cat?post=701929"},{"taxonomy":"product_tag","embeddable":true,"href":"https:\/\/neuvee.com\/pl\/wp-json\/wp\/v2\/product_tag?post=701929"}],"curies":[{"name":"wp","href":"https:\/\/api.w.org\/{rel}","templated":true}]}}