{"id":699902,"date":"2023-11-08T19:51:39","date_gmt":"2023-11-08T19:51:39","guid":{"rendered":"https:\/\/neuvee.com\/?post_type=product&#038;p=699902"},"modified":"2025-05-19T13:44:55","modified_gmt":"2025-05-19T13:44:55","slug":"toy-tinker-simulator-2","status":"publish","type":"product","link":"https:\/\/neuvee.com\/pl\/product\/toy-tinker-simulator-2\/","title":{"rendered":"TOY TINKER SIMULATOR"},"content":{"rendered":"<p>Naprawiaj zabawki<\/p>\n<p>&#8211; Sk\u0142adaj\/rozk\u0142adaj zabawki na cz\u0119\u015bci i&nbsp;wykonuj na nich takie czynno\u015bci jak czyszczenie, malowanie, polerowanie, okrywanie, pi\u0142owanie, ci\u0119cie, wype\u0142nianie i&nbsp;tym podobne<\/p>\n<p>&#8211; Napraw jak najwi\u0119cej zabawek, aby zyska\u0107 pieni\u0105dze i&nbsp;do\u015bwiadczenie<\/p>\n<p>&#8211; R\u00f3b zdj\u0119cia przed i&nbsp;po pracy, aby por\u00f3wna\u0107 efekty<br \/>\nUrz\u0105d\u017a swoje biuro i&nbsp;warsztat<\/p>\n<p>&#8211; Kupuj meble, dywany, dekoracje, kwiaty i&nbsp;inne obiekty i&nbsp;urz\u0105dzaj nimi swoje biuro<\/p>\n<p>&#8211; Kupuj nowe narz\u0119dzia i&nbsp;sprz\u0119t, aby zwi\u0119ksza\u0107 mo\u017cliwo\u015bci pracy i&nbsp;powi\u0119ksza\u0107 swoje portfolio<br \/>\nOtw\u00f3rz swoje muzeum zabawek<\/p>\n<p>&#8211; Kupuj i&nbsp;naprawiaj rzadkie zabawki<\/p>\n<p>&#8211; Nabywaj nowe budynki i&nbsp;przekszta\u0142caj w muzea<br \/>\nBaw si\u0119 zabawkami mistrzowskimi<\/p>\n<p>&#8211; Zdobywaj wy\u017csze poziomy do\u015bwiadczenia i&nbsp;zosta\u0144 mistrzem<\/p>\n<p>&#8211; Baw si\u0119 specjalnymi zabawkami po ich naprawie<\/p>\n<p><\/p>","protected":false},"excerpt":{"rendered":"<p>Naprawiaj zabawki &#8211; Sk\u0142adaj\/rozk\u0142adaj zabawki na cz\u0119\u015bci i&nbsp;wykonuj na nich takie czynno\u015bci jak czyszczenie, malowanie, polerowanie, okrywanie, pi\u0142owanie, ci\u0119cie, wype\u0142nianie i&nbsp;tym podobne &#8211; Napraw jak najwi\u0119cej zabawek, aby zyska\u0107 pieni\u0105dze i&nbsp;do\u015bwiadczenie &#8211; R\u00f3b zdj\u0119cia przed i&nbsp;po pracy, aby por\u00f3wna\u0107 efekty Urz\u0105d\u017a swoje biuro i&nbsp;warsztat &#8211; Kupuj meble, dywany, dekoracje, kwiaty i&nbsp;inne obiekty i&nbsp;urz\u0105dzaj nimi swoje [&hellip;]<\/p>\n","protected":false},"featured_media":700658,"comment_status":"closed","ping_status":"closed","template":"","meta":{"ub_ctt_via":""},"product_cat":[221,78],"product_tag":[218],"class_list":["post-699902","product","type-product","status-publish","has-post-thumbnail","hentry","product_cat-indie","product_cat-simulation","product_tag-games","platform-steam-works"],"_links":{"self":[{"href":"https:\/\/neuvee.com\/pl\/wp-json\/wp\/v2\/product\/699902","targetHints":{"allow":["GET"]}}],"collection":[{"href":"https:\/\/neuvee.com\/pl\/wp-json\/wp\/v2\/product"}],"about":[{"href":"https:\/\/neuvee.com\/pl\/wp-json\/wp\/v2\/types\/product"}],"replies":[{"embeddable":true,"href":"https:\/\/neuvee.com\/pl\/wp-json\/wp\/v2\/comments?post=699902"}],"wp:featuredmedia":[{"embeddable":true,"href":"https:\/\/neuvee.com\/pl\/wp-json\/wp\/v2\/media\/700658"}],"wp:attachment":[{"href":"https:\/\/neuvee.com\/pl\/wp-json\/wp\/v2\/media?parent=699902"}],"wp:term":[{"taxonomy":"product_cat","embeddable":true,"href":"https:\/\/neuvee.com\/pl\/wp-json\/wp\/v2\/product_cat?post=699902"},{"taxonomy":"product_tag","embeddable":true,"href":"https:\/\/neuvee.com\/pl\/wp-json\/wp\/v2\/product_tag?post=699902"}],"curies":[{"name":"wp","href":"https:\/\/api.w.org\/{rel}","templated":true}]}}